{"id":3643,"date":"2024-03-12T16:16:11","date_gmt":"2024-03-12T15:16:11","guid":{"rendered":"https:\/\/citationstyler.com\/warenkorb-2\/"},"modified":"2026-04-07T13:10:26","modified_gmt":"2026-04-07T11:10:26","slug":"cart","status":"publish","type":"page","link":"https:\/\/citationstyler.com\/en\/warenkorb\/","title":{"rendered":"Cart"},"content":{"rendered":"<div class=\"brz-root__container brz-reset-all brz brz-root__container-page\">\n<section id=\"7a208cb7762ed1dc1189_xvr7drqb4a7d\" class=\"brz-section brz-css-1ebpae0\">\n<div class=\"brz-section__content brz-section--boxed brz-css-1q6ay7e\" data-brz-custom-id=\"gDYN788CcXMO\">\n<div class=\"brz-container brz-css-3ctkgg\">\n<div id=\"\" class=\"brz-css-1gsf7bf brz-wrapper\">\n<div class=\"brz-rich-text brz-rich-text__custom brz-css-s4fg8y\" data-brz-custom-id=\"l_fNceFs6IDv\">\n<div data-brz-translate-text=\"1\">\n<h1 class=\"brz-fss-lg-px brz-fw-lg-700 brz-ls-lg-m_1_5 brz-lh-lg-1_2 brz-vfw-lg-400 brz-fwdth-lg-100 brz-fsft-lg-0 brz-ff-montserrat brz-ft-google brz-fs-lg-40 brz-tp-lg-heading1 brz-css-uuLdd\" data-uniq-id=\"fxOlB\" data-generated-css=\"brz-css-cCshh\"><span class=\"brz-cp-color2\">Cart<\/span><\/h1>\n<\/div>\n<\/div>\n<\/div>\n<div id=\"\" class=\"brz-css-1gsf7bf brz-wrapper\">\n<div class=\"brz-woo-pages brz-css-faxayq\" data-brz-custom-id=\"kkvomXj8WnqO\">\n<div class=\"brz-woo-page\">\n<div class=\"woocommerce\">\n<div class=\"woocommerce-notices-wrapper\"><\/div>\n<div class=\"ct-woocommerce-cart-form\">\n<table class=\"shop_table cart woocommerce-cart-form__contents\" cellspacing=\"0\">\n<thead>\n<tr>\n<th class=\"product-name\" colspan=\"2\">Product<\/th>\n<th class=\"product-quantity\">Quantity<\/th>\n<th class=\"product-subtotal\">Subtotal<\/th>\n<th class=\"product-remove\">&nbsp;<\/th>\n<\/tr>\n<\/thead>\n<tbody>\n<tr class=\"woocommerce-cart-form__cart-item cart_item\">\n<td class=\"product-thumbnail\">\n\t\t\t\t\t\t\t<a class=\"ct-media-container\" href=\"https:\/\/citationstyler.com\/en\/styles\/citation-style-fom-hochschule-university-of-applied-sciences\/\"><img decoding=\"async\" width=\"512\" height=\"512\" src=\"https:\/\/citationstyler.com\/wp-content\/uploads\/2024\/06\/FOM-hochschule.png\" class=\"attachment-woocommerce_thumbnail size-woocommerce_thumbnail wp-post-image\" alt=\"FOM Hochschule f\u00fcr Oekonomie &amp; Management\" \/><\/a>\t\t\t\t\t\t<\/td>\n<td class=\"product-name\" data-title=\"Product\">\n\t\t\t\t\t\t\t<a href=\"https:\/\/citationstyler.com\/en\/styles\/citation-style-fom-hochschule-university-of-applied-sciences\/\">FOM Hochschule citation style<\/a>\t\t\t\t\t\t\t<\/p>\n<p class=\"price ct-hidden-sm ct-hidden-md\">\n\t\t\t\t\t\t\t\t<span class=\"woocommerce-Price-amount amount\">39,99&nbsp;<span class=\"woocommerce-Price-currencySymbol\">&euro;<\/span><\/span>\t\t\t\t\t\t\t<\/p>\n<div class=\"product-mobile-actions ct-hidden-lg product-remove\">\n<div class=\"quantity\" data-type=\"type-2\">\n\t<span class=\"ct-increase\"><\/span><span class=\"ct-decrease\"><\/span>\t<label class=\"screen-reader-text\" for=\"quantity_68172c51426f9\">Zitierstil FOM Hochschule quantity<\/label><\/p><\/div>\n<p>\t\t\t\t\t\t\t\t<span class=\"ct-product-multiply-symbol\">\u00d7<\/span><\/p>\n<p>\t\t\t\t\t\t\t\t<span class=\"woocommerce-Price-amount amount\">39,99&nbsp;<span class=\"woocommerce-Price-currencySymbol\">&euro;<\/span><\/span><br \/>\n\t\t\t\t\t\t\t\t<a href=\"https:\/\/citationstyler.com\/en\/cart\/?remove_item=2c27a260f16ad3098393cc529f391f4a&#038;_wpnonce=d5be69fdc3\" class=\"remove\" aria-label=\"Remove Zitierstil FOM Hochschule from cart\" data-product_id=\"5006\" data-product_sku=\"\"><\/p>\n<p>\t\t\t\t\t\t\t\t\t\t\t<\/a>\t\t\t\t\t\t\t<\/div>\n<\/td>\n<td class=\"product-quantity\" data-title=\"Quantity\">\n<div class=\"quantity\" data-type=\"type-2\">\n\t<span class=\"ct-increase\"><\/span><span class=\"ct-decrease\"><\/span>\t<label class=\"screen-reader-text\" for=\"quantity_68172c5142a70\">Zitierstil FOM Hochschule quantity<\/label><\/p><\/div>\n<\/td>\n<td class=\"product-subtotal\" data-title=\"Subtotal\">\n\t\t\t\t\t\t\t<span class=\"woocommerce-Price-amount amount\">79,98&nbsp;<span class=\"woocommerce-Price-currencySymbol\">&euro;<\/span><\/span>\t\t\t\t\t\t<\/td>\n<td class=\"product-remove\" data-title=\"Remove product\">\n\t\t\t\t\t\t\t<a href=\"https:\/\/citationstyler.com\/en\/cart\/?remove_item=2c27a260f16ad3098393cc529f391f4a&#038;_wpnonce=d5be69fdc3\" class=\"remove\" aria-label=\"Remove Zitierstil FOM Hochschule from cart\" data-product_id=\"5006\" data-product_sku=\"\"><\/p>\n<p>\t\t\t\t\t\t\t\t\t\t<\/a>\t\t\t\t\t\t<\/td>\n<\/tr>\n<tr class=\"woocommerce-cart-form__cart-item cart_item\">\n<td class=\"product-thumbnail\">\n\t\t\t\t\t\t\t<a class=\"ct-media-container\" href=\"https:\/\/citationstyler.com\/en\/styles\/zitierstil-hochschule-fuer-angewandte-wissenschaften-hamburg-fakultaet-wirtschaft-und-soziales-department-soziale-arbeit\/\"><img decoding=\"async\" width=\"376\" height=\"376\" src=\"https:\/\/citationstyler.com\/wp-content\/uploads\/2023\/05\/haw-logo.png\" class=\"attachment-woocommerce_thumbnail size-woocommerce_thumbnail wp-post-image\" alt=\"HAW Hamburg Logo\" \/><\/a>\t\t\t\t\t\t<\/td>\n<td class=\"product-name\" data-title=\"Product\">\n\t\t\t\t\t\t\t<a href=\"https:\/\/citationstyler.com\/en\/styles\/zitierstil-hochschule-fuer-angewandte-wissenschaften-hamburg-fakultaet-wirtschaft-und-soziales-department-soziale-arbeit\/\">Citation style Hamburg University of Applied Sciences - Faculty of Business and Social Affairs - Department of Social Work<\/a>\t\t\t\t\t\t\t<\/p>\n<p class=\"price ct-hidden-sm ct-hidden-md\">\n\t\t\t\t\t\t\t\t<span class=\"woocommerce-Price-amount amount\">39,99&nbsp;<span class=\"woocommerce-Price-currencySymbol\">&euro;<\/span><\/span>\t\t\t\t\t\t\t<\/p>\n<div class=\"product-mobile-actions ct-hidden-lg product-remove\">\n<div class=\"quantity\" data-type=\"type-2\">\n\t<span class=\"ct-increase\"><\/span><span class=\"ct-decrease\"><\/span>\t<label class=\"screen-reader-text\" for=\"quantity_68172c51432ab\">Zitierstil Hochschule f\u00fcr Angewandte Wissenschaften Hamburg &#8211; Fakult\u00e4t Wirtschaft und Soziales &#8211; Department Soziale Arbeit quantity<\/label><\/p><\/div>\n<p>\t\t\t\t\t\t\t\t<span class=\"ct-product-multiply-symbol\">\u00d7<\/span><\/p>\n<p>\t\t\t\t\t\t\t\t<span class=\"woocommerce-Price-amount amount\">39,99&nbsp;<span class=\"woocommerce-Price-currencySymbol\">&euro;<\/span><\/span><br \/>\n\t\t\t\t\t\t\t\t<a href=\"https:\/\/citationstyler.com\/en\/cart\/?remove_item=083c0f60735f1a0780b49d66523427ed&#038;_wpnonce=d5be69fdc3\" class=\"remove\" aria-label=\"Remove Zitierstil Hochschule f\u00fcr Angewandte Wissenschaften Hamburg - Fakult\u00e4t Wirtschaft und Soziales - Department Soziale Arbeit from cart\" data-product_id=\"12397\" data-product_sku=\"\"><\/p>\n<p>\t\t\t\t\t\t\t\t\t\t\t<\/a>\t\t\t\t\t\t\t<\/div>\n<\/td>\n<td class=\"product-quantity\" data-title=\"Quantity\">\n<div class=\"quantity\" data-type=\"type-2\">\n\t<span class=\"ct-increase\"><\/span><span class=\"ct-decrease\"><\/span>\t<label class=\"screen-reader-text\" for=\"quantity_68172c5143502\">Zitierstil Hochschule f\u00fcr Angewandte Wissenschaften Hamburg &#8211; Fakult\u00e4t Wirtschaft und Soziales &#8211; Department Soziale Arbeit quantity<\/label><\/p><\/div>\n<\/td>\n<td class=\"product-subtotal\" data-title=\"Subtotal\">\n\t\t\t\t\t\t\t<span class=\"woocommerce-Price-amount amount\">39,99&nbsp;<span class=\"woocommerce-Price-currencySymbol\">&euro;<\/span><\/span>\t\t\t\t\t\t<\/td>\n<td class=\"product-remove\" data-title=\"Remove product\">\n\t\t\t\t\t\t\t<a href=\"https:\/\/citationstyler.com\/en\/cart\/?remove_item=083c0f60735f1a0780b49d66523427ed&#038;_wpnonce=d5be69fdc3\" class=\"remove\" aria-label=\"Remove Zitierstil Hochschule f\u00fcr Angewandte Wissenschaften Hamburg - Fakult\u00e4t Wirtschaft und Soziales - Department Soziale Arbeit from cart\" data-product_id=\"12397\" data-product_sku=\"\"><\/p>\n<p>\t\t\t\t\t\t\t\t\t\t<\/a>\t\t\t\t\t\t<\/td>\n<\/tr>\n<tr>\n<td colspan=\"6\" class=\"actions\">\n<div class=\"coupon\">\n\t\t\t\t\t\t\t<label for=\"coupon_code\" class=\"screen-reader-text\">Coupon:<\/label>  <button type=\"submit\" class=\"button\" name=\"apply_coupon\" value=\"Apply coupon\">Apply coupon<\/button>\n\t\t\t\t\t\t\t\t\t\t\t\t\t<\/div>\n<p>\t\t\t\t\t<button type=\"submit\" class=\"button\" name=\"update_cart\" value=\"Update cart\">Update cart<\/button><\/p>\n<\/td>\n<\/tr>\n<\/tbody>\n<\/table>\n<div class=\"cart_totals\">\n<h2>Basket totals<\/h2>\n<table cellspacing=\"0\" class=\"shop_table shop_table_responsive\">\n<tr class=\"cart-subtotal\">\n<th>Subtotal<\/th>\n<td data-title=\"Subtotal\"><span class=\"woocommerce-Price-amount amount\">119,97&nbsp;<span class=\"woocommerce-Price-currencySymbol\">&euro;<\/span><\/span><\/td>\n<\/tr>\n<tr class=\"order-total\">\n<th>Total<\/th>\n<td data-title=\"Total\"><strong><span class=\"woocommerce-Price-amount amount\">119,97&nbsp;<span class=\"woocommerce-Price-currencySymbol\">&euro;<\/span><\/span><\/strong> <small class=\"includes_tax\">(includes <span class=\"woocommerce-Price-amount amount\">19,15&nbsp;<span class=\"woocommerce-Price-currencySymbol\">&euro;<\/span><\/span> VAT)<\/small><\/td>\n<\/tr>\n<\/table>\n<div class=\"wc-proceed-to-checkout\">\n<p><a href=\"https:\/\/citationstyler.com\/en\/checkout\/\" class=\"checkout-button button alt wc-forward\"><br \/>\n\tProceed to checkout<\/a>\n\t<\/div>\n<\/div>\n<\/div>\n<\/div>\n<\/div>\n<\/div>\n<\/div>\n<\/div>\n<\/div>\n<\/section>\n<\/div>\n<p>    <!-- version:1746349137 --><\/p>","protected":false},"excerpt":{"rendered":"<p>Warenkorb Product Quantity Subtotal &nbsp; Zitierstil FOM Hochschule 39,99&nbsp;&euro; Zitierstil FOM Hochschule quantity \u00d7 39,99&nbsp;&euro; Zitierstil FOM Hochschule quantity 79,98&nbsp;&euro; Zitierstil Hochschule f\u00fcr Angewandte Wissenschaften Hamburg &#8211; Fakult\u00e4t Wirtschaft und Soziales &#8211; Department Soziale Arbeit 39,99&nbsp;&euro; Zitierstil Hochschule f\u00fcr Angewandte Wissenschaften Hamburg &#8211; Fakult\u00e4t Wirtschaft und Soziales &#8211; Department Soziale Arbeit quantity \u00d7 39,99&nbsp;&euro; Zitierstil [&hellip;]<\/p>\n","protected":false},"author":1,"featured_media":0,"parent":0,"menu_order":0,"comment_status":"closed","ping_status":"closed","template":"brizy-blank-template.php","meta":{"footnotes":""},"class_list":["post-3643","page","type-page","status-publish","hentry"],"blocksy_meta":[],"brizy_media":[],"_links":{"self":[{"href":"https:\/\/citationstyler.com\/en\/wp-json\/wp\/v2\/pages\/3643","targetHints":{"allow":["GET"]}}],"collection":[{"href":"https:\/\/citationstyler.com\/en\/wp-json\/wp\/v2\/pages"}],"about":[{"href":"https:\/\/citationstyler.com\/en\/wp-json\/wp\/v2\/types\/page"}],"author":[{"embeddable":true,"href":"https:\/\/citationstyler.com\/en\/wp-json\/wp\/v2\/users\/1"}],"replies":[{"embeddable":true,"href":"https:\/\/citationstyler.com\/en\/wp-json\/wp\/v2\/comments?post=3643"}],"version-history":[{"count":0,"href":"https:\/\/citationstyler.com\/en\/wp-json\/wp\/v2\/pages\/3643\/revisions"}],"wp:attachment":[{"href":"https:\/\/citationstyler.com\/en\/wp-json\/wp\/v2\/media?parent=3643"}],"curies":[{"name":"wp","href":"https:\/\/api.w.org\/{rel}","templated":true}]}}