{"id":3646,"date":"2024-03-13T11:06:07","date_gmt":"2024-03-13T10:06:07","guid":{"rendered":"https:\/\/citationstyler.com\/?page_id=3646"},"modified":"2026-04-07T13:20:23","modified_gmt":"2026-04-07T11:20:23","slug":"refund_returns","status":"publish","type":"page","link":"https:\/\/citationstyler.com\/en\/rueckerstattung_rueckgaben\/","title":{"rendered":"Refund and Return Policy"},"content":{"rendered":"<div class=\"brz-root__container brz-reset-all brz brz-root__container-page\">\n<section id=\"_zvuzAILPJyia\" class=\"brz-section brz-css-lr29i0\">\n<div class=\"brz-section__content brz-section--boxed brz-css-e3erzr\" data-brz-custom-id=\"irk1GFL1lI4J\">\n<div class=\"brz-container brz-css-16aalet\">\n<div id=\"\" class=\"brz-css-1r15mhe brz-wrapper\">\n<div class=\"brz-rich-text brz-rich-text__custom brz-css-14y1w50\" data-brz-custom-id=\"cDKeriWHDDwi\">\n<div data-brz-translate-text=\"1\">\n<h1 data-uniq-id=\"xhUrF\" data-generated-css=\"brz-css-yZd7R\" class=\"brz-tp-lg-heading1 brz-css-rLmFb\"><strong class=\"brz-cp-color2\">Refund and Return Policy<\/strong><\/h1>\n<\/div>\n<\/div>\n<\/div>\n<div id=\"\" class=\"brz-css-1r15mhe brz-wrapper\">\n<div class=\"brz-rich-text brz-rich-text__custom brz-css-14y1w50\" data-brz-custom-id=\"cBodFq9BuVfq\">\n<div data-brz-translate-text=\"1\">\n<p class=\"brz-tp-lg-paragraph brz-css-ac6MZ\" data-generated-css=\"brz-css-dfrIA\" data-uniq-id=\"xc_Fk\"><span class=\"brz-cp-color2\">Zuletzt aktualisiert: 13\/03\/2024<\/span><\/p>\n<p class=\"brz-tp-lg-paragraph brz-css-hm0iU\" data-generated-css=\"brz-css-uk7M8\" data-uniq-id=\"l72g2\"><\/p>\n<p class=\"brz-tp-lg-paragraph brz-css-m6kUI\" data-generated-css=\"brz-css-hJHvf\" data-uniq-id=\"xtOeM\"><span class=\"brz-cp-color2\">Thank you for shopping at citationstyler.com.<\/span><\/p>\n<p class=\"brz-tp-lg-paragraph brz-css-f7FVX\" data-generated-css=\"brz-css-qdBS_\" data-uniq-id=\"j40gF\"><span class=\"brz-cp-color2\">If for any reason you are not satisfied with your purchase, please read our return and refund policy.<\/span><\/p>\n<p class=\"brz-tp-lg-paragraph brz-css-wV0hA\" data-generated-css=\"brz-css-hJUXf\" data-uniq-id=\"oYdde\"><\/p>\n<h2 class=\"brz-fsft-lg-0 brz-fwdth-lg-100 brz-vfw-lg-400 brz-lh-lg-1_3 brz-ls-lg-m_1_5 brz-fw-lg-500 brz-fss-lg-px brz-fs-lg-26 brz-ft-google brz-ff-montserrat brz-tp-lg-empty brz-css-udUul\" data-generated-css=\"brz-css-asLUF\" data-uniq-id=\"rBTPy\"><span class=\"brz-cp-color2\">Returns<\/span><\/h2>\n<p class=\"brz-tp-lg-paragraph brz-css-wdb4y\" data-generated-css=\"brz-css-qQZQV\" data-uniq-id=\"a9wIP\"><\/p>\n<p class=\"brz-tp-lg-paragraph brz-css-eR_hL\" data-generated-css=\"brz-css-xYUCr\" data-uniq-id=\"ykAB0\"><span class=\"brz-cp-color2\">Software downloads and online subscriptions are excluded from return and therefore cannot be refunded.<\/span><\/p>\n<p class=\"brz-tp-lg-paragraph brz-css-aPJ4T\" data-generated-css=\"brz-css-avndx\" data-uniq-id=\"rUWNQ\"><\/p>\n<h2 class=\"brz-fsft-lg-0 brz-fwdth-lg-100 brz-vfw-lg-400 brz-lh-lg-1_3 brz-ls-lg-m_1_5 brz-fw-lg-500 brz-fss-lg-px brz-fs-lg-26 brz-ft-google brz-ff-montserrat brz-tp-lg-empty brz-css-tyWyP\" data-generated-css=\"brz-css-t39U9\" data-uniq-id=\"lyRPU\"><span class=\"brz-cp-color2\">ask me<\/span><\/h2>\n<p class=\"brz-tp-lg-paragraph brz-css-skOm4\" data-generated-css=\"brz-css-hbEDO\" data-uniq-id=\"cJWmW\"><\/p>\n<p class=\"brz-tp-lg-paragraph brz-css-bXl7V\" data-generated-css=\"brz-css-owt50\" data-uniq-id=\"gUnsf\"><span class=\"brz-cp-color2\">If you have any questions about our return policy, please contact us using the following <\/span><a class=\"link--page brz-cp-color1\" href=\"\" data-brz-link-type=\"page\">request form<\/a><span class=\"brz-cp-color2\">.<\/span><\/p>\n<\/div>\n<\/div>\n<\/div>\n<\/div>\n<\/div>\n<\/section>\n<\/div>\n<p>    <!-- version:1737131674 --><\/p>","protected":false},"excerpt":{"rendered":"<p>Richtlinie f\u00fcr R\u00fcckerstattungen und R\u00fcckgaben Zuletzt aktualisiert: 13\/03\/2024 Vielen Dank f\u00fcr Ihren Einkauf bei citationstyler.com. Sollten Sie aus irgendeinem Grund mit Ihrem Einkauf nicht zufrieden sein, lesen Sie bitte unsere R\u00fcckgabe- und Erstattungsbedingungen. R\u00fccksendungen Software-Downloads und Online-Abonnements sind von der R\u00fcckgabe ausgeschlossen und k\u00f6nnen daher nicht erstattet werden. Fragen Wenn Sie Fragen zu unserem R\u00fcckgaberecht [&hellip;]<\/p>\n","protected":false},"author":1,"featured_media":0,"parent":0,"menu_order":0,"comment_status":"closed","ping_status":"closed","template":"brizy-blank-template.php","meta":{"footnotes":""},"class_list":["post-3646","page","type-page","status-publish","hentry"],"blocksy_meta":[],"brizy_media":[],"_links":{"self":[{"href":"https:\/\/citationstyler.com\/en\/wp-json\/wp\/v2\/pages\/3646","targetHints":{"allow":["GET"]}}],"collection":[{"href":"https:\/\/citationstyler.com\/en\/wp-json\/wp\/v2\/pages"}],"about":[{"href":"https:\/\/citationstyler.com\/en\/wp-json\/wp\/v2\/types\/page"}],"author":[{"embeddable":true,"href":"https:\/\/citationstyler.com\/en\/wp-json\/wp\/v2\/users\/1"}],"replies":[{"embeddable":true,"href":"https:\/\/citationstyler.com\/en\/wp-json\/wp\/v2\/comments?post=3646"}],"version-history":[{"count":0,"href":"https:\/\/citationstyler.com\/en\/wp-json\/wp\/v2\/pages\/3646\/revisions"}],"wp:attachment":[{"href":"https:\/\/citationstyler.com\/en\/wp-json\/wp\/v2\/media?parent=3646"}],"curies":[{"name":"wp","href":"https:\/\/api.w.org\/{rel}","templated":true}]}}