{"id":4405,"date":"2024-05-10T16:06:29","date_gmt":"2024-05-10T14:06:29","guid":{"rendered":"https:\/\/citationstyler.com\/?page_id=4405"},"modified":"2026-04-07T12:38:18","modified_gmt":"2026-04-07T10:38:18","slug":"csl-citation-styles-for-the-fom-university-of-applied-sciences","status":"publish","type":"page","link":"https:\/\/citationstyler.com\/en\/csl-zitierstile-fuer-die-fom-hochschule-fuer-zotero\/","title":{"rendered":"\u00dcbersicht: CSL Zitierstile f\u00fcr die FOM Hochschule f\u00fcr Zotero"},"content":{"rendered":"<div class=\"brz-root__container brz-reset-all brz brz-root__container-page\">\n<section id=\"f6efae79bf4445255870_a1bAbul4kZDk\" class=\"brz-section brz-css-17kt52b\">\n<div class=\"brz-section__content brz-section--boxed brz-css-11gig51 brz-css-1nk74j2\" data-brz-custom-id=\"o_EiLBuuxwa4\">\n<div class=\"brz-container brz-css-1m1xwat\">\n<div class=\"brz-row__container brz-css-1cw8jd3\" data-brz-custom-id=\"jofpscmP8TT5\">\n<div class=\"brz-bg\"><\/div>\n<div class=\"brz-row brz-css-1mq45mm\">\n<div class=\"brz-columns brz-css-8emfjy brz-css-1plrg5i\" data-brz-custom-id=\"zFI_YshfwN2I\">\n<div class=\"brz-bg\"><\/div>\n<div class=\"brz-column__items brz-css-18ihune\">\n<div id=\"\" class=\"brz-css-j6ae88 brz-wrapper\">\n<div class=\"brz-rich-text brz-rich-text__custom brz-css-v2ixli\" data-brz-custom-id=\"dsEQlJ9ISbXK\">\n<div data-brz-translate-text=\"1\">\n<h1 class=\"brz-tp-lg-heading1 brz-text-lg-left brz-css-rT0WF\" data-uniq-id=\"dYHiw\" data-generated-css=\"brz-css-hB4v9\"><strong>Citing at the FOM University made easy<\/strong><\/h1>\n<\/div>\n<\/div>\n<\/div>\n<\/div>\n<\/div>\n<\/div>\n<\/div>\n<div class=\"brz-row__container brz-css-1cw8jd3\" data-brz-custom-id=\"dzg_0wAMUZGR\">\n<div class=\"brz-bg\"><\/div>\n<div class=\"brz-row brz-css-1mq45mm brz-css-83ow1k\">\n<div class=\"brz-columns brz-css-8emfjy brz-css-ll1nep\" data-brz-custom-id=\"d59IPuIMCunj\">\n<div class=\"brz-bg\"><\/div>\n<div class=\"brz-column__items brz-css-18ihune brz-css-e5rg0o\">\n<div id=\"\" class=\"brz-css-j6ae88 brz-wrapper\">\n<div class=\"brz-rich-text brz-rich-text__custom brz-css-v2ixli\" data-brz-custom-id=\"eSHoqcq0r4Es\">\n<div data-brz-translate-text=\"1\">\n<p class=\"brz-tp-lg-empty brz-ff-lato brz-ft-google brz-fs-lg-21 brz-fss-lg-px brz-fw-lg-400 brz-ls-lg-0 brz-lh-lg-1_3 brz-vfw-lg-400 brz-fwdth-lg-100 brz-fsft-lg-0 brz-css-pD8Ke\" data-generated-css=\"brz-css-xgYdp\" data-uniq-id=\"oTU3q\">Hier findest du die Zitierstile\/Zitierweisen f\u00fcr die FOM Hochschule. Ich biete ich mittlerweile 5 Stile an.<\/p>\n<p class=\"brz-tp-lg-empty brz-ff-lato brz-ft-google brz-fs-lg-21 brz-fss-lg-px brz-fw-lg-400 brz-ls-lg-0 brz-lh-lg-1_3 brz-vfw-lg-400 brz-fwdth-lg-100 brz-fsft-lg-0 brz-css-wEcDE\" data-uniq-id=\"xugp9\" data-generated-css=\"brz-css-yEWCQ\"><\/p>\n<p class=\"brz-tp-lg-empty brz-ff-lato brz-ft-google brz-fs-lg-21 brz-fss-lg-px brz-fw-lg-400 brz-ls-lg-0 brz-lh-lg-1_3 brz-vfw-lg-400 brz-fwdth-lg-100 brz-fsft-lg-0 brz-css-d_Per\" data-uniq-id=\"eGBM2\" data-generated-css=\"brz-css-osL4P\">Details can be found on the respective product pages, but if you have any questions you can <a class=\"link--page brz-cp-color1\" href=\"https:\/\/citationstyler.com\/en\/contact\/\" data-brz-link-type=\"page\">contact me<\/a>.<\/p>\n<p class=\"brz-tp-lg-empty brz-ff-lato brz-ft-google brz-fs-lg-21 brz-fss-lg-px brz-fw-lg-400 brz-ls-lg-0 brz-lh-lg-1_3 brz-vfw-lg-400 brz-fwdth-lg-100 brz-fsft-lg-0 brz-css-aBL4z\" data-uniq-id=\"cjwxG\" data-generated-css=\"brz-css-jhf5n\"><\/p>\n<p class=\"brz-tp-lg-empty brz-ff-lato brz-ft-google brz-fs-lg-21 brz-fss-lg-px brz-fw-lg-400 brz-ls-lg-0 brz-lh-lg-1_3 brz-vfw-lg-400 brz-fwdth-lg-100 brz-fsft-lg-0 brz-css-aldpO\" data-uniq-id=\"l0HSf\" data-generated-css=\"brz-css-uyf6r\">Einen hilfreichen Leitfaden  habe ich mittlerweile auch erstellt: <a class=\"brz-cp-color1 link--page\" href=\"https:\/\/citationstyler.com\/en\/knowledge\/literature-research-and-citing-at-the-fom-hochschule\/\" data-brz-link-type=\"page\"><strong>Literature research and correct citation with Zotero at the FOM University<\/strong><\/a><\/p>\n<p class=\"brz-tp-lg-empty brz-ff-lato brz-ft-google brz-fs-lg-21 brz-fss-lg-px brz-fw-lg-400 brz-ls-lg-0 brz-lh-lg-1_3 brz-vfw-lg-400 brz-fwdth-lg-100 brz-fsft-lg-0 brz-css-lps6F\" data-uniq-id=\"dbXrR\" data-generated-css=\"brz-css-zi6aC\"><\/p>\n<p class=\"brz-tp-lg-empty brz-ff-lato brz-ft-google brz-fs-lg-21 brz-fss-lg-px brz-fw-lg-400 brz-ls-lg-0 brz-lh-lg-1_3 brz-vfw-lg-400 brz-fwdth-lg-100 brz-fsft-lg-0 brz-css-gY4gz\" data-uniq-id=\"rTat9\" data-generated-css=\"brz-css-rnmO5\"><span class=\"brz-cp-color2 brz-span\">H\u00e4ufig gestellte Fragen zur generellen Nutzung, Zahlung etc. sind auch in meiner <\/span><a class=\"brz-cp-color1 link--page\" href=\"https:\/\/citationstyler.com\/en\/faq\/\" data-brz-link-type=\"page\"><strong><u>FAQ<\/u><\/strong><\/a><span class=\"brz-cp-color2 brz-span\"> .<\/span><\/p>\n<\/div>\n<\/div>\n<\/div>\n<\/div>\n<\/div>\n<\/div>\n<\/div>\n<\/div>\n<\/div>\n<\/section>\n<section id=\"7ff1e1b1caed8ead3923_mLkq1watCE2C\" class=\"brz-section brz-css-17kt52b\">\n<div class=\"brz-section__content brz-section--boxed brz-css-11gig51 brz-css-1x7plwb\" data-brz-custom-id=\"iUKDxMj3qO0F\">\n<div class=\"brz-container brz-css-1m1xwat\">\n<div id=\"\" class=\"brz-css-j6ae88 brz-css-1mdtfid brz-wrapper\">\n<div class=\"brz-posts brz-css-19pbpyr brz-css-1g22814\" data-brz-custom-id=\"ejKf9Heq7Mn6\">\n<div class=\"brz-posts__wrapper\">\n<div class=\"brz-posts__item\">\n<div class=\"brz-columns brz-css-8emfjy brz-css-1dtlydp brz-css-19jcx7w\" data-brz-custom-id=\"hKSHzceIJ7dq\">\n<div class=\"brz-bg\"><\/div>\n<div class=\"brz-column__items brz-css-18ihune brz-css-cvpjug\">\n<div id=\"\" class=\"brz-css-j6ae88 brz-wrapper\">\n<div class=\"brz-image brz-css-1nogk4j\" data-brz-custom-id=\"rlfHEo4KQlee\"><img decoding=\"async\" class=\"brz-img\" src=\"https:\/\/citationstyler.com\/wp-content\/uploads\/brizy\/imgs\/FOM-hochschule-338x338x0x42x338x254x1730801049.png\" alt=\"FOM Hochschule f\u00fcr Oekonomie &amp; Management\" loading=\"lazy\"><\/div>\n<\/div>\n<div id=\"\" class=\"brz-css-j6ae88 brz-wrapper\">\n<div class=\"brz-wp-title brz-css-1il6052 brz-css-fvemxe\" data-brz-custom-id=\"sNb0aEhqyHMA\"><span class=\"brz-wp-title-content\">FOM Hochschule citation style<\/span><\/div>\n<\/div>\n<div id=\"\" class=\"brz-css-j6ae88 brz-wrapper\">\n<div class=\"brz-woo-price brz-css-1fbb4ao brz-css-hozvwc\" data-brz-custom-id=\"qe2_8GVCqOaL\">\n<div>\n<p class=\"price\"><span class=\"woocommerce-Price-amount amount\">39,99&nbsp;<span class=\"woocommerce-Price-currencySymbol\">&euro;<\/span><\/span> <small class=\"woocommerce-price-suffix\">\u00a0(incl. VAT)<\/small><\/p>\n<\/div>\n<\/div>\n<\/div>\n<div class=\"brz-wrapper-clone brz-css-18lrg20 brz-css-whhp7g\">\n<div class=\"brz-d-xs-flex brz-flex-xs-wrap brz-css-1y84bte\" data-brz-custom-id=\"\">\n<div class=\"brz-wrapper-clone__item\" id=\"ru3BMEVIJaO_\"><a class=\"brz-a brz-btn brz-css-1rbofmr brz-css-7o1uhe brz-css-15okajt\" href=\"https:\/\/citationstyler.com\/en\/styles\/citation-style-fom-hochschule-university-of-applied-sciences\/\" target=\"_self\" rel=\"noopener\" data-brz-link-type=\"external\" data-brz-custom-id=\"ru3BMEVIJaO_\"><span data-brz-translate-text=\"1\" class=\"brz-span brz-text__editor\">See more<\/span><\/a><\/div>\n<\/div>\n<\/div>\n<\/div>\n<\/div>\n<\/div>\n<div class=\"brz-posts__item\">\n<div class=\"brz-columns brz-css-8emfjy brz-css-1dtlydp brz-css-19jcx7w\" data-brz-custom-id=\"hKSHzceIJ7dq\">\n<div class=\"brz-bg\"><\/div>\n<div class=\"brz-column__items brz-css-18ihune brz-css-cvpjug\">\n<div id=\"\" class=\"brz-css-j6ae88 brz-wrapper\">\n<div class=\"brz-image brz-css-1nogk4j\" data-brz-custom-id=\"rlfHEo4KQlee\"><img decoding=\"async\" class=\"brz-img\" src=\"https:\/\/citationstyler.com\/wp-content\/uploads\/brizy\/imgs\/FOM-Fachhochschule-Muenchen-IT-Management-338x338x0x42x338x254x1730801046.png\" alt=\"FOM Hochschule IT Management\" loading=\"lazy\"><\/div>\n<\/div>\n<div id=\"\" class=\"brz-css-j6ae88 brz-wrapper\">\n<div class=\"brz-wp-title brz-css-1il6052 brz-css-fvemxe\" data-brz-custom-id=\"sNb0aEhqyHMA\"><span class=\"brz-wp-title-content\">Zitierstil FOM Hochschule &#8211; Dekanat ING &#038; IT Management<\/span><\/div>\n<\/div>\n<div id=\"\" class=\"brz-css-j6ae88 brz-wrapper\">\n<div class=\"brz-woo-price brz-css-1fbb4ao brz-css-hozvwc\" data-brz-custom-id=\"qe2_8GVCqOaL\">\n<div>\n<p class=\"price\"><span class=\"woocommerce-Price-amount amount\">39,99&nbsp;<span class=\"woocommerce-Price-currencySymbol\">&euro;<\/span><\/span> <small class=\"woocommerce-price-suffix\">\u00a0(incl. VAT)<\/small><\/p>\n<\/div>\n<\/div>\n<\/div>\n<div class=\"brz-wrapper-clone brz-css-18lrg20 brz-css-whhp7g\">\n<div class=\"brz-d-xs-flex brz-flex-xs-wrap brz-css-1y84bte\" data-brz-custom-id=\"\">\n<div class=\"brz-wrapper-clone__item\" id=\"ru3BMEVIJaO_\"><a class=\"brz-a brz-btn brz-css-1rbofmr brz-css-7o1uhe brz-css-15okajt\" href=\"https:\/\/citationstyler.com\/en\/styles\/citation-style-fom-hochschule-dekanat-ing-it-management\/\" target=\"_self\" rel=\"noopener\" data-brz-link-type=\"external\" data-brz-custom-id=\"ru3BMEVIJaO_\"><span data-brz-translate-text=\"1\" class=\"brz-span brz-text__editor\">See more<\/span><\/a><\/div>\n<\/div>\n<\/div>\n<\/div>\n<\/div>\n<\/div>\n<div class=\"brz-posts__item\">\n<div class=\"brz-columns brz-css-8emfjy brz-css-1dtlydp brz-css-19jcx7w\" data-brz-custom-id=\"hKSHzceIJ7dq\">\n<div class=\"brz-bg\"><\/div>\n<div class=\"brz-column__items brz-css-18ihune brz-css-cvpjug\">\n<div id=\"\" class=\"brz-css-j6ae88 brz-wrapper\">\n<div class=\"brz-image brz-css-1nogk4j\" data-brz-custom-id=\"rlfHEo4KQlee\"><img decoding=\"async\" class=\"brz-img\" src=\"https:\/\/citationstyler.com\/wp-content\/uploads\/brizy\/imgs\/FOF-Fachhochschule-Muenchen-Witschaftspsychologie-338x338x0x42x338x254x1730801045.png\" alt=\"FOM Hochschule - Witschaftspsychologie\" loading=\"lazy\"><\/div>\n<\/div>\n<div id=\"\" class=\"brz-css-j6ae88 brz-wrapper\">\n<div class=\"brz-wp-title brz-css-1il6052 brz-css-fvemxe\" data-brz-custom-id=\"sNb0aEhqyHMA\"><span class=\"brz-wp-title-content\">Citation style FOM Hochschule \u2013 Wirtschaftspsychologie<\/span><\/div>\n<\/div>\n<div id=\"\" class=\"brz-css-j6ae88 brz-wrapper\">\n<div class=\"brz-woo-price brz-css-1fbb4ao brz-css-hozvwc\" data-brz-custom-id=\"qe2_8GVCqOaL\">\n<div>\n<p class=\"price\"><span class=\"woocommerce-Price-amount amount\">39,99&nbsp;<span class=\"woocommerce-Price-currencySymbol\">&euro;<\/span><\/span> <small class=\"woocommerce-price-suffix\">\u00a0(incl. VAT)<\/small><\/p>\n<\/div>\n<\/div>\n<\/div>\n<div class=\"brz-wrapper-clone brz-css-18lrg20 brz-css-whhp7g\">\n<div class=\"brz-d-xs-flex brz-flex-xs-wrap brz-css-1y84bte\" data-brz-custom-id=\"\">\n<div class=\"brz-wrapper-clone__item\" id=\"ru3BMEVIJaO_\"><a class=\"brz-a brz-btn brz-css-1rbofmr brz-css-7o1uhe brz-css-15okajt\" href=\"https:\/\/citationstyler.com\/en\/styles\/citation-style-fom-hochschule-wirtschaftspsychologie\/\" target=\"_self\" rel=\"noopener\" data-brz-link-type=\"external\" data-brz-custom-id=\"ru3BMEVIJaO_\"><span data-brz-translate-text=\"1\" class=\"brz-span brz-text__editor\">See more<\/span><\/a><\/div>\n<\/div>\n<\/div>\n<\/div>\n<\/div>\n<\/div>\n<div class=\"brz-posts__item\">\n<div class=\"brz-columns brz-css-8emfjy brz-css-1dtlydp brz-css-19jcx7w\" data-brz-custom-id=\"hKSHzceIJ7dq\">\n<div class=\"brz-bg\"><\/div>\n<div class=\"brz-column__items brz-css-18ihune brz-css-cvpjug\">\n<div id=\"\" class=\"brz-css-j6ae88 brz-wrapper\">\n<div class=\"brz-image brz-css-1nogk4j\" data-brz-custom-id=\"rlfHEo4KQlee\"><img decoding=\"async\" class=\"brz-img\" src=\"https:\/\/citationstyler.com\/wp-content\/uploads\/brizy\/imgs\/FOM-Fachhochschule-Muenchen-Witschaftspsychologie-nach-Schiefer-338x338x0x42x338x254x1730801047.png\" alt=\"FOM Hochschule Witschaftspsychologie nach Schiefer\" loading=\"lazy\"><\/div>\n<\/div>\n<div id=\"\" class=\"brz-css-j6ae88 brz-wrapper\">\n<div class=\"brz-wp-title brz-css-1il6052 brz-css-fvemxe\" data-brz-custom-id=\"sNb0aEhqyHMA\"><span class=\"brz-wp-title-content\">Zitierstil FOM Hochschule &#8211; Wirtschaftspsychologie nach Schiefer<\/span><\/div>\n<\/div>\n<div id=\"\" class=\"brz-css-j6ae88 brz-wrapper\">\n<div class=\"brz-woo-price brz-css-1fbb4ao brz-css-hozvwc\" data-brz-custom-id=\"qe2_8GVCqOaL\">\n<div>\n<p class=\"price\"><span class=\"woocommerce-Price-amount amount\">39,99&nbsp;<span class=\"woocommerce-Price-currencySymbol\">&euro;<\/span><\/span> <small class=\"woocommerce-price-suffix\">\u00a0(incl. VAT)<\/small><\/p>\n<\/div>\n<\/div>\n<\/div>\n<div class=\"brz-wrapper-clone brz-css-18lrg20 brz-css-whhp7g\">\n<div class=\"brz-d-xs-flex brz-flex-xs-wrap brz-css-1y84bte\" data-brz-custom-id=\"\">\n<div class=\"brz-wrapper-clone__item\" id=\"ru3BMEVIJaO_\"><a class=\"brz-a brz-btn brz-css-1rbofmr brz-css-7o1uhe brz-css-15okajt\" href=\"https:\/\/citationstyler.com\/en\/styles\/citation-style-fom-hochschule-wirtschaftspsychologie-nach-schiefer\/\" target=\"_self\" rel=\"noopener\" data-brz-link-type=\"external\" data-brz-custom-id=\"ru3BMEVIJaO_\"><span data-brz-translate-text=\"1\" class=\"brz-span brz-text__editor\">See more<\/span><\/a><\/div>\n<\/div>\n<\/div>\n<\/div>\n<\/div>\n<\/div>\n<div class=\"brz-posts__item\">\n<div class=\"brz-columns brz-css-8emfjy brz-css-1dtlydp brz-css-19jcx7w\" data-brz-custom-id=\"hKSHzceIJ7dq\">\n<div class=\"brz-bg\"><\/div>\n<div class=\"brz-column__items brz-css-18ihune brz-css-cvpjug\">\n<div id=\"\" class=\"brz-css-j6ae88 brz-wrapper\">\n<div class=\"brz-image brz-css-1nogk4j\" data-brz-custom-id=\"rlfHEo4KQlee\"><img decoding=\"async\" class=\"brz-img\" src=\"https:\/\/citationstyler.com\/wp-content\/uploads\/brizy\/imgs\/fom-hochschule-juristik-338x338x0x42x338x254x1730801068.png\" alt=\"FOM Hochschule Juristik\" loading=\"lazy\"><\/div>\n<\/div>\n<div id=\"\" class=\"brz-css-j6ae88 brz-wrapper\">\n<div class=\"brz-wp-title brz-css-1il6052 brz-css-fvemxe\" data-brz-custom-id=\"sNb0aEhqyHMA\"><span class=\"brz-wp-title-content\">Zitierstil FOM Hochschule &#8211; Juristik<\/span><\/div>\n<\/div>\n<div id=\"\" class=\"brz-css-j6ae88 brz-wrapper\">\n<div class=\"brz-woo-price brz-css-1fbb4ao brz-css-hozvwc\" data-brz-custom-id=\"qe2_8GVCqOaL\">\n<div>\n<p class=\"price\"><span class=\"woocommerce-Price-amount amount\">39,99&nbsp;<span class=\"woocommerce-Price-currencySymbol\">&euro;<\/span><\/span> <small class=\"woocommerce-price-suffix\">\u00a0(incl. VAT)<\/small><\/p>\n<\/div>\n<\/div>\n<\/div>\n<div class=\"brz-wrapper-clone brz-css-18lrg20 brz-css-whhp7g\">\n<div class=\"brz-d-xs-flex brz-flex-xs-wrap brz-css-1y84bte\" data-brz-custom-id=\"\">\n<div class=\"brz-wrapper-clone__item\" id=\"ru3BMEVIJaO_\"><a class=\"brz-a brz-btn brz-css-1rbofmr brz-css-7o1uhe brz-css-15okajt\" href=\"https:\/\/citationstyler.com\/en\/styles\/citation-style-fom-hochschule-juristik\/\" target=\"_self\" rel=\"noopener\" data-brz-link-type=\"external\" data-brz-custom-id=\"ru3BMEVIJaO_\"><span data-brz-translate-text=\"1\" class=\"brz-span brz-text__editor\">See more<\/span><\/a><\/div>\n<\/div>\n<\/div>\n<\/div>\n<\/div>\n<\/div>\n<\/div>\n<\/div>\n<\/div>\n<\/div>\n<\/div>\n<\/section>\n<section id=\"c8bec182f855df75b446_pQinga9AvhVF\" data-brz-iteration-count=\"1\" class=\"brz-section brz-css-17kt52b brz-animated brz-css-10s9hyq brz-css-150y4z4\">\n<div class=\"brz-section__content brz-section--boxed brz-css-11gig51 brz-css-ee9gpj\" data-brz-custom-id=\"s_LAPaNqBLIv\">\n<div class=\"brz-bg\">\n<div class=\"brz-bg-color\"><\/div>\n<\/div>\n<div class=\"brz-container brz-css-1m1xwat\">\n<div class=\"brz-row__container brz-css-1cw8jd3\" data-brz-custom-id=\"prlvfcCdQbRk\">\n<div class=\"brz-bg\"><\/div>\n<div class=\"brz-row brz-css-1mq45mm\">\n<div class=\"brz-columns brz-css-8emfjy brz-css-9kbr7p\" data-brz-custom-id=\"xjtbDWqY701v\">\n<div class=\"brz-bg\"><\/div>\n<div class=\"brz-column__items brz-css-18ihune brz-css-15ea2q1\">\n<div id=\"\" class=\"brz-css-j6ae88 brz-css-10whe05 brz-wrapper\">\n<div class=\"brz-spacer brz-css-8hq8jj brz-css-yxl2m8\"><\/div>\n<\/div>\n<div id=\"\" class=\"brz-css-j6ae88 brz-css-1rxexoz brz-wrapper\">\n<div class=\"brz-rich-text brz-rich-text__custom brz-css-v2ixli\" data-brz-custom-id=\"c6Z0lcsepdzV\">\n<div data-brz-translate-text=\"1\">\n<h2 class=\"brz-tp-lg-heading2 brz-text-lg-center brz-css-hYaFn\" data-uniq-id=\"s0LIW\" data-generated-css=\"brz-css-qRDNL\"><span class=\"brz-cp-color2\">Got more questions or are you looking for a style I don't have yet?<\/span><\/h2>\n<p class=\"brz-tp-lg-paragraph brz-mb-lg-0 brz-css-kjWfK\" data-uniq-id=\"pGo4L\" data-generated-css=\"brz-css-cBkOk\"><\/p>\n<\/div>\n<\/div>\n<\/div>\n<div id=\"\" class=\"brz-css-j6ae88 brz-wrapper\">\n<div class=\"brz-rich-text brz-rich-text__custom brz-css-v2ixli\" data-brz-custom-id=\"tlyu3eOCYojU\">\n<div data-brz-translate-text=\"1\">\n<h2 class=\"brz-tp-lg-paragraph brz-text-lg-center brz-css-lMEV5\" data-generated-css=\"brz-css-yxasx\" data-uniq-id=\"pfbsi\">Hier geht&#8217;s zum Kontaktformular!<\/h2>\n<\/div>\n<\/div>\n<\/div>\n<div class=\"brz-wrapper-clone brz-css-18lrg20 brz-css-1fdmlpo\">\n<div class=\"brz-d-xs-flex brz-flex-xs-wrap brz-css-1y84bte brz-css-jwo1zo\" data-brz-custom-id=\"\">\n<div class=\"brz-wrapper-clone__item\" id=\"f2e4jWy0Q2QB\"><a class=\"brz-a brz-btn brz-css-1rbofmr brz-css-gb7uv5 brz-css-7o1uhe brz-css-h6m5lj\" href=\"https:\/\/citationstyler.com\/en\/contact\/\" target=\"_self\" rel=\"noopener\" data-brz-link-type=\"page\" data-brz-custom-id=\"f2e4jWy0Q2QB\"><span data-brz-translate-text=\"1\" class=\"brz-span brz-text__editor\">CONTACT<\/span><\/a><\/div>\n<div class=\"brz-wrapper-clone__item\" id=\"lc9w7dN2XYWp\"><a class=\"brz-a brz-btn brz-css-1rbofmr brz-css-meqdg2 brz-css-7o1uhe brz-css-ahtedv\" href=\"https:\/\/citationstyler.com\/en\/custom-csl-style\/\" target=\"_self\" rel=\"noopener\" data-brz-link-type=\"page\" data-brz-custom-id=\"lc9w7dN2XYWp\"><span data-brz-translate-text=\"1\" class=\"brz-span brz-text__editor\">STILANFRAGE<\/span><\/a><\/div>\n<\/div>\n<\/div>\n<div id=\"\" class=\"brz-css-j6ae88 brz-css-10whe05 brz-wrapper\">\n<div class=\"brz-spacer brz-css-8hq8jj brz-css-wekian\"><\/div>\n<\/div>\n<\/div>\n<\/div>\n<\/div>\n<\/div>\n<\/div>\n<\/div>\n<\/section>\n<\/div>\n<p>    <!-- version:1745414910 --><\/p>","protected":false},"excerpt":{"rendered":"<p>Navigate effortlessly through the world of citation at the FOM University. Discover citation methods customised to the requirements of the FOM.<\/p>","protected":false},"author":1,"featured_media":3190,"parent":0,"menu_order":0,"comment_status":"closed","ping_status":"closed","template":"brizy-blank-template.php","meta":{"footnotes":""},"class_list":["post-4405","page","type-page","status-publish","has-post-thumbnail","hentry"],"blocksy_meta":[],"brizy_media":[],"_links":{"self":[{"href":"https:\/\/citationstyler.com\/en\/wp-json\/wp\/v2\/pages\/4405","targetHints":{"allow":["GET"]}}],"collection":[{"href":"https:\/\/citationstyler.com\/en\/wp-json\/wp\/v2\/pages"}],"about":[{"href":"https:\/\/citationstyler.com\/en\/wp-json\/wp\/v2\/types\/page"}],"author":[{"embeddable":true,"href":"https:\/\/citationstyler.com\/en\/wp-json\/wp\/v2\/users\/1"}],"replies":[{"embeddable":true,"href":"https:\/\/citationstyler.com\/en\/wp-json\/wp\/v2\/comments?post=4405"}],"version-history":[{"count":0,"href":"https:\/\/citationstyler.com\/en\/wp-json\/wp\/v2\/pages\/4405\/revisions"}],"wp:featuredmedia":[{"embeddable":true,"href":"https:\/\/citationstyler.com\/en\/wp-json\/wp\/v2\/media\/3190"}],"wp:attachment":[{"href":"https:\/\/citationstyler.com\/en\/wp-json\/wp\/v2\/media?parent=4405"}],"curies":[{"name":"wp","href":"https:\/\/api.w.org\/{rel}","templated":true}]}}