{"id":99,"date":"2023-04-19T17:52:25","date_gmt":"2023-04-19T15:52:25","guid":{"rendered":"https:\/\/citationstyler.com\/?page_id=99"},"modified":"2026-04-07T16:24:55","modified_gmt":"2026-04-07T14:24:55","slug":"contact","status":"publish","type":"page","link":"https:\/\/citationstyler.com\/en\/kontakt\/","title":{"rendered":"Contact"},"content":{"rendered":"<div class=\"brz brz-root__container brz-reset-all brz-root__container-page\">\n<section id=\"mkanlhxpwotekwnytcntofvrquqzsshvzkwf_mkanlhxpwotekwnytcntofvrquqzsshvzkwf\" class=\"brz-section brz-css-d-section brz-css-14bi7ew\">\n<div class=\"brz-section__content brz-section--boxed brz-css-d-sectionitem-bg brz-css-1j6usvk\" data-brz-custom-id=\"gkmohyfsxmfmaurbefjrddhceqasqlehsxeq\">\n<div class=\"brz-bg\">\n<div class=\"brz-bg-color\"><\/div>\n<\/div>\n<div class=\"brz-container brz-css-d-sectionitem-container brz-css-jpgsqw\">\n<div class=\"brz-row__container brz-css-d-row-row brz-css-10kubta\" data-brz-custom-id=\"prclkuqveynqwynrotgmfrhnxogsyolylmfm\">\n<div class=\"brz-row brz-css-d-row-container brz-css-r-row-container brz-css-1d707mv\">\n<div class=\"brz-columns brz-css-d-column-column brz-css-ytja3r\" data-brz-custom-id=\"dgcwdaqkhqvzynwljgnjrrgtdtakkcothyuf\">\n<div class=\"brz-column__items brz-css-d-column-bg brz-css-chw50z\">\n<div id=\"\" class=\"brz-css-d-wrapper brz-css-ap97u5 brz-wrapper\">\n<div class=\"brz-image brz-css-d-image-oqicgsgrnleokpulhtjejyplfxnqxlsrneox-parent brz-css-1n14g9l\" data-brz-custom-id=\"oqicgsgrnleokpulhtjejyplfxnqxlsrneox\"><img decoding=\"async\" class=\"brz-img brz-img-svg\" src=\"https:\/\/citationstyler.com\/wp-content\/uploads\/2023\/04\/elegent-man-vecteezy.svg\" loading=\"lazy\" title=\"Patrick O'Brien - Gr\u00fcnder von Citation Styler\"><\/div>\n<\/div>\n<div class=\"brz-row__container brz-css-d-row-row brz-css-fn3kq7\" data-brz-custom-id=\"t6Rk2e_eHdyT\">\n<div class=\"brz-row brz-row--inner brz-css-d-row-container brz-css-nzhfp6\">\n<div class=\"brz-columns brz-css-d-column-column brz-css-8fa0k2\" data-brz-custom-id=\"k_wLkkMUd507\">\n<div class=\"brz-column__items brz-css-d-column-bg brz-css-ns6s3t\">\n<div id=\"\" class=\"brz-css-d-wrapper brz-css-8vzz69 brz-wrapper\">\n<div class=\"brz-image brz-css-d-image-lildc6tmi3l8-parent brz-css-5w4hvk\" data-brz-custom-id=\"lIldc6tmi3L8\"><a class=\"brz-a\" target=\"_blank\" rel=\"noopener noreferrer\" href=\"https:\/\/maps.app.goo.gl\/4qrVvGgGepk2TX7r6\" data-brz-link-type=\"external\"><img decoding=\"async\" class=\"brz-img\" src=\"https:\/\/citationstyler.com\/wp-content\/uploads\/brizy\/imgs\/Google-rating-Hero-121x45x0x0x121x45x1730801256.png\" loading=\"lazy\" title=\"Citation Styler - 5,0 auf Google Maps\"><\/a><\/div>\n<\/div>\n<\/div>\n<\/div>\n<\/div>\n<\/div>\n<\/div>\n<\/div>\n<div class=\"brz-columns brz-css-d-column-column brz-css-24ptz0\" data-brz-custom-id=\"dshhokijosxzizyjkxhmnktqllfuskgffwxf\">\n<div class=\"brz-column__items brz-css-d-column-bg brz-css-hfuka1\">\n<div id=\"\" class=\"brz-css-d-wrapper brz-css-r-wrapper brz-css-z63iwr brz-wrapper\">\n<div class=\"brz-spacer brz-css-d-spacer brz-css-79ppvd\"><\/div>\n<\/div>\n<div id=\"\" class=\"brz-css-d-wrapper brz-css-1ewcf6u brz-wrapper\">\n<div class=\"brz-rich-text brz-rich-text__custom brz-css-d-richtext brz-css-1sflvva\" data-brz-custom-id=\"tsggkicwahqnaclpkzcbmfmydctsfobgrexh\">\n<div data-brz-translate-text=\"1\">\n<h1 class=\"brz-tp-lg-heading1 brz-css-aIKAk\" data-generated-css=\"brz-css-oI0qP\" data-uniq-id=\"wt9lk\">Get in touch<\/h1>\n<\/div>\n<\/div>\n<\/div>\n<div id=\"\" class=\"brz-css-d-wrapper brz-css-ohowj9 brz-wrapper\">\n<div class=\"brz-rich-text brz-rich-text__custom brz-css-d-richtext brz-css-lzpzqw\" data-brz-custom-id=\"snqzrdoyfwbheizfscsmcixnbgjbvfxtkjfd\">\n<div data-brz-translate-text=\"1\">\n<p class=\"brz-tp-lg-subtitle brz-css-kA4B7\" data-uniq-id=\"lDokZ\" data-generated-css=\"brz-css-kxqyq\"><span class=\"brz-cp-color7\">If you have any questions about a particular style or problems, please don't hesitate to contact me. Please provide as much detail as possible so that I can answer you more quickly. I also offer <\/span><a class=\"brz-cp-color1 link--external\" href=\"\/en\/zotero-training-mentoring\/\" data-brz-link-type=\"external\"><u>Zotero trainings<\/u><\/a><span class=\"brz-cp-color7\"> to help you personally.<\/span><\/p>\n<p class=\"brz-tp-lg-subtitle brz-css-v3yVz\" data-uniq-id=\"sHQR1\" data-generated-css=\"brz-css-zx3Qo\"><span class=\"brz-cp-color7\">For <\/span><a class=\"link--page brz-cp-color1\" href=\"https:\/\/citationstyler.com\/en\/custom-csl-style\/\" data-brz-link-type=\"page\">made-to-measure citation style<\/a><span class=\"brz-cp-color7\"> please use the linked form.<\/span><\/p>\n<\/div>\n<\/div>\n<\/div>\n<div id=\"\" class=\"brz-css-d-wrapper brz-css-r-wrapper brz-css-262ozd brz-wrapper\">\n<div class=\"brz-spacer brz-css-d-spacer brz-css-eglhk8\"><\/div>\n<\/div>\n<div id=\"\" class=\"brz-css-d-wrapper brz-css-1shkl3u brz-wrapper\">\n<div data-brz-form-version=\"2\" class=\"brz-forms2 brz-css-d-form2-form brz-css-2kcy4k\" data-brz-custom-id=\"kjblnyvelfyfqowdkhlgqyacxxmukwtgqoia\">\n<div data-brz-translate-text=\"1\" class=\"brz-forms2__item brz-css-d-form2fields-fields brz-css-43f0s3 brz-css-d-form2field-field brz-css-c9kpac\"><\/div>\n<div data-brz-translate-text=\"1\" class=\"brz-forms2__item brz-css-d-form2fields-fields brz-css-43f0s3 brz-css-d-form2field-field brz-css-mkx3on\"><\/div>\n<div data-brz-translate-text=\"1\" class=\"brz-forms2__item brz-css-d-form2fields-fields brz-css-43f0s3 brz-css-d-form2field-field brz-css-1ae66lg\"><textarea id=\"g5pVelfIZV0w_52ae7e25e09a900b9972\" name=\"buqluxyaqwetcpaccjmscukpdsgvhvbentca\" data-brz-type=\"Paragraph\" data-brz-label=\"Deine Nachricht\" data-brz-placeholder=\"Deine Nachricht\" class=\"brz-textarea brz-forms2__field brz-forms2__field-paragraph\"><\/textarea><\/div>\n<div class=\"brz-forms2 brz-forms2__item brz-forms2__item-button\" data-brz-custom-id=\"kjblnyvelfyfqowdkhlgqyacxxmukwtgqoia\"><button class=\"brz-btn brz-btn-submit brz-css-d-button-bg brz-css-1c4vi28\" data-brz-custom-id=\"kjhkilijmkanukibiyzurgmnosjhnzxfnsht\"><span data-brz-translate-text=\"1\" class=\"brz-span brz-text__editor\">Submit<\/span><\/button><\/div>\n<div class=\"brz-forms2__messages brz-css-d-form2-messages\"><\/div>\n<div class=\"brz-g-recaptcha\" data-sitekey=\"\" data-size=\"invisible\" data-callback=\"brzFormV2Captcha\"><\/div>\n<\/div>\n<\/div>\n<\/div>\n<\/div>\n<\/div>\n<\/div>\n<\/div>\n<\/div>\n<\/section><\/div>\n<p><!-- version:1772184954 --><\/p>","protected":false},"excerpt":{"rendered":"<p>Kontakt aufnehmen Bei Fragen zu einem bestimmten Stil oder Problemen k\u00f6nnt ihr gerne jederzeit anfragen. Bitte dazu so viel wie m\u00f6gliche Details angeben, damit ich schneller helfen kann. Ich biete auch Zotero-Schulungen an. F\u00fcr eine Stil nach Ma\u00df bitte ich das verlinkte Formular zu nutzen. Abschicken<\/p>","protected":false},"author":1,"featured_media":0,"parent":0,"menu_order":0,"comment_status":"closed","ping_status":"closed","template":"brizy-blank-template.php","meta":{"footnotes":""},"class_list":["post-99","page","type-page","status-publish","hentry"],"blocksy_meta":[],"brizy_media":[{"id":298,"url":"https:\/\/citationstyler.com\/wp-content\/uploads\/2023\/04\/elegent-man-vecteezy.svg","name":"elegent-man-vecteezy.svg","meta":{"brizy_attachment_uid":"wp-75de5b58d17aa686a69a3029779a3fce.svg","brizy_post_uid":["1d0a6abaf6b84d044e5d046c3b7f17be","7fdab81abe9009c285d503d8e3baecb6","677787a353b46d9d6d2705856da0bb53"]}}],"_links":{"self":[{"href":"https:\/\/citationstyler.com\/en\/wp-json\/wp\/v2\/pages\/99","targetHints":{"allow":["GET"]}}],"collection":[{"href":"https:\/\/citationstyler.com\/en\/wp-json\/wp\/v2\/pages"}],"about":[{"href":"https:\/\/citationstyler.com\/en\/wp-json\/wp\/v2\/types\/page"}],"author":[{"embeddable":true,"href":"https:\/\/citationstyler.com\/en\/wp-json\/wp\/v2\/users\/1"}],"replies":[{"embeddable":true,"href":"https:\/\/citationstyler.com\/en\/wp-json\/wp\/v2\/comments?post=99"}],"version-history":[{"count":3,"href":"https:\/\/citationstyler.com\/en\/wp-json\/wp\/v2\/pages\/99\/revisions"}],"predecessor-version":[{"id":15673,"href":"https:\/\/citationstyler.com\/en\/wp-json\/wp\/v2\/pages\/99\/revisions\/15673"}],"wp:attachment":[{"href":"https:\/\/citationstyler.com\/en\/wp-json\/wp\/v2\/media?parent=99"}],"curies":[{"name":"wp","href":"https:\/\/api.w.org\/{rel}","templated":true}]}}