{"id":12119,"date":"2024-12-12T11:52:09","date_gmt":"2024-12-12T10:52:09","guid":{"rendered":"https:\/\/citationstyler.com\/?post_type=product&#038;p=12119"},"modified":"2026-04-27T17:38:37","modified_gmt":"2026-04-27T15:38:37","slug":"citation-style-harvard-citation-scribbr","status":"publish","type":"product","link":"https:\/\/citationstyler.com\/en\/zitierstile\/zitierstil-harvard-zitierweise-nach-scribbr\/","title":{"rendered":"Harvard Scribbr citation style for Zotero"},"content":{"rendered":"<h3>Beispielzitierungen:<\/h3>\n<p><span style=\"text-decoration: underline;\">Zitate (Autor Datum):<\/span><br \/>\n(Isaacson 2011: 33)<br \/>\n(Mares 2001)<br \/>\n(Campbell\/Pedersen 2007; Foderaro 2012)<br \/>\n(Hawking 1966; CSL Search 2017)<\/p>\n<p><span style=\"text-decoration: underline;\">Literaturverzeichnis:<\/span><u><br \/>\n<\/u>Campbell, John L.\/Ove K. Pedersen (2007): Copy: The Varieties of Capitalism and Hybrid Success, in: <i>Comparative Political Studies<\/i>, Bd. 40, Nr. 3, S. 302\u2013337.<br \/>\nCSL Search by Example (2017), Citation Style Editor, [online] <a href=\"https:\/\/editor.citationstyles.org\/searchByExample\/\" target=\"_blank\" rel=\"noopener\">https:\/\/editor.citationstyles.org\/searchByExample\/<\/a> [abgerufen am 24.12.2017].<br \/>\nFoderaro, Lisa W. (2012): Rooftop Greenhouse Will Boost City Farming, in: <i>The New York Times<\/i>, 05.04.2012, S. 301\u2013305.<br \/>\nHawking, Stephen (1966): Properties of expanding universes, University of Cambridge. Doctoral Thesis, [online] doi:<a href=\"https:\/\/doi.org\/10.17863\/CAM.11283\" target=\"_blank\" rel=\"noopener\">10.17863\/CAM.11283<\/a>.<br \/>\nIsaacson, Walter (2011): <i>Steve Jobs<\/i>, 2. \u00fcberarbeitete Aufl., New York, NY: Simon &amp; Schuster.<br \/>\nMares, Isabela (2001): The Institutional Foundations of Comparative Advantage, in: Peter A. Hall\/David Soskice (Hrsg.), <i>Varieties of capitalism. The institutional foundations of comparative advantage<\/i>, New York: Oxford University Press, S. 184\u2013213, [online] doi:<a href=\"https:\/\/doi.org\/10.1093\/0199247757.001.0001\" target=\"_blank\" rel=\"noopener\">10.1093\/0199247757.001.0001<\/a>.<\/p>\n<div><\/div>\n<p><strong>Warum f\u00fcr den offiziellen &#8222;Harvard Zitierweise nach Scribbr&#8220; Zitierstil bezahlen?<\/strong><\/p>\n<ul>\n<li><strong>Hochwertige Programmierung:<\/strong> Der Stil wurde von einem <a href=\"https:\/\/citationstyler.com\/professioneller-zotero-stilentwickler-csl-experte\/\">erfahrenen Zitierstilexperten<\/a> entwickelt und wird st\u00e4ndig aktualisiert.<\/li>\n<li><strong>Exklusivit\u00e4t:<\/strong> Der Stil ist <strong>nicht kostenlos<\/strong> erh\u00e4ltlich und bietet Ihnen somit die Gewissheit, dass Sie ein <strong>qualitativ hochwertiges Produkt<\/strong> erwerben.<\/li>\n<li><strong>Faire Preise:<\/strong> Der Preis f\u00fcr den Stil ist deutlich g\u00fcnstiger als die Kosten f\u00fcr eine professionelle Lektoratsdienstleistung.<\/li>\n<li><strong>Unterst\u00fctzung des Entwicklers:<\/strong> Mit dem Kauf des Stils unterst\u00fctzen Sie die weitere Entwicklung und Pflege des Stils.<\/li>\n<\/ul>\n<p>&nbsp;<\/p>\n<p><strong>Bestellen Sie jetzt und profitieren Sie von den Vorteilen:<\/strong><\/p>\n<ul>\n<li><strong>Schnelle Lieferung:<\/strong> Du erh\u00e4ltst den Stil sofort nach Zahlungseingang per E-Mail.<\/li>\n<li><strong>Einfache Installation:<\/strong> Der Stil l\u00e4sst sich mit wenigen Klicks in deinem Literaturverwaltungsprogramm installieren.<\/li>\n<li><strong>Sichere Bezahlung:<\/strong> Bezahle bequem und sicher per PayPal oder Kreditkarte.<\/li>\n<\/ul>\n<h3><\/h3>\n<h3>Hinweise zum Stil<\/h3>\n<p><span style=\"text-decoration: underline;\"><strong>Wie kann ich bei Filmzitaten den Ort des Filmstudios angeben?<\/strong><\/span><br \/>\nDa Zotero momentan hierf\u00fcr noch kein Feld zur Verf\u00fcgung hat, kann mittels des Extra Felds hinzugef\u00fcgt werden. Einfach &#8222;publisher-place: Los Angeles&#8220; eingeben und der Zitierstil stellt dies dann da.<\/p>\n<p><span style=\"text-decoration: underline;\"><strong>vgl.&#8220; fehlt?<\/strong><\/span><br \/>\nDies kann in Zotero mittels des Pr\u00e4fix Felds hinzugef\u00fcgt werden. Dazu in Word auf die Zitierung klicken und es erscheint ein Feld, um Pr\u00e4- und Suffix, als auch die genau Seitenzahl anzugeben. Siehe eine <a href=\"https:\/\/www.zotero.org\/support\/word_processor_plugin_usage\" target=\"_blank\" rel=\"noopener\">Anleitung hier.<\/a><\/p>\n<p><span style=\"text-decoration: underline;\"><strong>Fehler im Stil?<\/strong><\/span><br \/>\nBei komplexen Stilen wie diesem kann es in Spezialf\u00e4llen leicht zu Diskrepanzen f\u00fchren. Bitte konsultieren Sie zuerst die Zitierrichtlinien und \u00fcberpr\u00fcfen sie anhand eines funktionierenden Beispiels, ob die Daten <strong>richtig! <\/strong>in Zotero <strong>eingegeben <\/strong>sind. Falls es dennoch so aussieht, dass der Stil selbst einen Fehler hat, bitte schreiben Sie mir per <a href=\"mailto:info@citationstyler.com\">info@citationstyler.com<\/a>.<\/p>\n<p><span style=\"text-decoration: underline;\"><strong>Disclaimer<br \/>\n<\/strong><\/span><u> <\/u>Die Datei ist nur zum Gebrauch auf dem Computer derjenigen Person bestimmt, die den Zitierstil gekauft hat. Das Weiterleiten der Datei an weitere Nutzer kann als Urheberrechtsversto\u00df geahndet werden.<\/p>\n<p>Falsche Dateneingabe oder Benutzeranwendungen k\u00f6nnen zu Fehlern sorgen. Als Autor deiner Arbeit bist du f\u00fcr etwaige Fehler selbst verantwortlich und es wird auf die Kontrolle aller Zitate empfohlen.<\/p>\n","protected":false},"excerpt":{"rendered":"<h3>No more tedious citation formatting!<\/h3>\n<p>With the official citation style <b>Citation Style Harvard Scribbr<\/b> for Zotero, RefWorks, Papers and other reference managers you'll be able to write your thesis error-free and without headaches.<\/p>\n<p><strong>Benefit from:<\/strong><\/p>\n<ul>\n<li><b>Automatic formatting <\/b>by <strong>citations <\/strong>and <strong>your bibliography<\/strong> at the end. The style is based on the <strong><span style=\"text-decoration: underline;\"><a href=\"https:\/\/www.scribbr.de\/harvard-zitierweise\/\">these guidelines on scribbr.de<\/a><\/span><\/strong> .<\/li>\n<li><b>Saving valuable time and stress:<\/b> Forget about hours of manual formatting and concentrate on the essentials: your scientific work.<\/li>\n<li><b>Compatibility with various programs:<\/b> Use the style with Zotero, RefWorks, Papers, Mendeley Desktop and <a href=\"https:\/\/citationstyles.org\/\" target=\"_blank\" rel=\"noopener noreferrer\">many more<\/a> reference managers.<\/li>\n<li><b>Comprehensive support:<\/b> Detailed installation instructions, FAQs and a public library with citation examples will help you to use the style.<\/li>\n<\/ul>","protected":false},"featured_media":12122,"comment_status":"open","ping_status":"closed","template":"","meta":[],"product_cat":[24],"product_tag":[],"class_list":{"0":"post-12119","1":"product","2":"type-product","3":"status-publish","4":"has-post-thumbnail","6":"product_cat-universitaetsstile","8":"first","9":"instock","10":"virtual","11":"taxable","12":"purchasable","13":"product-type-simple"},"_links":{"self":[{"href":"https:\/\/citationstyler.com\/en\/wp-json\/wp\/v2\/product\/12119","targetHints":{"allow":["GET"]}}],"collection":[{"href":"https:\/\/citationstyler.com\/en\/wp-json\/wp\/v2\/product"}],"about":[{"href":"https:\/\/citationstyler.com\/en\/wp-json\/wp\/v2\/types\/product"}],"replies":[{"embeddable":true,"href":"https:\/\/citationstyler.com\/en\/wp-json\/wp\/v2\/comments?post=12119"}],"wp:featuredmedia":[{"embeddable":true,"href":"https:\/\/citationstyler.com\/en\/wp-json\/wp\/v2\/media\/12122"}],"wp:attachment":[{"href":"https:\/\/citationstyler.com\/en\/wp-json\/wp\/v2\/media?parent=12119"}],"wp:term":[{"taxonomy":"product_cat","embeddable":true,"href":"https:\/\/citationstyler.com\/en\/wp-json\/wp\/v2\/product_cat?post=12119"},{"taxonomy":"product_tag","embeddable":true,"href":"https:\/\/citationstyler.com\/en\/wp-json\/wp\/v2\/product_tag?post=12119"}],"curies":[{"name":"wp","href":"https:\/\/api.w.org\/{rel}","templated":true}]}}