{"id":13531,"date":"2025-08-01T17:23:36","date_gmt":"2025-08-01T15:23:36","guid":{"rendered":"https:\/\/citationstyler.com\/?post_type=product&#038;p=13531"},"modified":"2026-04-27T17:38:37","modified_gmt":"2026-04-27T15:38:37","slug":"citation-style-deutsche-vereinigung-fur-sportwissenschaft","status":"publish","type":"product","link":"https:\/\/citationstyler.com\/en\/zitierstile\/zitierstil-deutsche-vereinigung-fur-sportwissenschaft\/","title":{"rendered":"Citation style German Association for Sports Science (DVS)"},"content":{"rendered":"<h3>Example citations:<\/h3>\n<p><span style=\"text-decoration: underline;\">Citations:<br \/>\n<\/span>(Isaacson, 2011)<br \/>\n(Mares, 2001)<br \/>\n(Campbell &amp; Pedersen, 2007)<br \/>\n(Hawking, 1966)<br \/>\n(<i>CSL Search<\/i>, 2017)<span style=\"text-decoration: underline;\"><br \/>\n<\/span><\/p>\n<p><span style=\"text-decoration: underline;\">Bibliography:<br \/>\n<\/span><\/p>\n<div id=\"formattedBibliography\">\n<div class=\"csl-entry-container\">\n<div class=\"bibliography-csl-entry\">\n<div class=\"csl-entry\">\n<div class=\"csl-right-inline\">\n<div class=\"csl-entry\">Campbell, J. L., &amp; Pedersen, O. K. (2007). The Varieties of Capitalism and Hybrid Success. <i>Comparative Political Studies<\/i>, <i>40<\/i>(3), 303\u2013323. <a href=\"https:\/\/doi.org\/10.1088\/1748-0221\/7\/03\/P03012\" target=\"_blank\" rel=\"noopener\">https:\/\/doi.org\/10.1088\/1748-0221\/7\/03\/P03012<\/a><\/div>\n<div class=\"csl-entry\"><i>CSL Search by Example<\/i>. (2017, Mai 7). Citation Style Editor. Abgerufen am <a href=\"https:\/\/editor.citationstyles.org\/searchByExample\/\" target=\"_blank\" rel=\"noopener\">https:\/\/editor.citationstyles.org\/searchByExample\/<\/a><\/div>\n<div class=\"csl-entry\">Hawking, S. (1966). <i>Properties of expanding universes<\/i>. Doctoral Thesis, University of Cambridge. <a href=\"https:\/\/doi.org\/10.17863\/CAM.11283\" target=\"_blank\" rel=\"noopener\">https:\/\/doi.org\/10.17863\/CAM.11283<\/a><\/div>\n<div class=\"csl-entry\">Isaacson, W. (2011). <i>Steve Jobs<\/i> (2. Aufl.). Simon &amp; Schuster. Abgerufen am <a href=\"https:\/\/www.simonandschuster.com\/books\/Steve-Jobs\/Walter-Isaacson\/9781982176860\" target=\"_blank\" rel=\"noopener\">https:\/\/www.simonandschuster.com\/books\/Steve-Jobs\/Walter-Isaacson\/9781982176860<\/a><\/div>\n<div class=\"csl-entry\">Mares, I. (2001). The Institutional Foundations of Comparative Advantage. In P. A. Hall &amp; D. Soskice (Hrsg.), <i>Varieties of capitalism. The institutional foundations of comparative advantage<\/i> (3. Aufl., Band 33, S. 184\u2013213). Oxford University Press. <a href=\"https:\/\/doi.org\/10.1093\/0199247757.001.0001\" target=\"_blank\" rel=\"noopener\">https:\/\/doi.org\/10.1093\/0199247757.001.0001<\/a><\/div>\n<\/div>\n<\/div>\n<\/div>\n<\/div>\n<\/div>\n<div class=\"csl-entry\"><\/div>\n<p id=\"isPasted\" data-sourcepos=\"15:1-15:54\"><strong>Warum f\u00fcr diesen Deutsche Vereinigung f\u00fcr Sportwissenschaft (DVS) Zitierstil bezahlen?<\/strong><\/p>\n<ul data-sourcepos=\"17:1-21:0\">\n<li data-sourcepos=\"17:1-17:130\"><strong>High-quality coding:<\/strong> The style has been developed by a <a href=\"https:\/\/citationstyler.com\/en\/professional-zotero-style-developer-csl-expert\/\">experienced Zotero style expert<\/a> and is continuously maintained and updated.<\/li>\n<li data-sourcepos=\"18:1-18:161\"><strong>Exclusivity:<\/strong> The style is <strong>no free<\/strong> and thus offers you the certainty that you are getting a <strong>high-quality<\/strong> product.<\/li>\n<li data-sourcepos=\"19:1-19:129\"><strong>Fair price<\/strong> The price for the style is significantly cheaper than the cost of a professional proofreading service.<\/li>\n<li data-sourcepos=\"20:1-21:0\"><strong>Support of the developer:<\/strong> By purchasing the style, you support the further development and maintenance of the style.<\/li>\n<\/ul>\n<p>&nbsp;<\/p>\n<p id=\"isPasted\" data-sourcepos=\"24:1-24:62\"><strong>Order now and benefit from the advantages:<\/strong><\/p>\n<ul data-sourcepos=\"26:1-29:0\">\n<li data-sourcepos=\"26:1-26:87\"><strong>Fast delivery:<\/strong> You will receive the style by e-mail immediately after receipt of payment.<\/li>\n<li data-sourcepos=\"27:1-27:119\"><strong>Simple installation:<\/strong> The style can be installed in your reference management program with just a few clicks.<\/li>\n<li data-sourcepos=\"28:1-29:0\"><strong>Secure payment:<\/strong> Pay conveniently and securely by PayPal or credit card.<\/li>\n<\/ul>\n<p>&nbsp;<\/p>\n<h3>Notes about the style<\/h3>\n<p><span style=\"text-decoration: underline;\"><strong>Found an error?<\/strong><\/span><br \/>\nWith complex styles such as this, it can easily lead to discrepancies in special cases. Please consult the citation guidelines first and use a working example to check whether the data is entered <strong>correctly <\/strong>in <strong>Zotero. <\/strong>If it still looks like the style itself has an error, please write to me via <a href=\"mailto:info@citationstyler.com\">info@citationstyler.com<\/a>.<\/p>\n<p><span style=\"text-decoration: underline;\"><strong>Disclaimer<\/strong><\/span><br \/>\nThe file is only intended for use on the computer of the person who purchased the citation style. Forwarding the file to other users may be punished as a copyright infringement.<\/p>\n<p>Incorrect data entry or user errors can lead to errors in your output. As the author of your work, you are responsible for any errors and it is recommended that you check all citations.<\/p>","protected":false},"excerpt":{"rendered":"<h3>No more tedious citation formatting!<\/h3>\n<p>With the official <strong>Zitierstil f\u00fcr die Deutsche Vereinigung f\u00fcr Sportwissenschaft (DVS)<\/strong>for Zotero, RefWorks, Papers and other reference management programs, you can create your thesis quickly and error-free.<\/p>\n<p><b>Benefit from:<\/b><\/p>\n<ul>\n<li><strong>Automatic formatting<\/strong> von Fu\u00dfnoten oder Autor-Datum-Zitaten im Text und Literaturverzeichnis gem\u00e4\u00df den <strong>aktuellen Richtlinien der Deutsche Vereinigung f\u00fcr Sportwissenschaft (DVS).<\/strong><\/li>\n<li><strong>Saving valuable time and stress:<\/strong> Forget about hours of manual formatting and concentrate on the essentials: your scientific work.<\/li>\n<li><strong>Compatibility with various programs:<\/strong> Use the style with Zotero, RefWorks, Papers, Mendeley Desktop and <a href=\"https:\/\/citationstyles.org\/\" target=\"_blank\" rel=\"noopener noreferrer\">many more<\/a> reference managers.<\/li>\n<li><strong>Comprehensive support:<\/strong> Detailed installation instructions, FAQs and a public library with citation examples will help you to use the style.<\/li>\n<\/ul>","protected":false},"featured_media":13534,"comment_status":"open","ping_status":"closed","template":"","meta":[],"product_cat":[24],"product_tag":[],"class_list":{"0":"post-13531","1":"product","2":"type-product","3":"status-publish","4":"has-post-thumbnail","6":"product_cat-universitaetsstile","8":"first","9":"instock","10":"virtual","11":"taxable","12":"purchasable","13":"product-type-simple"},"_links":{"self":[{"href":"https:\/\/citationstyler.com\/en\/wp-json\/wp\/v2\/product\/13531","targetHints":{"allow":["GET"]}}],"collection":[{"href":"https:\/\/citationstyler.com\/en\/wp-json\/wp\/v2\/product"}],"about":[{"href":"https:\/\/citationstyler.com\/en\/wp-json\/wp\/v2\/types\/product"}],"replies":[{"embeddable":true,"href":"https:\/\/citationstyler.com\/en\/wp-json\/wp\/v2\/comments?post=13531"}],"wp:featuredmedia":[{"embeddable":true,"href":"https:\/\/citationstyler.com\/en\/wp-json\/wp\/v2\/media\/13534"}],"wp:attachment":[{"href":"https:\/\/citationstyler.com\/en\/wp-json\/wp\/v2\/media?parent=13531"}],"wp:term":[{"taxonomy":"product_cat","embeddable":true,"href":"https:\/\/citationstyler.com\/en\/wp-json\/wp\/v2\/product_cat?post=13531"},{"taxonomy":"product_tag","embeddable":true,"href":"https:\/\/citationstyler.com\/en\/wp-json\/wp\/v2\/product_tag?post=13531"}],"curies":[{"name":"wp","href":"https:\/\/api.w.org\/{rel}","templated":true}]}}