{"id":14128,"date":"2025-12-04T16:00:17","date_gmt":"2025-12-04T15:00:17","guid":{"rendered":"https:\/\/citationstyler.com\/?post_type=product&#038;p=14128"},"modified":"2026-04-27T17:38:37","modified_gmt":"2026-04-27T15:38:37","slug":"citation-style-fom-hochschule-university-of-applied-sciences-3","status":"publish","type":"product","link":"https:\/\/citationstyler.com\/en\/zitierstile\/zitierstil-theisen-wissenschaftliches-arbeiten\/","title":{"rendered":"Citation style Theisen \u2013 Academic writing"},"content":{"rendered":"<h3>Beispielzitierungen:<\/h3>\n<p><span style=\"text-decoration: underline;\">Fu\u00dfnote mit Kurzverweis<\/span>:<br \/>\n<em><sup>1<\/sup> <i>Borges, J. L.<\/i>, Selected Non-Fictions, 1999<\/em><br \/>\n<em><sup>2<\/sup> <i>Mares, I.<\/i>, Comparative Advantage, 2001, S. 331-33<\/em><br \/>\n<sup>3<\/sup> <i>Campbell, J. L.\/Pedersen, O. K.<\/i>, Capitalism and Hybrid Success, 2007<br \/>\n<em><sup>4<\/sup> <i>Hawking, S.<\/i>, Universes, 1966, S. 412<br \/>\n<sup>5<\/sup> O.V., CSL Search, 2017<\/em><\/p>\n<p><span style=\"text-decoration: underline;\">Literaturverzeichnis:<\/span><u><br \/>\n<\/u><u><\/u><\/p>\n<div class=\"csl-entry\"><i>Borges, Jorge Luis<\/i> (Selected Non-Fictions, 1999): Selected Non-Fictions, 3.Aufl., New York: Viking, 1999<\/div>\n<div class=\"csl-entry\"><i>Campbell, John L.<\/i>\/<i>Pedersen, Ove K.<\/i> (Capitalism and Hybrid Success, 2007): The Varieties of Capitalism and Hybrid Success, in: Comparative Political Studies 40 (2007), Heft 3, S. 303\u2013323<\/div>\n<div class=\"csl-entry\"><i>Hawking, Stephen<\/i> (Universes, 1966): Properties of expanding universes, Cambridge: University of Cambridge, 1966<\/div>\n<div class=\"csl-entry\"><i>Mares, Isabela<\/i> (Comparative Advantage, 2001): The Institutional Foundations of Comparative Advantage, in: <i>Peter A. Hall<\/i>\/<i>David Soskice<\/i> (Hrsg.), Varieties of capitalism. <i>The institutional foundations of comparative advantage<\/i>, 3.Aufl., New York: Oxford University Press, S. 184\u2013213<\/div>\n<div class=\"csl-entry\">O.V. (CSL Search, 2017): CSL Search by Example, <a href=\"https:\/\/editor.citationstyles.org\/searchByExample\/\" target=\"_blank\" rel=\"noopener\">https:\/\/editor.citationstyles.org\/searchByExample\/<\/a> (2017\u2013Mai\u201307) [Zugriff 2017-08-10]<\/div>\n<p>&nbsp;<\/p>\n<p><strong>Warum f\u00fcr diesen Theisen Zitierstil bezahlen?<\/strong><\/p>\n<ul>\n<li data-sourcepos=\"17:1-17:130\"><strong>Hochwertige Programmierung:<\/strong> Der Stil wurde von einem <a href=\"https:\/\/citationstyler.com\/professioneller-zotero-stilentwickler-csl-experte\/\">erfahrenen Zitierstilexperten<\/a> entwickelt und wird st\u00e4ndig aktualisiert.<\/li>\n<li data-sourcepos=\"18:1-18:161\"><strong>Exklusivit\u00e4t:<\/strong> Der Stil ist <strong>nicht kostenlos<\/strong> erh\u00e4ltlich und bietet Ihnen somit die Gewissheit, dass Sie ein <strong>qualitativ hochwertiges Produkt<\/strong> erwerben.<\/li>\n<li data-sourcepos=\"19:1-19:129\"><strong>Faire Preise:<\/strong> Der Preis f\u00fcr den Stil ist deutlich g\u00fcnstiger als die Kosten f\u00fcr eine professionelle Lektoratsdienstleistung.<\/li>\n<li data-sourcepos=\"20:1-21:0\"><strong>Unterst\u00fctzung des Entwicklers:<\/strong> Mit dem Kauf des Stils unterst\u00fctzen Sie die weitere Entwicklung und Pflege des Stils.<\/li>\n<\/ul>\n<p>&nbsp;<\/p>\n<p><strong>Bestellen Sie jetzt und profitieren Sie von den Vorteilen:<\/strong><\/p>\n<ul>\n<li data-sourcepos=\"26:1-26:87\"><strong>Schnelle Lieferung:<\/strong> Du erh\u00e4ltst den Stil sofort nach Zahlungseingang per E-Mail.<\/li>\n<li data-sourcepos=\"27:1-27:119\"><strong>Einfache Installation:<\/strong> Der Stil l\u00e4sst sich mit wenigen Klicks in deinem Literaturverwaltungsprogramm installieren.<\/li>\n<li data-sourcepos=\"28:1-29:0\"><strong>Sichere Bezahlung:<\/strong> Bezahle bequem und sicher per PayPal oder Kreditkarte.<\/li>\n<\/ul>\n<p>&nbsp;<\/p>\n<h3>H\u00e4ufig gestellte Fragen<\/h3>\n<p><span style=\"text-decoration: underline;\"><strong>In der Fu\u00dfnote wird nur Autor und Jahr angezeigt, aber kein Stichwort\/Kurztitel?<\/strong><\/span><br \/>\nDer Stil ist richtig einprogrammiert. Damit der Stil aber auch einen Kurztitel anzeigen kann, <strong>muss auch Text im Kurztitel vorliegen<\/strong>. Sonst wird der Langtitel benutzt. In den meisten F\u00e4llen muss der Kurztitel manuell gemacht werden, da Metadaten vom Internet normalerweise keine Kurztitel enthalten. Bitte also erst \u00fcberpr\u00fcfen, ob der Kurztitel auch in deiner Zitiersoftware eingegeben ist.<\/p>\n<p><span style=\"text-decoration: underline;\"><strong>Mendeley Benutzer und es wird der Kurztitel nicht angezeigt?<\/strong><\/span><br \/>\nMendeley zeigt nicht alle Eingabefelder ein. Diese k\u00f6nnen unter Tools -&gt; Options -&gt; Document Details f\u00fcr den jeweiligen Eintragstyp hinzugef\u00fcgt werden.<\/p>\n<p><span style=\"text-decoration: underline;\"><strong>Welche Eintragsart muss ich w\u00e4hlen und wie die Metadaten eingeben, um den richtigen Output zu erhalten?<\/strong><\/span><br \/>\nUm das etwas einfacher f\u00fcr euch zu gestalten, stelle ich euch folgende \u00f6ffentliche Bibliothek zur Verf\u00fcgung, die euch helfen sollte, wie man die Daten genau eingibt, um die korrekte Darstellung in Fu\u00dfnote und Bibliographie zu erhalten.<br \/>\n<a id=\"isPasted\" href=\"https:\/\/www.zotero.org\/groups\/2583327\/fom_zitierbeispiele\/library\" target=\"_blank\" rel=\"noopener noreferrer\">https:\/\/www.zotero.org\/groups\/2583327\/fom_zitierbeispiele\/library<\/a><\/p>\n<p><span style=\"text-decoration: underline;\"><strong>&#8222;vgl.&#8220; fehlt? Wie kann ich das bewerkstelligen?<\/strong><\/span><br \/>\nDies kann in Zotero mittels des Pr\u00e4fix Felds hinzugef\u00fcgt werden. Dazu in Word auf die Zitierung klicken und es erscheint ein Feld, um <strong>Pr\u00e4-<\/strong> und <strong>Suffix<\/strong>, als auch die genau <strong>Seitenzahl <\/strong>anzugeben. Siehe hierzu <a href=\"https:\/\/www.zotero.org\/support\/word_processor_plugin_usage\" target=\"_blank\" rel=\"noopener\">folgenden Artikel<\/a>.<u><\/u><u><\/u><\/p>\n<p><span style=\"text-decoration: underline;\"><strong>Meine Fu\u00dfnotennumerierung ist nicht korrekt. Wie kann ich das umstellen?<\/strong><\/span><br \/>\nDie Fu\u00dfnotennumerierung wird NICHT vom Zitierstil oder Zotero verwaltet, sondern von Word. Dies kannst du demnach selbst in Word umstellen. Hierzu bitte Word-spezifische Hilfestellungen aufsuchen.<\/p>\n<p><span style=\"text-decoration: underline;\"><strong>Fehler im Stil?<\/strong><\/span><br \/>\nBei komplexen Stilen wie diesem kann es in Spezialf\u00e4llen leicht zu Diskrepanzen f\u00fchren. Bitte konsultieren Sie zuerst die Zitierrichtlinien und \u00fcberpr\u00fcfen sie anhand eines funktionierenden Beispiels, ob die Daten <strong>richtig! <\/strong>in Zotero <strong>eingegeben <\/strong>sind. Falls es dennoch so aussieht, dass der Stil selbst einen Fehler hat, bitte schreiben Sie mir per <a href=\"mailto:info@citationstyler.com\">info@citationstyler.com<\/a>.<\/p>\n<p><span style=\"text-decoration: underline;\"><strong>Disclaimer<\/strong><\/span><br \/>\nDie Datei ist nur zum Gebrauch auf dem Computer derjenigen Person bestimmt, die den Zitierstil gekauft hat. Das Weiterleiten der Datei an weitere Nutzer kann als Urheberrechtsversto\u00df geahndet werden.<\/p>\n<p>Falsche Dateneingabe oder Benutzeranwendungen k\u00f6nnen zu Fehlern sorgen. Als Autor deiner Arbeit bist du f\u00fcr etwaige Fehler selbst verantwortlich und es wird auf die Kontrolle aller Zitate empfohlen.<\/p>\n","protected":false},"excerpt":{"rendered":"<h3>No more tedious citation formatting!<\/h3>\n<p>With the official <strong>Theisen Zitierstil<\/strong>\u00a0for Zotero, RefWorks, Papers and other reference managers you'll be able to write your thesis error-free and without headaches.<\/p>\n<p><b>Benefit from:<\/b><\/p>\n<ul>\n<li><b>Automatic formatting <\/b>von Zitaten in der Fu\u00dfnote oder im Flie\u00dftext und ein Literaturverzeichnis.<\/li>\n<li><b>Saving valuable time and stress:<\/b> Forget about hours of manual formatting and concentrate on the essentials: your scientific work.<\/li>\n<li><b>Compatibility with various programs:<\/b> Use the style with Zotero, RefWorks, Papers, Mendeley Desktop and <a href=\"https:\/\/citationstyles.org\/\" target=\"_blank\" rel=\"noopener noreferrer\">many more<\/a> reference managers.<\/li>\n<li><b>Comprehensive support:<\/b> Detailed installation instructions, FAQs and a public library with citation examples will help you to use the style.<\/li>\n<\/ul>","protected":false},"featured_media":14131,"comment_status":"open","ping_status":"closed","template":"","meta":[],"product_cat":[24],"product_tag":[],"class_list":{"0":"post-14128","1":"product","2":"type-product","3":"status-publish","4":"has-post-thumbnail","6":"product_cat-universitaetsstile","8":"first","9":"instock","10":"featured","11":"virtual","12":"taxable","13":"purchasable","14":"product-type-simple"},"_links":{"self":[{"href":"https:\/\/citationstyler.com\/en\/wp-json\/wp\/v2\/product\/14128","targetHints":{"allow":["GET"]}}],"collection":[{"href":"https:\/\/citationstyler.com\/en\/wp-json\/wp\/v2\/product"}],"about":[{"href":"https:\/\/citationstyler.com\/en\/wp-json\/wp\/v2\/types\/product"}],"replies":[{"embeddable":true,"href":"https:\/\/citationstyler.com\/en\/wp-json\/wp\/v2\/comments?post=14128"}],"wp:featuredmedia":[{"embeddable":true,"href":"https:\/\/citationstyler.com\/en\/wp-json\/wp\/v2\/media\/14131"}],"wp:attachment":[{"href":"https:\/\/citationstyler.com\/en\/wp-json\/wp\/v2\/media?parent=14128"}],"wp:term":[{"taxonomy":"product_cat","embeddable":true,"href":"https:\/\/citationstyler.com\/en\/wp-json\/wp\/v2\/product_cat?post=14128"},{"taxonomy":"product_tag","embeddable":true,"href":"https:\/\/citationstyler.com\/en\/wp-json\/wp\/v2\/product_tag?post=14128"}],"curies":[{"name":"wp","href":"https:\/\/api.w.org\/{rel}","templated":true}]}}