{"id":14155,"date":"2025-12-09T16:27:21","date_gmt":"2025-12-09T15:27:21","guid":{"rendered":"https:\/\/citationstyler.com\/?post_type=product&#038;p=14155"},"modified":"2026-04-27T17:41:12","modified_gmt":"2026-04-27T15:41:12","slug":"citation-style-duale-hochschule-baden-wurttemberg-ravensburg-fakultat-wirtschaft-bwl-industrie-15","status":"publish","type":"product","link":"https:\/\/citationstyler.com\/en\/zitierstile\/hochschule-karlsruhe-fakultat-fur-architektur-und-bauwesen-nach-korn\/","title":{"rendered":"Zitierstil Hochschule Karlsruhe &#8211; Fakult\u00e4t f\u00fcr Architektur und Bauwesen nach Prof. Korn"},"content":{"rendered":"<p>Dieser Zitierstil erstellt <strong>Fu\u00dfnoten <\/strong>und <strong>Literaturverzeichnis<\/strong> am Ende.<\/p>\n<h3>Beispielzitierungen:<\/h3>\n<p><span style=\"text-decoration: underline;\">Fu\u00dfnoten:<br \/>\n<\/span>1 <i>Mares, I.<\/i>, [Comparative Advantage], S. 22-24<br \/>\n<i>2 Isaacson, W.<\/i>, [Steve], S. 323<br \/>\n3 O.V., [CSL Search]<br \/>\n<i>4 Hawking, S.<\/i>, [Universes], Kap. 3<br \/>\n<i>5 Campbell, J. L.\/Pedersen, O. K.<\/i>, [Capitalism and Hybrid Success]<\/p>\n<p><span style=\"text-decoration: underline;\">Literaturverzeichnis:<\/span><u><br \/>\n<\/u><\/p>\n<div id=\"formattedBibliography\">\n<div id=\"formattedBibliography\">\n<div id=\"formattedBibliography\">\n<div class=\"csl-entry-container\">\n<div class=\"bibliography-csl-entry\">\n<div class=\"csl-entry\">\n<div id=\"formattedBibliography\">\n<div class=\"csl-entry-container\">\n<div class=\"bibliography-csl-entry\"><\/div>\n<\/div>\n<div class=\"csl-entry-container\">\n<div class=\"bibliography-csl-entry\">\n<div class=\"csl-entry\">\n<div class=\"csl-entry\">Campbell, John L.\/Pedersen, Ove K.: &#8222;The Varieties of Capitalism and Hybrid Success&#8220; [Capitalism and Hybrid Success]; in: Comparative Political Studies 40 (2007); Heft 3; S. 303\u2013323<\/div>\n<div class=\"csl-entry\">Hawking, Stephen: &#8222;Properties of expanding universes&#8220; [Universes]; Cambridge; University of Cambridge; 1966<\/div>\n<div class=\"csl-entry\">Isaacson, Walter: &#8222;Steve Jobs&#8220; [Steve]; 2.Aufl.; New York, NY; Simon &amp; Schuster; 2011<\/div>\n<div class=\"csl-entry\">Mares, Isabela: &#8222;The Institutional Foundations of Comparative Advantage&#8220; [Comparative Advantage]; in: <i>Peter A. Hall<\/i>\/<i>David Soskice<\/i> (Hrsg.); Varieties of capitalism. <i>The institutional foundations of comparative advantage<\/i>; 3.Aufl.; New York; Oxford University Press; S. 184\u2013213<\/div>\n<div class=\"csl-entry\">O.V.: &#8222;CSL Search by Example&#8220; [CSL Search]; <a href=\"https:\/\/editor.citationstyles.org\/searchByExample\/\" target=\"_blank\" rel=\"noopener\">https:\/\/editor.citationstyles.org\/searchByExample\/<\/a> (2017\u2013Mai\u201307) [Zugriff 2017-08-10]<\/div>\n<\/div>\n<\/div>\n<\/div>\n<\/div>\n<p><span class=\"group\"><span class=\"macro\"><span class=\"names\">\u00a0<\/span><\/span><\/span><\/p>\n<\/div>\n<\/div>\n<\/div>\n<\/div>\n<\/div>\n<\/div>\n<p>&nbsp;<\/p>\n<p id=\"isPasted\" data-sourcepos=\"15:1-15:54\"><strong>Warum f\u00fcr den offiziellen Hochschule Karlsruhe (HKA) &#8211; Fakult\u00e4t f\u00fcr Architektur und Bauwesen nach Prof. Korn Zitierstil bezahlen?<\/strong><\/p>\n<ul data-sourcepos=\"17:1-21:0\">\n<li data-sourcepos=\"17:1-17:130\"><strong>Hochwertige Programmierung:<\/strong> Der Stil wurde von einem <a href=\"https:\/\/citationstyler.com\/professioneller-zotero-stilentwickler-csl-experte\/\">erfahrenen Zitierstilexperten<\/a> entwickelt und wird st\u00e4ndig aktualisiert.<\/li>\n<li data-sourcepos=\"18:1-18:161\"><strong>Exklusivit\u00e4t:<\/strong> Der Stil ist <strong>nicht kostenlos<\/strong> erh\u00e4ltlich und bietet Ihnen somit die Gewissheit, dass Sie ein <strong>qualitativ hochwertiges Produkt<\/strong> erwerben.<\/li>\n<li data-sourcepos=\"19:1-19:129\"><strong>Faire Preise:<\/strong> Der Preis f\u00fcr den Stil ist deutlich g\u00fcnstiger als die Kosten f\u00fcr eine professionelle Lektoratsdienstleistung.<\/li>\n<li data-sourcepos=\"20:1-21:0\"><strong>Unterst\u00fctzung des Entwicklers:<\/strong> Mit dem Kauf des Stils unterst\u00fctzen Sie die weitere Entwicklung und Pflege des Stils.<\/li>\n<\/ul>\n<p>&nbsp;<\/p>\n<p id=\"isPasted\" data-sourcepos=\"24:1-24:62\"><strong>Bestellen Sie jetzt und profitieren Sie von den Vorteilen:<\/strong><\/p>\n<ul data-sourcepos=\"26:1-29:0\">\n<li data-sourcepos=\"26:1-26:87\"><strong>Schnelle Lieferung:<\/strong> Du erh\u00e4ltst den Stil sofort nach Zahlungseingang per E-Mail.<\/li>\n<li data-sourcepos=\"27:1-27:119\"><strong>Einfache Installation:<\/strong> Der Stil l\u00e4sst sich mit wenigen Klicks in deinem Literaturverwaltungsprogramm installieren.<\/li>\n<li data-sourcepos=\"28:1-29:0\"><strong>Sichere Bezahlung:<\/strong> Bezahle bequem und sicher per PayPal oder Kreditkarte.<\/li>\n<\/ul>\n<p>&nbsp;<\/p>\n<h3>Hinweise zum Zitierstil<\/h3>\n<p><span style=\"text-decoration: underline;\"><strong>Fehler im Stil?<\/strong><\/span><u><strong><br \/>\n<\/strong><\/u>Die Datei ist nur zum Gebrauch auf dem Computer derjenigen Person bestimmt, die den Zitierstil gekauft hat. Das Weiterleiten der Datei an weitere Nutzer kann als Urheberrechtsversto\u00df geahndet werden.<\/p>\n<p>Falsche Dateneingabe oder Benutzeranwendungen k\u00f6nnen zu Fehlern sorgen. Als Autor deiner Arbeit bist du f\u00fcr etwaige Fehler selbst verantwortlich und es wird auf die Kontrolle aller Zitate empfohlen.<strong id=\"isPasted\"><\/strong><\/p>\n","protected":false},"excerpt":{"rendered":"<h3>No more tedious citation formatting!<\/h3>\n<p>With the official <strong><span id=\"isPasted\">citation style <\/span>f\u00fcr die Hochschule Karlsruhe &#8211; Fakult\u00e4t f\u00fcr Architektur und Bauwesen nach Prof. Korn<\/strong> for Zotero, RefWorks, Papers and other reference managers you'll be able to write your thesis error-free and without headaches.<\/p>\n<p>Benefit from:<\/p>\n<ul>\n<li><strong>Automatic formatting <\/strong>von Zitaten im Text und Literaturverzeichnis gem\u00e4\u00df den <strong>aktuellen Richtlinien: Mai 2023 (Anhang A7)<\/strong><\/li>\n<li><strong>Saving valuable time and stress:<\/strong> Forget about hours of manual formatting and concentrate on the essentials: your scientific work.<\/li>\n<li><strong>Compatibility with various programs:<\/strong> Use the style with Zotero, RefWorks, Papers, Mendeley Desktop and <a href=\"https:\/\/citationstyles.org\/\" target=\"_blank\" rel=\"noopener noreferrer\">many more<\/a> reference managers.<\/li>\n<li><strong>Comprehensive support:<\/strong> Detailed installation instructions, FAQs and a public library with citation examples will help you to use the style.<\/li>\n<\/ul>","protected":false},"featured_media":9850,"comment_status":"open","ping_status":"closed","template":"","meta":[],"product_cat":[24],"product_tag":[],"class_list":{"0":"post-14155","1":"product","2":"type-product","3":"status-publish","4":"has-post-thumbnail","6":"product_cat-universitaetsstile","8":"first","9":"instock","10":"virtual","11":"taxable","12":"purchasable","13":"product-type-simple"},"_links":{"self":[{"href":"https:\/\/citationstyler.com\/en\/wp-json\/wp\/v2\/product\/14155","targetHints":{"allow":["GET"]}}],"collection":[{"href":"https:\/\/citationstyler.com\/en\/wp-json\/wp\/v2\/product"}],"about":[{"href":"https:\/\/citationstyler.com\/en\/wp-json\/wp\/v2\/types\/product"}],"replies":[{"embeddable":true,"href":"https:\/\/citationstyler.com\/en\/wp-json\/wp\/v2\/comments?post=14155"}],"wp:featuredmedia":[{"embeddable":true,"href":"https:\/\/citationstyler.com\/en\/wp-json\/wp\/v2\/media\/9850"}],"wp:attachment":[{"href":"https:\/\/citationstyler.com\/en\/wp-json\/wp\/v2\/media?parent=14155"}],"wp:term":[{"taxonomy":"product_cat","embeddable":true,"href":"https:\/\/citationstyler.com\/en\/wp-json\/wp\/v2\/product_cat?post=14155"},{"taxonomy":"product_tag","embeddable":true,"href":"https:\/\/citationstyler.com\/en\/wp-json\/wp\/v2\/product_tag?post=14155"}],"curies":[{"name":"wp","href":"https:\/\/api.w.org\/{rel}","templated":true}]}}