{"id":14207,"date":"2025-12-18T13:24:06","date_gmt":"2025-12-18T12:24:06","guid":{"rendered":"https:\/\/citationstyler.com\/?post_type=product&#038;p=14207"},"modified":"2026-04-27T17:38:36","modified_gmt":"2026-04-27T15:38:36","slug":"citation-style-e-learning-group","status":"publish","type":"product","link":"https:\/\/citationstyler.com\/en\/zitierstile\/zitierstil-e-learning-group\/","title":{"rendered":"Zotero citation style for the E-Learning Group"},"content":{"rendered":"<p>Dieser Zitierstil erstellt <strong>Fu\u00dfnoten <\/strong>und <strong>Literaturverzeichnis<\/strong> am Ende.<\/p>\n<h3>Beispielzitierungen:<\/h3>\n<p><span style=\"text-decoration: underline;\">Fu\u00dfnoten:<br \/>\n<\/span>1 Ahlquist et al. (2009) S. 33.<br \/>\n2 Hawking (1966) S. 44ff.<br \/>\n3 Ahlquist et al. (2009).<br \/>\n4 Vgl. Isaacson (2011).<br \/>\n5 Mares (2001); Campbell et al. (2007); O.V. (2017).<\/p>\n<p><span style=\"text-decoration: underline;\">Literaturverzeichnis:<\/span><u><br \/>\n<\/u><\/p>\n<div class=\"csl-entry\">Ahlquist, John S. \/ Breunig, Christian (2009): Country clustering in comparative political economy, 2009, https:\/\/ideas.repec.org\/p\/zbw\/mpifgd\/095.html. [Zugriff am: 23.03.2020]<\/div>\n<div class=\"csl-entry\">Borges, Jorge Luis (1999): Selected Non-Fictions, Band 1, 3. Aufl., New York: Viking, , https:\/\/www.penguinrandomhouse.com\/books\/331517\/selected-non-fictions-by-jorge-luis-borges-edited-by-eliot-weinberger-translated-by-esther-allen-suzanne-jill-levine-and-eliot-weinberger\/. [Zugriff am: 21.11.2018]<\/div>\n<div class=\"csl-entry\">Campbell, John L. \/ Pedersen, Ove K. (2007): \u201eThe Varieties of Capitalism and Hybrid Success\u201c, in: Comparative Political Studies, Bd. 40, Nr. 3, S. 303\u2013323, http:\/\/journals.sagepub.com\/doi\/abs\/10.1177\/0010414006286542. [Zugriff am: 25.12.2016]<\/div>\n<div class=\"csl-entry\">Hawking, Stephen (1966): Properties of expanding universes, Doctoral Thesis, Cambridge, University of Cambridge, https:\/\/www.repository.cam.ac.uk\/handle\/1810\/251038. [Zugriff am: 26.12.2021]<\/div>\n<div class=\"csl-entry\">Isaacson, Walter (2011): Steve Jobs, 2. Aufl., New York, NY, Simon &amp; Schuster, https:\/\/www.simonandschuster.com\/books\/Steve-Jobs\/Walter-Isaacson\/9781982176860. [Zugriff am: 13.10.2023]<\/div>\n<div class=\"csl-entry\">Mares, Isabela (2001): The Institutional Foundations of Comparative Advantage, in: Hall, Peter A. \/ Soskice, David (Hrsg.): Varieties of capitalism. The institutional foundations of comparative advantage, Band 33, 3. Aufl., New York: Oxford University Press, S. 184\u2013213, http:\/\/www.oxfordscholarship.com\/view\/10.1093\/0199247757.001.0001\/acprof-9780199247752. [Zugriff am: 08.07.2020]<\/div>\n<div class=\"csl-entry\">O.V. (2017): CSL Search by Example, Citation Style Editor, https:\/\/editor.citationstyles.org\/searchByExample\/. [Zugriff am: 10.08.2017]<\/div>\n<p>&nbsp;<\/p>\n<p><strong>Warum f\u00fcr diesen E-Learning Group Zitierstil bezahlen?<\/strong><\/p>\n<ul>\n<li data-sourcepos=\"17:1-17:130\"><strong>Hochwertige Programmierung:<\/strong> Der Stil wurde von einem <a href=\"https:\/\/citationstyler.com\/professioneller-zotero-stilentwickler-csl-experte\/\">erfahrenen Zitierstilexperten<\/a> entwickelt und wird st\u00e4ndig aktualisiert.<\/li>\n<li data-sourcepos=\"18:1-18:161\"><strong>Exklusivit\u00e4t:<\/strong> Der Stil ist <strong>nicht kostenlos<\/strong> erh\u00e4ltlich und bietet Ihnen somit die Gewissheit, dass Sie ein <strong>qualitativ hochwertiges Produkt<\/strong> erwerben.<\/li>\n<li data-sourcepos=\"19:1-19:129\"><strong>Faire Preise:<\/strong> Der Preis f\u00fcr den Stil ist deutlich g\u00fcnstiger als die Kosten f\u00fcr eine professionelle Lektoratsdienstleistung.<\/li>\n<li data-sourcepos=\"20:1-21:0\"><strong>Unterst\u00fctzung des Entwicklers:<\/strong> Mit dem Kauf des Stils unterst\u00fctzen Sie die weitere Entwicklung und Pflege des Stils.<\/li>\n<\/ul>\n<p>&nbsp;<\/p>\n<p id=\"isPasted\" data-sourcepos=\"24:1-24:62\"><strong>Bestellen Sie jetzt und profitieren Sie von den Vorteilen:<\/strong><\/p>\n<ul data-sourcepos=\"26:1-29:0\">\n<li data-sourcepos=\"26:1-26:87\"><strong>Schnelle Lieferung:<\/strong> Du erh\u00e4ltst den Stil sofort nach Zahlungseingang per E-Mail.<\/li>\n<li data-sourcepos=\"27:1-27:119\"><strong>Einfache Installation:<\/strong> Der Stil l\u00e4sst sich mit wenigen Klicks in deinem Literaturverwaltungsprogramm installieren.<\/li>\n<li data-sourcepos=\"28:1-29:0\"><strong>Sichere Bezahlung:<\/strong> Bezahle bequem und sicher per PayPal oder Kreditkarte.<\/li>\n<\/ul>\n<p>&nbsp;<\/p>\n<h3>Hinweise zum Zitierstil<\/h3>\n<p><span style=\"text-decoration: underline;\"><strong>&#8222;vgl.&#8220; fehlt? Wie kann ich das bewerkstelligen?<\/strong><\/span><br \/>\nDies kann in Zotero mittels des Pr\u00e4fixfelds hinzugef\u00fcgt werden. Dazu in Word auf die Zitierung klicken und es erscheint ein Feld, um <strong>Pr\u00e4-<\/strong> und <strong>Suffix<\/strong>, als auch das Feld f\u00fcr die genau <strong>Stellenangabe <\/strong>anzugeben. Siehe hierzu folgenden Artikel, <a href=\"https:\/\/www.zotero.org\/support\/word_processor_plugin_usage\" target=\"_blank\" rel=\"noopener\">wie man Zotero in Word richtig nutzt<\/a>.<\/p>\n<p><span style=\"text-decoration: underline;\"><strong>F\u00fcr welche Institutionen und Universit\u00e4t gilt dieser Stil?<br \/>\n<\/strong><\/span>Zur e-Learning Group geh\u00f6ren mehrere Unis und FHs. So auch das BFI Wien, FH Joanneum, die Brand University und weitere. Bitte vor dem Kauf genau pr\u00fcfen, ob dieser Stil\u00a0 den Vorgaben entspricht, denen du folgen sollst. Gerne kannst du mir eine kurze Email mit einem Link\/PDF deiner Richtlinien schicken und gleiche das gerne ab.<\/p>\n<p><span style=\"text-decoration: underline;\"><strong>Fehler im Stil?<\/strong><\/span><u><strong><br \/>\n<\/strong><\/u>Die Datei ist nur zum Gebrauch auf dem Computer derjenigen Person bestimmt, die den Zitierstil gekauft hat. Das Weiterleiten der Datei an weitere Nutzer kann als Urheberrechtsversto\u00df geahndet werden.<\/p>\n<p>Falsche Dateneingabe oder Benutzeranwendungen k\u00f6nnen zu Fehlern sorgen. Als Autor deiner Arbeit bist du f\u00fcr etwaige Fehler selbst verantwortlich und es wird auf die Kontrolle aller Zitate empfohlen.<strong id=\"isPasted\"><\/strong><\/p>\n","protected":false},"excerpt":{"rendered":"<h3>No more tedious citation formatting!<\/h3>\n<p>With the official <strong><span id=\"isPasted\">citation style <\/span>f\u00fcr die E-Learning Group<\/strong> for Zotero, RefWorks, Papers and other reference managers you'll be able to write your thesis error-free and without headaches.<\/p>\n<p>Benefit from:<\/p>\n<ul>\n<li><strong>Automatic formatting <\/strong>von Zitaten im Text und Literaturverzeichnis gem\u00e4\u00df den <strong>current guidelines<\/strong><\/li>\n<li><strong>Saving valuable time and stress:<\/strong> Forget about hours of manual formatting and concentrate on the essentials: your scientific work.<\/li>\n<li><strong>Compatibility with various programs:<\/strong> Use the style with Zotero, RefWorks, Papers, Mendeley Desktop and <a href=\"https:\/\/citationstyles.org\/\" target=\"_blank\" rel=\"noopener noreferrer\">many more<\/a> reference managers.<\/li>\n<li><strong>Comprehensive support:<\/strong> Detailed installation instructions, FAQs and a public library with citation examples will help you to use the style.<\/li>\n<\/ul>","protected":false},"featured_media":14208,"comment_status":"open","ping_status":"closed","template":"","meta":[],"product_cat":[24],"product_tag":[],"class_list":{"0":"post-14207","1":"product","2":"type-product","3":"status-publish","4":"has-post-thumbnail","6":"product_cat-universitaetsstile","8":"first","9":"instock","10":"virtual","11":"taxable","12":"purchasable","13":"product-type-simple"},"_links":{"self":[{"href":"https:\/\/citationstyler.com\/en\/wp-json\/wp\/v2\/product\/14207","targetHints":{"allow":["GET"]}}],"collection":[{"href":"https:\/\/citationstyler.com\/en\/wp-json\/wp\/v2\/product"}],"about":[{"href":"https:\/\/citationstyler.com\/en\/wp-json\/wp\/v2\/types\/product"}],"replies":[{"embeddable":true,"href":"https:\/\/citationstyler.com\/en\/wp-json\/wp\/v2\/comments?post=14207"}],"wp:featuredmedia":[{"embeddable":true,"href":"https:\/\/citationstyler.com\/en\/wp-json\/wp\/v2\/media\/14208"}],"wp:attachment":[{"href":"https:\/\/citationstyler.com\/en\/wp-json\/wp\/v2\/media?parent=14207"}],"wp:term":[{"taxonomy":"product_cat","embeddable":true,"href":"https:\/\/citationstyler.com\/en\/wp-json\/wp\/v2\/product_cat?post=14207"},{"taxonomy":"product_tag","embeddable":true,"href":"https:\/\/citationstyler.com\/en\/wp-json\/wp\/v2\/product_tag?post=14207"}],"curies":[{"name":"wp","href":"https:\/\/api.w.org\/{rel}","templated":true}]}}