{"id":3647,"date":"2024-03-12T16:22:18","date_gmt":"2024-03-12T15:22:18","guid":{"rendered":"https:\/\/citationstyler.com\/?post_type=product&#038;p=3647"},"modified":"2026-04-27T17:38:39","modified_gmt":"2026-04-27T15:38:39","slug":"citation-style-rwth-aachen-institut-fuer-politische-wissenschaft","status":"publish","type":"product","link":"https:\/\/citationstyler.com\/en\/zitierstile\/zitierstil-rwth-aachen-institut-fuer-politische-wissenschaft\/","title":{"rendered":"Zitierstil RWTH Aachen &#8211; Institut f\u00fcr Politische Wissenschaft"},"content":{"rendered":"<h3>Beispielzitierungen:<\/h3>\n<p><span style=\"text-decoration: underline;\">Author-Datum im Text:<br \/>\n<\/span>(<span class=\"group\"><span class=\"macro\"><span class=\"names\">Borges<\/span><\/span> <span class=\"macro\"><span class=\"date\">1999<\/span><\/span><\/span>)<br \/>\n(<span class=\"group\"><span class=\"macro\"><span class=\"names\">Campbell\/Pedersen<\/span><\/span> <span class=\"macro\"><span class=\"date\">2007<\/span><\/span>: <span class=\"macro\"><span class=\"text\">244\u2013252<\/span><\/span><\/span>, <span class=\"group\"><span class=\"macro\"><span class=\"text\">o. V.<\/span><\/span> <span class=\"macro\"><span class=\"date\">2012<\/span><\/span><\/span>)<br \/>\n(<span class=\"group\"><span class=\"macro\"><span class=\"names\">Mares<\/span><\/span> <span class=\"macro\"><span class=\"date\">2001<\/span><\/span>: <span class=\"macro\"><span class=\"text\">244\u2013252<\/span><\/span><\/span>)<\/p>\n<p><span style=\"text-decoration: underline;\">Bibliographie:<br \/>\n<\/span><span class=\"group\"><span class=\"macro\"><span class=\"names\">Borges, Jorge Luis<\/span><\/span> (<span class=\"macro\"><span class=\"date\">1999<\/span><\/span>): <span class=\"macro\"><span class=\"text\">Selected non-fictions<\/span><\/span>, <span class=\"macro\"><span class=\"label\">Bd.<\/span> <span class=\"text\">1<\/span><\/span>, <span class=\"macro\"><span class=\"number\">3.<\/span> <span class=\"text\">Auflage<\/span><\/span>, <span class=\"macro\"><span class=\"text\">New York, NY,<\/span> <span class=\"text\">Viking<\/span><\/span><\/span>.<br \/>\n<span class=\"group\"><span class=\"macro\"><span class=\"names\">Campbell, John L.\/Pedersen, Ove K.<\/span><\/span> (<span class=\"macro\"><span class=\"date\">2007<\/span><\/span>): <span class=\"macro\"><span class=\"text\">The varieties of capitalism and hybrid success<\/span><\/span>, <span class=\"text\">in:<\/span> <span class=\"text\">Comparative Political Studies<\/span>, <span class=\"text\">40.<\/span> <span class=\"label\">Jg.<\/span>, <span class=\"label\">Heft<\/span> <span class=\"text\">3<\/span>, <span class=\"macro\"><span class=\"text\">S.<\/span> <span class=\"text\">307\u2013332<\/span><\/span><\/span>.<br \/>\n<span class=\"group\"><span class=\"macro\"><span class=\"names\">Mares, Isabela<\/span><\/span> (<span class=\"macro\"><span class=\"date\">2001<\/span><\/span>): <span class=\"macro\"><span class=\"text\">Firms and the welfare state: When, why, and how does social policy matter to employers?<\/span><\/span>, <span class=\"text\">in:<\/span> <span class=\"names\">Hall, Peter A.\/Soskice, David (Hrsg.)<\/span>, <span class=\"text\">Varieties of capitalism. The institutional foundations of comparative advantage,<\/span> <span class=\"macro\"><span class=\"text\">New York,<\/span> <span class=\"text\">Oxford University Press<\/span><\/span>, <span class=\"macro\"><span class=\"text\">S.<\/span> <span class=\"text\">184\u2013213<\/span><\/span><\/span>.<br \/>\n<span class=\"group\"><span class=\"macro\"><span class=\"text\">O. V.<\/span><\/span> (<span class=\"macro\"><span class=\"date\">2012<\/span><\/span>): <span class=\"macro\"><span class=\"text\">CSL search by example<\/span><\/span>, <span class=\"macro\"><span class=\"text\">online im Internet:<\/span> <span class=\"text\">https:\/\/editor.citationstyles.org\/searchByExample\/<\/span>, 02.07.2012, [<span class=\"text\">zugegriffen am:<\/span> <span class=\"date\">15. Dezember 2012<\/span>]<\/span><\/span>.<\/p>\n<p>&nbsp;<\/p>\n<p id=\"isPasted\" data-sourcepos=\"15:1-15:54\"><strong>Warum f\u00fcr diesen RWTH Aachen IPW Zitierstil bezahlen?<\/strong><\/p>\n<ul data-sourcepos=\"17:1-21:0\">\n<li data-sourcepos=\"17:1-17:130\"><strong>Hochwertige Programmierung:<\/strong> Der Stil wurde von einem <a href=\"https:\/\/citationstyler.com\/professioneller-zotero-stilentwickler-csl-experte\/\">erfahrenen Zitierstilexperten<\/a> entwickelt und wird st\u00e4ndig aktualisiert.<\/li>\n<li data-sourcepos=\"18:1-18:161\"><strong>Exklusivit\u00e4t:<\/strong> Der Stil ist <strong>nicht kostenlos<\/strong> erh\u00e4ltlich und bietet Ihnen somit die Gewissheit, dass Sie ein <strong>qualitativ hochwertiges Produkt<\/strong> erwerben.<\/li>\n<li data-sourcepos=\"19:1-19:129\"><strong>Faire Preise:<\/strong> Der Preis f\u00fcr den Stil ist deutlich g\u00fcnstiger als die Kosten f\u00fcr eine professionelle Lektoratsdienstleistung.<\/li>\n<li data-sourcepos=\"20:1-21:0\"><strong>Unterst\u00fctzung des Entwicklers:<\/strong> Mit dem Kauf des Stils unterst\u00fctzen Sie die weitere Entwicklung und Pflege des Stils.<\/li>\n<\/ul>\n<p>&nbsp;<\/p>\n<p id=\"isPasted\" data-sourcepos=\"24:1-24:62\"><strong>Bestellen Sie jetzt und profitieren Sie von den Vorteilen:<\/strong><\/p>\n<ul data-sourcepos=\"26:1-29:0\">\n<li data-sourcepos=\"26:1-26:87\"><strong>Schnelle Lieferung:<\/strong> Du erh\u00e4ltst den Stil sofort nach Zahlungseingang per E-Mail.<\/li>\n<li data-sourcepos=\"27:1-27:119\"><strong>Einfache Installation:<\/strong> Der Stil l\u00e4sst sich mit wenigen Klicks in deinem Literaturverwaltungsprogramm installieren.<\/li>\n<li data-sourcepos=\"28:1-29:0\"><strong>Sichere Bezahlung:<\/strong> Bezahle bequem und sicher per PayPal oder Kreditkarte.<\/li>\n<\/ul>\n<p>&nbsp;<\/p>\n<h3>Hinweise zum Stil<\/h3>\n<p><span style=\"text-decoration: underline;\"><strong>&#8222;vgl.&#8220; fehlt im Stil?<\/strong><\/span><br \/>\nDa der Stil sowohl f\u00fcr direkte, als auch indirekte Zitate nutzbar sein muss, wird &#8222;vgl.&#8220; nicht vom Stil eingef\u00fcgt. Dies kann aber sehr einfach bei der Zitierung mittels des Pr\u00e4fix Feldes wenn n\u00f6tig hinzugef\u00fcgt werden. Siehe hierzu folgende <a href=\"https:\/\/www.zotero.org\/support\/word_processor_plugin_usage\" target=\"_blank\" rel=\"noopener noreferrer\">Anleitung<\/a>.<\/p>\n<p><span style=\"text-decoration: underline;\"><strong>Wie muss ich Gesetzestexte eingeben, um den richtigen Output zu erhalten?<\/strong><\/span><br \/>\nEintragsart: Statute\/Legislation<br \/>\n<em>\u00a0\u00a0\u00a0 Titelfeld: ver\u00f6ffentlicht am 18.08.1896, zuletzt ge\u00e4ndert am 12.09.1990<\/em><br \/>\n<em>\u00a0\u00a0\u00a0 Autor: B\u00fcrgerliches Gesetzbuch (BGB)<\/em><br \/>\n<em>\u00a0\u00a0\u00a0 Date enacted: 1990<\/em><br \/>\n<em>\u00a0\u00a0\u00a0 Extrafeld: edition: 32<\/em><br \/>\n<em>\u00a0\u00a0\u00a0\u00a0\u00a0\u00a0\u00a0\u00a0\u00a0\u00a0\u00a0\u00a0\u00a0\u00a0\u00a0\u00a0\u00a0\u00a0\u00a0\u00a0\u00a0\u00a0\u00a0 publisher-place: M\u00fcnchen<\/em><\/p>\n<p><span style=\"text-decoration: underline;\"><strong>Fehler im Stil?<\/strong><\/span><br \/>\nBei komplexen Stilen wie diesem kann es in Spezialf\u00e4llen leicht zu Diskrepanzen f\u00fchren. Bitte konsultieren Sie zuerst die Zitierrichtlinien und \u00fcberpr\u00fcfen sie anhand eines funktionierenden Beispiels, ob die Daten <strong>richtig! <\/strong>in Zotero <strong>eingegeben <\/strong>sind. Falls es dennoch so aussieht, dass der Stil selbst einen Fehler hat, bitte schreiben Sie mir per <a href=\"mailto:info@citationstyler.com\">info@citationstyler.com<\/a>.<\/p>\n<p><span style=\"text-decoration: underline;\"><strong>Disclaimer<\/strong><\/span><br \/>\nDie Datei ist nur zum Gebrauch auf dem Computer derjenigen Person bestimmt, die den Zitierstil gekauft hat. Das Weiterleiten der Datei an weitere Nutzer kann als Urheberrechtsversto\u00df geahndet werden.<\/p>\n<p>Falsche Dateneingabe oder Benutzeranwendungen k\u00f6nnen zu Fehlern sorgen. Als Autor deiner Arbeit bist du f\u00fcr etwaige Fehler selbst verantwortlich und es wird auf die Kontrolle aller Zitate empfohlen.<\/p>\n","protected":false},"excerpt":{"rendered":"<h3>No more tedious citation formatting!<\/h3>\n<p>With the official <b>Zitierstil f\u00fcr die\u00a0RWTH Aachen &#8211; Institut f\u00fcr Politische Wissenschaft<\/b>for Zotero, RefWorks, Papers and other reference management programs, you can create your thesis quickly and error-free.<\/p>\n<p><b>Benefit from:<\/b><\/p>\n<ul>\n<li><b>Automatic formatting <\/b>von Fu\u00dfnoten oder Autor-Datum-Zitaten im Text und Literaturverzeichnis gem\u00e4\u00df den <strong>aktuellen Richtlinien der RWTH Aachen, IPW (Februar 2022)<\/strong>.<\/li>\n<li><b>Saving valuable time and stress:<\/b> Forget about hours of manual formatting and concentrate on the essentials: your scientific work.<\/li>\n<li><b>Compatibility with various programs:<\/b> Use the style with Zotero, RefWorks, Papers, Mendeley Desktop and <a href=\"https:\/\/citationstyles.org\/\" target=\"_blank\" rel=\"noopener noreferrer\">many more<\/a> reference managers.<\/li>\n<li><b>Comprehensive support:<\/b> Detailed installation instructions, FAQs and a public library with citation examples will help you to use the style.<\/li>\n<\/ul>","protected":false},"featured_media":3769,"comment_status":"open","ping_status":"closed","template":"","meta":[],"product_cat":[24],"product_tag":[],"class_list":{"0":"post-3647","1":"product","2":"type-product","3":"status-publish","4":"has-post-thumbnail","6":"product_cat-universitaetsstile","8":"first","9":"instock","10":"virtual","11":"taxable","12":"purchasable","13":"product-type-simple"},"_links":{"self":[{"href":"https:\/\/citationstyler.com\/en\/wp-json\/wp\/v2\/product\/3647","targetHints":{"allow":["GET"]}}],"collection":[{"href":"https:\/\/citationstyler.com\/en\/wp-json\/wp\/v2\/product"}],"about":[{"href":"https:\/\/citationstyler.com\/en\/wp-json\/wp\/v2\/types\/product"}],"replies":[{"embeddable":true,"href":"https:\/\/citationstyler.com\/en\/wp-json\/wp\/v2\/comments?post=3647"}],"wp:featuredmedia":[{"embeddable":true,"href":"https:\/\/citationstyler.com\/en\/wp-json\/wp\/v2\/media\/3769"}],"wp:attachment":[{"href":"https:\/\/citationstyler.com\/en\/wp-json\/wp\/v2\/media?parent=3647"}],"wp:term":[{"taxonomy":"product_cat","embeddable":true,"href":"https:\/\/citationstyler.com\/en\/wp-json\/wp\/v2\/product_cat?post=3647"},{"taxonomy":"product_tag","embeddable":true,"href":"https:\/\/citationstyler.com\/en\/wp-json\/wp\/v2\/product_tag?post=3647"}],"curies":[{"name":"wp","href":"https:\/\/api.w.org\/{rel}","templated":true}]}}