{"id":3926,"date":"2024-04-03T09:02:11","date_gmt":"2024-04-03T07:02:11","guid":{"rendered":"https:\/\/citationstyler.com\/?post_type=product&#038;p=3926"},"modified":"2026-04-27T17:38:39","modified_gmt":"2026-04-27T15:38:39","slug":"citation-style-hochschule-augsburg-fakultat-wirtschaft","status":"publish","type":"product","link":"https:\/\/citationstyler.com\/en\/zitierstile\/zitierstil-hochschule-augsburg-fakultat-wirtschaft\/","title":{"rendered":"Zitierstil Hochschule Augsburg &#8211; Fakult\u00e4t f\u00fcr Wirtschaft"},"content":{"rendered":"<p><u>Example citations:<\/u><\/p>\n<p><u>Footnotes:<\/u><\/p>\n<div id=\"formattedCitations\">\n<div id=\"formattedCitations\">\n<div class=\"csl-entry-container\">\n<div class=\"inline-csl-entry\"><span class=\"group\"><span class=\"macro\"><span class=\"names\">1 Campbell, John L. und Pedersen, Ove K. (2007)<br \/>\n2 Mares, Isabela (2011), S. 184\u2013213.<br \/>\n<\/span><\/span><\/span><\/div>\n<\/div>\n<\/div>\n<\/div>\n<p><u>Bibliography:<br \/>\n<\/u><\/p>\n<div id=\"formattedBibliography\">Campbell, John L. und Pedersen, Ove K.: The varieties of capitalism and hybrid success, in: Comparative Political Studies, 40 Band 2007, Heft 3, 307\u2013332. https:\/\/doi.org\/10.1177\/0010414006286542<br \/>\nIsaacson, Walter: Steve Jobs, Simon &amp; Schuster 201<br \/>\nMares, Isabela: Firms and the welfare state: When, why, and how does social policy matter to employers?, in: Varieties of capitalism. The institutional foundations of comparative advantage, Hrsg. Hall, Peter A. und Soskice, David, Oxford University Press 2001, S. 184\u201321<\/div>\n<p>&nbsp;<\/p>\n<p id=\"isPasted\" data-sourcepos=\"15:1-15:54\"><strong>Warum f\u00fcr den offiziellen Hochschule Augsburg &#8211; Fakult\u00e4t f\u00fcr Wirtschaft Zitierstil bezahlen?<\/strong><\/p>\n<ul data-sourcepos=\"17:1-21:0\">\n<li data-sourcepos=\"17:1-17:130\"><strong>High-quality coding:<\/strong> The style has been developed by a <a href=\"https:\/\/citationstyler.com\/en\/professional-zotero-style-developer-csl-expert\/\">experienced Zotero style expert<\/a> and is continuously maintained and updated.<\/li>\n<li data-sourcepos=\"18:1-18:161\"><strong>Exclusivity:<\/strong> The style is <strong>no free<\/strong> and thus offers you the certainty that you are getting a <strong>high-quality<\/strong> product.<\/li>\n<li data-sourcepos=\"19:1-19:129\"><strong>Fair price<\/strong> The price for the style is significantly cheaper than the cost of a professional proofreading service.<\/li>\n<li data-sourcepos=\"20:1-21:0\"><strong>Support of the developer:<\/strong> By purchasing the style, you support the further development and maintenance of the style.<\/li>\n<\/ul>\n<p>&nbsp;<\/p>\n<p id=\"isPasted\" data-sourcepos=\"24:1-24:62\"><strong>Order now and benefit from the advantages:<\/strong><\/p>\n<ul data-sourcepos=\"26:1-29:0\">\n<li data-sourcepos=\"26:1-26:87\"><strong>Fast delivery:<\/strong> You will receive the style by e-mail immediately after receipt of payment.<\/li>\n<li data-sourcepos=\"27:1-27:119\"><strong>Simple installation:<\/strong> The style can be installed in your reference management program with just a few clicks.<\/li>\n<li data-sourcepos=\"28:1-29:0\"><strong>Secure payment:<\/strong> Pay conveniently and securely by PayPal or credit card.<\/li>\n<\/ul>\n<p>&nbsp;<\/p>\n<h2><strong>FAQ - Frequently Asked Questions<\/strong><\/h2>\n<p><u><strong>How can I install the citation style in Zotero?<\/strong><\/u> (for other software please consult the manufacturer)<br \/>\n<strong>Option 1:<\/strong> Double click on the file. Zotero should automatically recognise and install the .csl file.<br \/>\n<strong>Option 2:<\/strong>: In Zotero auf &#8222;Bearbeiten&#8220; &gt; &#8222;Einstellungen&#8220; &gt; &#8222;Zitieren&#8220; &gt; &#8222;Stile&#8220; gehen. Dort auf das &#8222;+&#8220; klicken und die .csl Datei ausw\u00e4hlen.<\/p>\n<p><u><strong>How to install the citation style in Mendeley Desktop?<\/strong><\/u> (for other software please consult the manufacturer)<br \/>\n1. In Mendeley, &#8222;View&#8220; &gt; &#8222;Citation Style&#8220; &gt; &#8222;More Styles&#8220;.<br \/>\n2. drag the downloaded .csl file into the field.<br \/>\n3. now the style can be selected in the Word\/LibreOffice plugin.<\/p>\n<p><strong><u>Ich kann den Stil in &#8222;Mendeley Reference Manager\/Mendeley Cite&#8220; nicht installieren?<\/u><\/strong><br \/>\nMit 2020 hat Mendeley eine neue Version, den sog. Mendeley Reference Manager+Mendeley Cite, herausgebracht. Dieser kann aber noch keine Customstile wie diesen hier installieren. Ich empfehle daher entweder &#8222;Mendeley Desktop&#8220; zu benutzen oder direkt auf Zotero umzusteigen. Dieser ist wesentlich besser zu benutzen und hat weitaus besseren Support.<\/p>\n<p><strong><u>&#8222;vgl. fehlt?<\/u><\/strong><br \/>\nThis can be added in Zotero using the prefix field. To do this, click on the citation in Word and a field will appear to enter the prefix and suffix, as well as the exact page number.<\/p>\n<p><strong><u>Found an error?<\/u><\/strong><br \/>\nWith complex styles such as this, it can easily lead to discrepancies in special cases. Please consult the citation guidelines first and use a working example to check whether the data is entered <strong>correctly <\/strong>in <strong>Zotero. <\/strong>If it still looks like the style itself has an error, please write to me via <a href=\"mailto:info@citationstyler.com\">info@citationstyler.com<\/a>.<\/p>\n<p>The file is only intended for use on the computer of the person who purchased the citation style. Forwarding the file to other users may be punished as a copyright infringement. I take no responsibility for problems after the submission of a work. The author is responsible for checking citations and compliance with the guidelines.<\/p>\n<p>Each user is responsible for their work and the correct citations. Incorrect data entry or user applications can lead to errors. The creator of the style is not responsible for errors.<\/p>\n<p><strong id=\"isPasted\"><\/strong><strong><u>Updates<\/u>:<\/strong> (if you can't download the latest file here, please send a short email)<br \/>\n18.05.2021: Creation of the style<br \/>\n05.07.2021: Fix validation error; set double-spacing for bibliography<\/p>","protected":false},"excerpt":{"rendered":"<h3><strong>No more tedious citation formatting!<\/strong><\/h3>\n<p>With the official <strong><span id=\"isPasted\">citation style <\/span>f\u00fcr die Universit\u00e4t Augsburg &#8211; Fakult\u00e4t Wirtschaft<\/strong>for Zotero, RefWorks, Papers and other reference management programs, you can create your thesis quickly and error-free.<\/p>\n<p id=\"isPasted\" data-sourcepos=\"7:1-7:24\"><strong>Benefit from:<\/strong><\/p>\n<ul data-sourcepos=\"9:1-14:0\">\n<li data-sourcepos=\"9:1-9:204\"><strong>Automatic formatting <\/strong>of footnotes and bibliography according to the <strong>aktuellen Richtlinien vom 15. Mai 2017<\/strong>.<\/li>\n<li data-sourcepos=\"10:1-10:176\"><strong>Saving valuable time and stress:<\/strong> Forget about hours of manual formatting and concentrate on the essentials: your scientific work.<\/li>\n<li data-sourcepos=\"11:1-11:139\"><strong>Compatibility with various programs:<\/strong> Use the style with Zotero, RefWorks, Papers, Mendeley Desktop and <a href=\"https:\/\/citationstyles.org\/\" target=\"_blank\" rel=\"noopener noreferrer\">many more<\/a> reference managers.<\/li>\n<li data-sourcepos=\"13:1-14:0\"><strong>Comprehensive support:<\/strong> Detailed installation instructions, FAQs and a public library with citation examples will help you to use the style.<\/li>\n<\/ul>","protected":false},"featured_media":3945,"comment_status":"open","ping_status":"closed","template":"","meta":[],"product_cat":[24],"product_tag":[],"class_list":{"0":"post-3926","1":"product","2":"type-product","3":"status-publish","4":"has-post-thumbnail","6":"product_cat-universitaetsstile","8":"first","9":"instock","10":"virtual","11":"taxable","12":"purchasable","13":"product-type-simple"},"_links":{"self":[{"href":"https:\/\/citationstyler.com\/en\/wp-json\/wp\/v2\/product\/3926","targetHints":{"allow":["GET"]}}],"collection":[{"href":"https:\/\/citationstyler.com\/en\/wp-json\/wp\/v2\/product"}],"about":[{"href":"https:\/\/citationstyler.com\/en\/wp-json\/wp\/v2\/types\/product"}],"replies":[{"embeddable":true,"href":"https:\/\/citationstyler.com\/en\/wp-json\/wp\/v2\/comments?post=3926"}],"wp:featuredmedia":[{"embeddable":true,"href":"https:\/\/citationstyler.com\/en\/wp-json\/wp\/v2\/media\/3945"}],"wp:attachment":[{"href":"https:\/\/citationstyler.com\/en\/wp-json\/wp\/v2\/media?parent=3926"}],"wp:term":[{"taxonomy":"product_cat","embeddable":true,"href":"https:\/\/citationstyler.com\/en\/wp-json\/wp\/v2\/product_cat?post=3926"},{"taxonomy":"product_tag","embeddable":true,"href":"https:\/\/citationstyler.com\/en\/wp-json\/wp\/v2\/product_tag?post=3926"}],"curies":[{"name":"wp","href":"https:\/\/api.w.org\/{rel}","templated":true}]}}