{"id":3983,"date":"2024-04-08T09:52:20","date_gmt":"2024-04-08T07:52:20","guid":{"rendered":"https:\/\/citationstyler.com\/?post_type=product&#038;p=3983"},"modified":"2026-04-27T17:38:38","modified_gmt":"2026-04-27T15:38:38","slug":"citation-style-for-a-coventry-based-university","status":"publish","type":"product","link":"https:\/\/citationstyler.com\/en\/zitierstile\/zitierstil-coventry-basierte-universitaet\/","title":{"rendered":"Citation style for a Coventry-based University"},"content":{"rendered":"<h2>Beispielzitierungen:<\/h2>\n<p><span style=\"text-decoration: underline;\">Im Text:<\/span><\/p>\n<div id=\"formattedCitations\">\n<div class=\"csl-entry-container\">\n<div class=\"inline-csl-entry selected\">(<span class=\"group\"><span class=\"macro\"><span class=\"names\">Mares<\/span><\/span>, <span class=\"macro\"><span class=\"date\">2001<\/span><\/span>, <span class=\"label\">pp.<\/span> <span class=\"text\">244\u2013252<\/span><\/span>)<\/div>\n<\/div>\n<div class=\"csl-entry-container\">\n<div class=\"inline-csl-entry selected\">(<span class=\"group\"><span class=\"macro\"><span class=\"names\">Foderaro<\/span><\/span>, <span class=\"macro\"><span class=\"date\">2012<\/span><\/span><\/span>; <span class=\"group\"><span class=\"macro\"><span class=\"names\">Borges<\/span><\/span>, <span class=\"macro\"><span class=\"date\">1999<\/span><\/span><\/span>; <span class=\"group\"><span class=\"macro\"><span class=\"names\">Hanck\u00e9 et al.<\/span><\/span>, <span class=\"macro\"><span class=\"date\">2007<\/span><\/span><\/span>)<\/div>\n<\/div>\n<div class=\"csl-entry-container\">\n<div class=\"inline-csl-entry selected\">(<span class=\"group\"><span class=\"macro\"><span class=\"names\">Campbell and Pedersen<\/span><\/span>, <span class=\"macro\"><span class=\"date\">2007; Anon., 2007<\/span><\/span><\/span>)<\/div>\n<\/div>\n<\/div>\n<p><span style=\"text-decoration: underline;\">Literaturverzeichnis:<\/span><\/p>\n<div id=\"formattedBibliography\">\n<div class=\"csl-entry-container\">\n<div class=\"bibliography-csl-entry\">\n<div class=\"csl-entry\"><span class=\"group\"><span class=\"macro\"><span class=\"names\">Borges, J.L.<\/span><\/span>, (<span class=\"macro\"><span class=\"date\">1999<\/span><\/span>). <span class=\"macro\"><span class=\"text\">Selected non-fictions<\/span><\/span>. <span class=\"macro\"><span class=\"names\">Weinberger, E., ed.<\/span><\/span> <span class=\"macro\"><span class=\"number\">3rd<\/span> <span class=\"text\">edition<\/span><\/span>. <span class=\"macro\"><span class=\"text\">New York, NY:<\/span> <span class=\"text\">Viking.<\/span><\/span><\/span><\/div>\n<\/div>\n<\/div>\n<div class=\"csl-entry-container\">\n<div class=\"bibliography-csl-entry\">\n<div class=\"csl-entry\"><span class=\"group\"><span class=\"macro\"><span class=\"names\">Campbell, J.L. and Pedersen, O.K.<\/span><\/span>, (<span class=\"macro\"><span class=\"date\">2007<\/span><\/span>). <span class=\"macro\"><span class=\"text\">The varieties of capitalism and hybrid success<\/span><\/span>. <span class=\"text\"><i>Comparative Political Studies<\/i>.<\/span> <span class=\"text\">40<\/span><span class=\"text\">(3)<\/span>, <span class=\"macro\"><span class=\"label\">pp.<\/span> <span class=\"text\">307\u2013332<\/span><\/span><\/span>.<\/div>\n<\/div>\n<\/div>\n<div class=\"csl-entry-container\">\n<div class=\"bibliography-csl-entry\">\n<div class=\"csl-entry\"><span class=\"group\"><span class=\"macro\"><span class=\"names\">Foderaro, L.W.<\/span><\/span>, (<span class=\"macro\"><span class=\"date\">2012<\/span><\/span>). <span class=\"text\">New York Times<\/span> <span class=\"macro\"><span class=\"text\">[online]<\/span><\/span>, <span class=\"date\">6 April 2012<\/span><\/span>.<\/div>\n<\/div>\n<\/div>\n<div class=\"csl-entry-container\">\n<div class=\"bibliography-csl-entry\">\n<div class=\"csl-entry\"><span class=\"group\"><span class=\"macro\"><span class=\"names\">Hanck\u00e9, B., Rhodes, M. and Thatcher, M., eds.<\/span><\/span>, (<span class=\"macro\"><span class=\"date\">2007<\/span><\/span>). <span class=\"macro\"><span class=\"text\">Beyond varieties of capitalism: Conflict, contradiction, and complementarities in the European economy<\/span><\/span>. <span class=\"macro\"><span class=\"text\">Oxford and New York, NY:<\/span> <span class=\"text\">Oxford University Press.<\/span><\/span><\/span><\/div>\n<\/div>\n<\/div>\n<div class=\"csl-entry-container\">\n<div class=\"bibliography-csl-entry\">\n<div class=\"csl-entry\"><span class=\"group\"><span class=\"macro\"><span class=\"names\">Mares, I.<\/span><\/span>, (<span class=\"macro\"><span class=\"date\">2001<\/span><\/span>). <span class=\"macro\"><span class=\"text\">Firms and the welfare state: When, why, and how does social policy matter to employers?<\/span><\/span> <span class=\"text\">In:<\/span> <span class=\"macro\"><span class=\"names\">Hall, P.A. and D. Soskice, eds.<\/span><\/span> <span class=\"macro\"><span class=\"date\">2001<\/span><\/span>. <span class=\"text\"><i>Varieties of capitalism. The institutional foundations of comparative advantage<\/i>.<\/span> <span class=\"macro\"><span class=\"text\">New York:<\/span> <span class=\"text\">Oxford University Press.<\/span><\/span>, <span class=\"macro\"><span class=\"label\">pp.<\/span> <span class=\"text\">184\u2013213<\/span><\/span><\/span>.<\/div>\n<\/div>\n<\/div>\n<div class=\"csl-entry-container\">\n<div class=\"bibliography-csl-entry\">\n<div class=\"csl-entry\"><span class=\"group\">Anon., (<span class=\"macro\"><span class=\"date\">2012<\/span><\/span>). <span class=\"macro\"><span class=\"text\">CSL search by example<\/span><\/span> <span class=\"macro\"><span class=\"text\">[online]<\/span><\/span>. <span class=\"macro\"><span class=\"text\">Available from:<\/span> <span class=\"text\">https:\/\/editor.citationstyles.org\/searchByExample\/<\/span> [<span class=\"text\">Accessed<\/span> <span class=\"date\">15 December 2012<\/span>]<\/span><\/span>.<\/div>\n<\/div>\n<\/div>\n<\/div>\n<p>&nbsp;<\/p>\n<p id=\"isPasted\" data-sourcepos=\"15:1-15:54\"><strong>Warum f\u00fcr den offiziellen Zitierstil f\u00fcr eine in Coventry basierten Universit\u00e4t bezahlen?<\/strong><\/p>\n<ul data-sourcepos=\"17:1-21:0\">\n<li data-sourcepos=\"17:1-17:130\"><strong>Hochwertige Programmierung:<\/strong> Der Stil wurde von einem <a href=\"https:\/\/citationstyler.com\/professioneller-zotero-stilentwickler-csl-experte\/\">erfahrenen Zitierstilexperten<\/a> entwickelt und wird st\u00e4ndig aktualisiert.<\/li>\n<li data-sourcepos=\"18:1-18:161\"><strong>Exklusivit\u00e4t:<\/strong> Der Stil ist <strong>nicht kostenlos<\/strong> erh\u00e4ltlich und bietet Ihnen somit die Gewissheit, dass Sie ein <strong>qualitativ hochwertiges Produkt<\/strong> erwerben.<\/li>\n<li data-sourcepos=\"19:1-19:129\"><strong>Faire Preise:<\/strong> Der Preis f\u00fcr den Stil ist deutlich g\u00fcnstiger als die Kosten f\u00fcr eine professionelle Lektoratsdienstleistung.<\/li>\n<li data-sourcepos=\"20:1-21:0\"><strong>Unterst\u00fctzung des Entwicklers:<\/strong> Mit dem Kauf des Stils unterst\u00fctzen Sie die weitere Entwicklung und Pflege des Stils.<\/li>\n<\/ul>\n<p>&nbsp;<\/p>\n<p id=\"isPasted\" data-sourcepos=\"24:1-24:62\"><strong>Bestellen Sie jetzt und profitieren Sie von den Vorteilen:<\/strong><\/p>\n<ul data-sourcepos=\"26:1-29:0\">\n<li data-sourcepos=\"26:1-26:87\"><strong>Schnelle Lieferung:<\/strong> Du erh\u00e4ltst den Stil sofort nach Zahlungseingang per E-Mail.<\/li>\n<li data-sourcepos=\"27:1-27:119\"><strong>Einfache Installation:<\/strong> Der Stil l\u00e4sst sich mit wenigen Klicks in deinem Literaturverwaltungsprogramm installieren.<\/li>\n<li data-sourcepos=\"28:1-29:0\"><strong>Sichere Bezahlung:<\/strong> Bezahle bequem und sicher per PayPal oder Kreditkarte.<\/li>\n<\/ul>\n<p>&nbsp;<\/p>\n<h2>H\u00e4ufig gestellte Fragen<\/h2>\n<p><span style=\"text-decoration: underline;\"><strong>Wie kann ich das korrekte Format f\u00fcr Webseiten erreichen?<\/strong><\/span><br \/>\nDa die Richtlinien nach Verlag und Verlagsort fragen, aber diese in Zotero f\u00fcr den Eintrag nicht verf\u00fcgbar sind, kann dies ins Extrafeld folgenderma\u00dfen eingegeben werden, wobei &#8222;<em>Chartered Trading Standards Institute<\/em>&#8220; ins Autorenfeld eingetragen wird:<br \/>\npublisher-place: London<br \/>\npublisher: CTSI<\/p>\n<p><span style=\"text-decoration: underline;\"><strong>Wie kann ich das &#8222;[online]&#8220; bei Quellen erreichen?<\/strong><\/span><br \/>\nDieser Stil ist untypisch. Demnach habe ich eine Workaround eingebaut. Bitte gebe folgendes bei diesen Quellen ins Extrafeld ein:<br \/>\n<em>medium:online<\/em><\/p>\n<p><span style=\"text-decoration: underline;\"><strong>Fehler im Stil?<\/strong><\/span><br \/>\nBei komplexen Stilen wie diesem kann es in Spezialf\u00e4llen leicht zu Diskrepanzen f\u00fchren. Bitte konsultieren Sie zuerst die Zitierrichtlinien und \u00fcberpr\u00fcfen sie anhand eines funktionierenden Beispiels, ob die Daten <strong>richtig! <\/strong>in Zotero <strong>eingegeben <\/strong>sind. Falls es dennoch so aussieht, dass der Stil selbst einen Fehler hat, bitte schreiben Sie mir per <a href=\"mailto:info@citationstyler.com\">info@citationstyler.com<\/a>.<\/p>\n<p><span style=\"text-decoration: underline;\"><strong>Disclaimer<\/strong><\/span><br \/>\nDie Datei ist nur zum Gebrauch auf dem Computer derjenigen Person bestimmt, die den Zitierstil gekauft hat. Das Weiterleiten der Datei an weitere Nutzer kann als Urheberrechtsversto\u00df geahndet werden.<\/p>\n<p>Falsche Dateneingabe oder Benutzeranwendungen k\u00f6nnen zu Fehlern sorgen. Als Autor deiner Arbeit bist du f\u00fcr etwaige Fehler selbst verantwortlich und es wird auf die Kontrolle aller Zitate empfohlen.<strong id=\"isPasted\"><\/strong><\/p>\n","protected":false},"excerpt":{"rendered":"<h3><b>No more tedious citation formatting!<\/b><\/h3>\n<p>With this official citation style for an in <b>Coventry based University<\/b> for Zotero, RefWorks, Papers and other reference managers you'll be able to write your thesis error-free and without headaches.<\/p>\n<p><b>Benefit from:<\/b><\/p>\n<ul>\n<li><b>Automatic formatting <\/b>of author-date (aka Harvard) citations and the bibliography according to the <strong>current guidelines from 2024.<\/strong><\/li>\n<li><b>Saving valuable time and stress:<\/b> Forget about hours of manual formatting and concentrate on the essentials: your scientific work.<\/li>\n<li><b>Compatibility with various programs:<\/b> Use the style with Zotero, RefWorks, Papers, Mendeley Desktop and <a href=\"https:\/\/citationstyles.org\/\" target=\"_blank\" rel=\"noopener noreferrer\">many more<\/a> reference managers.<\/li>\n<li><b>Comprehensive support:<\/b> Detailed installation instructions, FAQs and a public library with citation examples will help you to use the style.<\/li>\n<\/ul>","protected":false},"featured_media":0,"comment_status":"open","ping_status":"closed","template":"","meta":[],"product_cat":[24],"product_tag":[],"class_list":{"0":"post-3983","1":"product","2":"type-product","3":"status-publish","5":"product_cat-universitaetsstile","7":"first","8":"instock","9":"virtual","10":"taxable","11":"purchasable","12":"product-type-simple"},"_links":{"self":[{"href":"https:\/\/citationstyler.com\/en\/wp-json\/wp\/v2\/product\/3983","targetHints":{"allow":["GET"]}}],"collection":[{"href":"https:\/\/citationstyler.com\/en\/wp-json\/wp\/v2\/product"}],"about":[{"href":"https:\/\/citationstyler.com\/en\/wp-json\/wp\/v2\/types\/product"}],"replies":[{"embeddable":true,"href":"https:\/\/citationstyler.com\/en\/wp-json\/wp\/v2\/comments?post=3983"}],"wp:attachment":[{"href":"https:\/\/citationstyler.com\/en\/wp-json\/wp\/v2\/media?parent=3983"}],"wp:term":[{"taxonomy":"product_cat","embeddable":true,"href":"https:\/\/citationstyler.com\/en\/wp-json\/wp\/v2\/product_cat?post=3983"},{"taxonomy":"product_tag","embeddable":true,"href":"https:\/\/citationstyler.com\/en\/wp-json\/wp\/v2\/product_tag?post=3983"}],"curies":[{"name":"wp","href":"https:\/\/api.w.org\/{rel}","templated":true}]}}