{"id":4062,"date":"2024-04-23T09:07:10","date_gmt":"2024-04-23T07:07:10","guid":{"rendered":"https:\/\/citationstyler.com\/?post_type=product&#038;p=4062"},"modified":"2026-04-27T17:38:38","modified_gmt":"2026-04-27T15:38:38","slug":"citation-style-universitat-stuttgart-institut-fur-baubetriebslehre","status":"publish","type":"product","link":"https:\/\/citationstyler.com\/en\/zitierstile\/zitierstil-universitat-stuttgart-institut-fur-baubetriebslehre\/","title":{"rendered":"Zitierstil Universit\u00e4t Stuttgart &#8211; Institut f\u00fcr Baubetriebslehre"},"content":{"rendered":"<p>Example citations:<\/p>\n<p><u>Footnotes:<\/u><br \/>\n1 Campbell und Pedersen (2007), S. 244\u2013252<br id=\"isPasted\" \/>2 Ebenda, S. 33<br \/>\n3 Dockray (09.01.2018), Internetquelle<br \/>\n4 Hawking (1966); Isaacson (2011); Mares (2001), S. 244\u2013252<br id=\"isPasted\" \/>5 Ahlquist \/ Breunig (2009); Doe (2014)<\/p>\n<p><u>Bibliography:<\/u><\/p>\n<div id=\"isPasted\">Ahlquist, J.S. und Breunig, C.(2009), Country clustering in comparative political economy, MPIfG Discussion Paper 09\u20135, Cologne: Max-Planck Institute for the Study of Societies 2009<\/div>\n<div>Campbell, J.L. und Pedersen, O.K.(2007), The varieties of capitalism and hybrid success, in: Comparative Political Studies, 40, 2007, 3, S. 307\u2013332<\/div>\n<div>Doe, J.(2014), Banana, in: The New Encyclopaedia Britannica, 26, 2014, S. 501\u2013508<br \/>\nHawking, S.(1966), Properties of expanding universes, Doctoral thesis, Cambridge, UK: University of Cambridge 1966<\/div>\n<div>Isaacson, W.(2011), Steve Jobs, New York, NY: Simon &amp; Schuster 2011<\/div>\n<div>Mares, I.(2001), Firms and the welfare state: When, why, and how does social policy matter to employers?, in: Hall, P.A., Soskice, D. (Hrsg., 2001, S. 184\u2013213<\/div>\n<div>Dockray, H.09.01.2018, Lesbian couple paints house rainbow to troll homophobic neighbors, https:\/\/mashable.com\/article\/homophobia-couple-rainbow-house-troll?europe=true&amp;utm_cid=hp-r-1<\/div>\n<p>&nbsp;<\/p>\n<p id=\"isPasted\" data-sourcepos=\"15:1-15:54\"><strong>Warum f\u00fcr den offiziellen\u00a0Universit\u00e4t Stuttgart &#8211; Institut f\u00fcr Baubetriebslehre Zitierstil bezahlen?<\/strong><\/p>\n<ul data-sourcepos=\"17:1-21:0\">\n<li data-sourcepos=\"17:1-17:130\"><strong>High-quality coding:<\/strong> The style has been developed by a <a href=\"https:\/\/citationstyler.com\/en\/professional-zotero-style-developer-csl-expert\/\">experienced Zotero style expert<\/a> and is continuously maintained and updated.<\/li>\n<li data-sourcepos=\"18:1-18:161\"><strong>Exclusivity:<\/strong> The style is <strong>no free<\/strong> and thus offers you the certainty that you are getting a <strong>high-quality<\/strong> product.<\/li>\n<li data-sourcepos=\"19:1-19:129\"><strong>Fair price<\/strong> The price for the style is significantly cheaper than the cost of a professional proofreading service.<\/li>\n<li data-sourcepos=\"20:1-21:0\"><strong>Support of the developer:<\/strong> By purchasing the style, you support the further development and maintenance of the style.<\/li>\n<\/ul>\n<p>&nbsp;<\/p>\n<p id=\"isPasted\" data-sourcepos=\"24:1-24:62\"><strong>Order now and benefit from the advantages:<\/strong><\/p>\n<ul data-sourcepos=\"26:1-29:0\">\n<li data-sourcepos=\"26:1-26:87\"><strong>Fast delivery:<\/strong> You will receive the style by e-mail immediately after receipt of payment.<\/li>\n<li data-sourcepos=\"27:1-27:119\"><strong>Simple installation:<\/strong> The style can be installed in your reference management program with just a few clicks.<\/li>\n<li data-sourcepos=\"28:1-29:0\"><strong>Secure payment:<\/strong> Pay conveniently and securely by PayPal or credit card.<\/li>\n<\/ul>\n<p>&nbsp;<\/p>\n<h2><strong>FAQ - Frequently Asked Questions<\/strong><\/h2>\n<p><u><strong>How can I install the citation style in Zotero?<\/strong><\/u> (for other software please consult the manufacturer)<br \/>\n<strong>Option 1:<\/strong> Double click on the file. Zotero should automatically recognise and install the .csl file.<br \/>\n<strong>Option 2:<\/strong>: In Zotero auf &#8222;Bearbeiten&#8220; &gt; &#8222;Einstellungen&#8220; &gt; &#8222;Zitieren&#8220; &gt; &#8222;Stile&#8220; gehen. Dort auf das &#8222;+&#8220; klicken und die .csl Datei ausw\u00e4hlen.<\/p>\n<p><u><strong>How to install the citation style in Mendeley Desktop?<\/strong><\/u> (for other software please consult the manufacturer)<br \/>\n1. In Mendeley, &#8222;View&#8220; &gt; &#8222;Citation Style&#8220; &gt; &#8222;More Styles&#8220;.<br \/>\n2. drag the downloaded .csl file into the field.<br \/>\n3. now the style can be selected in the Word\/LibreOffice plugin.<\/p>\n<p><u><strong>Ich kann den Stil in &#8222;Mendeley Reference Manager\/Mendeley Cite&#8220; nicht installieren?<\/strong><\/u><br \/>\nMit 2020 hat Mendeley eine neue Version, den sog. Mendeley Reference Manager+Mendeley Cite, herausgebracht. Dieser kann aber noch keine Customstile wie diesen hier installieren. Ich empfehle daher entweder &#8222;Mendeley Desktop&#8220; zu benutzen oder direkt auf Zotero umzusteigen. Dieser ist wesentlich besser zu benutzen und hat weitaus besseren Support.<\/p>\n<p><u><strong>&#8222;vgl. fehlt?<\/strong><\/u><br \/>\nThis can be added in Zotero using the Prefix field. To do this, click on the citation in Word and a field will appear to add the <strong>pre-<\/strong> and <strong>suffix<\/strong>, as well as the exact <strong>page <\/strong>you want to cite. See the <a href=\"https:\/\/www.zotero.org\/support\/word_processor_plugin_usage\" target=\"_blank\" rel=\"noopener noreferrer\">following<\/a> Artikel.<u><\/u><\/p>\n<p><u><strong>My footnote numbering style is incorrect. How can I change it?<\/strong><\/u><br \/>\nThe footnote numbering is NOT managed by the citation style, but by Word. You can therefore change this yourself in Word. The citation style has no control over this. Please seek Word-specific help for this.<\/p>\n<p><strong id=\"isPasted\"><u>How can I generate a separate bibliography for internet sources?<\/u><\/strong><br \/>\nThe guidelines stipulate that a separate list of internet sources must be created. I have made this easier for you by programming the style that internet sources are automatically placed at the end of your bibliography. At the very end of your work, when you want to print and hand in your thesis, you can then make a copy of the document (very important!!), then unlink the citations (is not reversible) and add a new heading above your internet sources.<\/p>\n<p><u><strong>Found an error?<\/strong><\/u><br \/>\nWith complex styles such as this, it can easily lead to discrepancies in special cases. Please consult the citation guidelines first and use a working example to check whether the data is entered <strong>correctly <\/strong>in <strong>Zotero. <\/strong>If it still looks like the style itself has an error, please write to me via <a href=\"mailto:info@citationstyler.com\">info@citationstyler.com<\/a>.<\/p>\n<p>The file is only intended for use on the computer of the person who purchased the citation style. Forwarding the file to other users may be punished as a copyright infringement. I take no responsibility for problems after the submission of a work. The author is responsible for checking citations and compliance with the guidelines.<\/p>\n<p>Each user is responsible for their work and the correct citations. Incorrect data entry or user applications can lead to errors. As the author of your work, you are responsible for any errors and it is recommended that you check all citations.<\/p>\n<p><strong id=\"isPasted\"><\/strong><strong><u>Updates<\/u>:<\/strong> (if you can't download the latest file here, please send a short email)<br \/>\n28\/01\/2024: Erstellung<\/p>","protected":false},"excerpt":{"rendered":"<h3><strong>No more tedious citation formatting!<\/strong><\/h3>\n<p>With the official\u00a0<strong>Universit\u00e4t Stuttgart &#8211; Institut f\u00fcr Baubetriebslehre (IBL)<\/strong> for Zotero, RefWorks, Papers and other reference managers you'll be able to write your thesis error-free and without headaches.<\/p>\n<p id=\"isPasted\" data-sourcepos=\"7:1-7:24\"><strong>Benefit from:<\/strong><\/p>\n<ul data-sourcepos=\"9:1-14:0\">\n<li data-sourcepos=\"9:1-9:204\"><strong>Automatic formatting <\/strong>von Fu\u00dfnoten und Literaturverzeichnis gem\u00e4\u00df der Richtlinien in der <strong>Ausgabe 04\/2023<\/strong><strong>.<\/strong><\/li>\n<li data-sourcepos=\"10:1-10:176\"><strong>Saving valuable time and stress:<\/strong> Forget about hours of manual formatting and concentrate on the essentials: your scientific work.<\/li>\n<li data-sourcepos=\"11:1-11:139\"><strong>Compatibility with various programs:<\/strong> Use the style with Zotero, RefWorks, Papers, Mendeley Desktop and <a href=\"https:\/\/citationstyles.org\/\" target=\"_blank\" rel=\"noopener noreferrer\">many more<\/a> reference managers.<\/li>\n<li data-sourcepos=\"13:1-14:0\"><strong>Comprehensive support:<\/strong> Detailed installation instructions, FAQs and a public library with citation examples will help you to use the style.<\/li>\n<\/ul>","protected":false},"featured_media":4021,"comment_status":"open","ping_status":"closed","template":"","meta":[],"product_cat":[24],"product_tag":[],"class_list":{"0":"post-4062","1":"product","2":"type-product","3":"status-publish","4":"has-post-thumbnail","6":"product_cat-universitaetsstile","8":"first","9":"instock","10":"virtual","11":"taxable","12":"purchasable","13":"product-type-simple"},"_links":{"self":[{"href":"https:\/\/citationstyler.com\/en\/wp-json\/wp\/v2\/product\/4062","targetHints":{"allow":["GET"]}}],"collection":[{"href":"https:\/\/citationstyler.com\/en\/wp-json\/wp\/v2\/product"}],"about":[{"href":"https:\/\/citationstyler.com\/en\/wp-json\/wp\/v2\/types\/product"}],"replies":[{"embeddable":true,"href":"https:\/\/citationstyler.com\/en\/wp-json\/wp\/v2\/comments?post=4062"}],"wp:featuredmedia":[{"embeddable":true,"href":"https:\/\/citationstyler.com\/en\/wp-json\/wp\/v2\/media\/4021"}],"wp:attachment":[{"href":"https:\/\/citationstyler.com\/en\/wp-json\/wp\/v2\/media?parent=4062"}],"wp:term":[{"taxonomy":"product_cat","embeddable":true,"href":"https:\/\/citationstyler.com\/en\/wp-json\/wp\/v2\/product_cat?post=4062"},{"taxonomy":"product_tag","embeddable":true,"href":"https:\/\/citationstyler.com\/en\/wp-json\/wp\/v2\/product_tag?post=4062"}],"curies":[{"name":"wp","href":"https:\/\/api.w.org\/{rel}","templated":true}]}}