{"id":4065,"date":"2024-04-23T09:26:12","date_gmt":"2024-04-23T07:26:12","guid":{"rendered":"https:\/\/citationstyler.com\/?post_type=product&#038;p=4065"},"modified":"2026-04-27T17:38:38","modified_gmt":"2026-04-27T15:38:38","slug":"citation-style-westfalische-wilhelms-universitat-munster-institut-fur-erziehungswissenschaft","status":"publish","type":"product","link":"https:\/\/citationstyler.com\/en\/zitierstile\/zitierstil-westfalische-wilhelms-universitat-munster-institut-fur-erziehungswissenschaft\/","title":{"rendered":"Zitierstil Westf\u00e4lische Wilhelms-Universit\u00e4t M\u00fcnster &#8211; Institut f\u00fcr Erziehungswissenschaft"},"content":{"rendered":"<p>Beispielzitierungen:<\/p>\n<p><u>Autor-Datums Zitate:<\/u><br \/>\n(Campbell\/Pedersen 2007: 244\u2013252; CSL search by example 2012; David Fincher 1995)<br \/>\n(Borges 1999)<br \/>\n(Mares 2001; Foderaro 2012)<\/p>\n<p><u>Literaturverzeichnis:<br \/>\n<\/u>Borges, Jorge Luis (1999): Selected Non-Fictions. Herausgegeben von Eliot Weinberger. \u00dcbersetzt von Esther Allen, Suzanne Jill Levine, und Eliot Weinberger, 3. Aufl, Jg. 1. 3 Jg. New York, NY: Viking.<br \/>\nCampbell, John L., Pedersen, Ove K. (2007): The Varieties of Capitalism and Hybrid Success. In: Comparative Political Studies, Jg. 40, H. 3, S. 307\u2013332.<br \/>\nCSL search by example (2012): Citation Style Editor. URL: https:\/\/editor.citationstyles.org\/searchByExample\/. [Zugriff: 15. Dezember 2012].<br \/>\nDavid Fincher (1995): Se7en. DVD, 2h7min. Crime. Regie von David Fincher. o.O.: New Line Cinema. https:\/\/www.imdb.com\/title\/tt0114369\/?ref_=nv_sr_2?ref_=nv_sr_2.<br \/>\nFoderaro, Lisa W. (2012): Rooftop Greenhouse Will Boost City Farming. In: New York Times, 6. April 2012.<br \/>\nMares, Isabela (2001): Firms and the welfare state: When, why, and how does social policy matter to employers? In: Hall, Peter A.\/Soskice, David (Hrsg.): Varieties of capitalism. The institutional foundations of comparative advantage. New York: Oxford University Press, S. 184\u2013213.<\/p>\n<p>&nbsp;<\/p>\n<p id=\"isPasted\" data-sourcepos=\"15:1-15:54\"><strong>Warum f\u00fcr den offiziellen WWU M\u00fcnster &#8211; Institut f\u00fcr Erziehungswissenschaft Zitierstil bezahlen?<\/strong><\/p>\n<ul data-sourcepos=\"17:1-21:0\">\n<li data-sourcepos=\"17:1-17:130\"><strong>Hochwertige Programmierung:<\/strong> Der Stil wurde von einem <a href=\"https:\/\/citationstyler.com\/professioneller-zotero-stilentwickler-csl-experte\/\">erfahrenen Zitierstilexperten<\/a> entwickelt und wird st\u00e4ndig aktualisiert.<\/li>\n<li data-sourcepos=\"18:1-18:161\"><strong>Exklusivit\u00e4t:<\/strong> Der Stil ist <strong>nicht kostenlos<\/strong> erh\u00e4ltlich und bietet Ihnen somit die Gewissheit, dass Sie ein <strong>qualitativ hochwertiges Produkt<\/strong> erwerben.<\/li>\n<li data-sourcepos=\"19:1-19:129\"><strong>Faire Preise:<\/strong> Der Preis f\u00fcr den Stil ist deutlich g\u00fcnstiger als die Kosten f\u00fcr eine professionelle Lektoratsdienstleistung.<\/li>\n<li data-sourcepos=\"20:1-21:0\"><strong>Unterst\u00fctzung des Entwicklers:<\/strong> Mit dem Kauf des Stils unterst\u00fctzen Sie die weitere Entwicklung und Pflege des Stils.<\/li>\n<\/ul>\n<p>&nbsp;<\/p>\n<p id=\"isPasted\" data-sourcepos=\"24:1-24:62\"><strong>Bestellen Sie jetzt und profitieren Sie von den Vorteilen:<\/strong><\/p>\n<ul data-sourcepos=\"26:1-29:0\">\n<li data-sourcepos=\"26:1-26:87\"><strong>Schnelle Lieferung:<\/strong> Du erh\u00e4ltst den Stil sofort nach Zahlungseingang per E-Mail.<\/li>\n<li data-sourcepos=\"27:1-27:119\"><strong>Einfache Installation:<\/strong> Der Stil l\u00e4sst sich mit wenigen Klicks in deinem Literaturverwaltungsprogramm installieren.<\/li>\n<li data-sourcepos=\"28:1-29:0\"><strong>Sichere Bezahlung:<\/strong> Bezahle bequem und sicher per PayPal oder Kreditkarte.<\/li>\n<\/ul>\n<p>&nbsp;<\/p>\n<h2><strong>Hinweise zum Stil<\/strong><\/h2>\n<p><u><strong>&#8222;vgl. fehlt?<\/strong><\/u><br \/>\nDies kann in Zotero mittels des Pr\u00e4fix Felds hinzugef\u00fcgt werden. Dazu in Word auf die Zitierung klicken und es erscheint ein Feld, um <strong>Pr\u00e4-<\/strong> und <strong>Suffix<\/strong>, als auch die genau <strong>Seitenzahl <\/strong>anzugeben. Siehe hierzu <a href=\"https:\/\/www.zotero.org\/support\/word_processor_plugin_usage\" target=\"_blank\" rel=\"noopener noreferrer\">folgenden<\/a> Artikel.<u><\/u><\/p>\n<p><u><strong>Blocksatz im Wordprozessor nicht richtig?<\/strong><\/u><br \/>\nMein CSL Stil hat das bereits korrekt implementiert, aber dies m\u00fcsst ihr auch richtig in Word\/LibreOffice einstellen. Siehe folgenden Screenshot. Bitte bei Problemen ein Wordforum etc. f\u00fcr Hilfe aufsuchen. Hier kann ich keine weitere Hilfestellung leisten.<br \/>\n<img decoding=\"async\" class=\"\" src=\"https:\/\/citationstyler.com\/wp-content\/uploads\/2024\/04\/word-blocksatz.png\" width=\"416\" height=\"214\" \/><\/p>\n<p><u><strong>Fehler im Stil?<\/strong><\/u><br \/>\nBei komplexen Stilen wie diesem kann es in Spezialf\u00e4llen leicht zu Diskrepanzen f\u00fchren. Bitte konsultieren Sie zuerst die Zitierrichtlinien und \u00fcberpr\u00fcfen sie anhand eines funktionierenden Beispiels, ob die Daten <strong>richtig! <\/strong>in Zotero <strong>eingegeben <\/strong>sind. Falls es dennoch so aussieht, dass der Stil selbst einen Fehler hat, bitte schreiben Sie mir per <a href=\"mailto:info@citationstyler.com\">info@citationstyler.com<\/a>.<\/p>\n<p><u><strong>Disclaimer<br \/>\n<\/strong><\/u>Die Datei ist nur zum Gebrauch auf dem Computer derjenigen Person bestimmt, die den Zitierstil gekauft hat. Das Weiterleiten der Datei an weitere Nutzer kann als Urheberrechtsversto\u00df geahndet werden.<\/p>\n<p>Falsche Dateneingabe oder Benutzeranwendungen k\u00f6nnen zu Fehlern sorgen. Als Autor deiner Arbeit bist du f\u00fcr etwaige Fehler selbst verantwortlich und es wird auf die Kontrolle aller Zitate empfohlen.<\/p>\n<p><strong><u>Updates<\/u>:<\/strong><br \/>\n22\/06\/2022: Ersterstellung des Stils<\/p>\n","protected":false},"excerpt":{"rendered":"<h3><strong>No more tedious citation formatting!<\/strong><\/h3>\n<p>With the official\u00a0<strong>Westf\u00e4lische Wilhelms-Universit\u00e4t M\u00fcnster (WWU) &#8211; Institut f\u00fcr Erziehungswissenschaft<\/strong> for Zotero, RefWorks, Papers and other reference managers you'll be able to write your thesis error-free and without headaches.<\/p>\n<p id=\"isPasted\" data-sourcepos=\"7:1-7:24\"><strong>Benefit from:<\/strong><\/p>\n<ul data-sourcepos=\"9:1-14:0\">\n<li data-sourcepos=\"9:1-9:204\"><strong>Automatic formatting <\/strong>von Autor-Datums Zitaten im Text und Literaturverzeichnis gem\u00e4\u00df der Richtlinien <strong>vom WiSe 2013\/2014 <\/strong>(siehe <a href=\"https:\/\/www.uni-muenster.de\/imperia\/md\/content\/ew\/personen\/leitfaden_wiss_arbeitens_8.10_ii.pdf\" target=\"_blank\" rel=\"noopener noreferrer\">here<\/a>)<strong>.<\/strong><\/li>\n<li data-sourcepos=\"10:1-10:176\"><strong>Saving valuable time and stress:<\/strong> Forget about hours of manual formatting and concentrate on the essentials: your scientific work.<\/li>\n<li data-sourcepos=\"11:1-11:139\"><strong>Compatibility with various programs:<\/strong> Use the style with Zotero, RefWorks, Papers, Mendeley Desktop and <a href=\"https:\/\/citationstyles.org\/\" target=\"_blank\" rel=\"noopener noreferrer\">many more<\/a> reference managers.<\/li>\n<li data-sourcepos=\"13:1-14:0\"><strong>Comprehensive support:<\/strong> Detailed installation instructions, FAQs and a public library with citation examples will help you to use the style.<\/li>\n<\/ul>","protected":false},"featured_media":4066,"comment_status":"open","ping_status":"closed","template":"","meta":[],"product_cat":[24],"product_tag":[],"class_list":{"0":"post-4065","1":"product","2":"type-product","3":"status-publish","4":"has-post-thumbnail","6":"product_cat-universitaetsstile","8":"first","9":"instock","10":"virtual","11":"taxable","12":"purchasable","13":"product-type-simple"},"_links":{"self":[{"href":"https:\/\/citationstyler.com\/en\/wp-json\/wp\/v2\/product\/4065","targetHints":{"allow":["GET"]}}],"collection":[{"href":"https:\/\/citationstyler.com\/en\/wp-json\/wp\/v2\/product"}],"about":[{"href":"https:\/\/citationstyler.com\/en\/wp-json\/wp\/v2\/types\/product"}],"replies":[{"embeddable":true,"href":"https:\/\/citationstyler.com\/en\/wp-json\/wp\/v2\/comments?post=4065"}],"wp:featuredmedia":[{"embeddable":true,"href":"https:\/\/citationstyler.com\/en\/wp-json\/wp\/v2\/media\/4066"}],"wp:attachment":[{"href":"https:\/\/citationstyler.com\/en\/wp-json\/wp\/v2\/media?parent=4065"}],"wp:term":[{"taxonomy":"product_cat","embeddable":true,"href":"https:\/\/citationstyler.com\/en\/wp-json\/wp\/v2\/product_cat?post=4065"},{"taxonomy":"product_tag","embeddable":true,"href":"https:\/\/citationstyler.com\/en\/wp-json\/wp\/v2\/product_tag?post=4065"}],"curies":[{"name":"wp","href":"https:\/\/api.w.org\/{rel}","templated":true}]}}