{"id":4148,"date":"2024-04-28T15:58:02","date_gmt":"2024-04-28T13:58:02","guid":{"rendered":"https:\/\/citationstyler.com\/?post_type=product&#038;p=4148"},"modified":"2026-04-27T17:38:38","modified_gmt":"2026-04-27T15:38:38","slug":"citation-style-fachhochschule-des-mittelstandes-fhm","status":"publish","type":"product","link":"https:\/\/citationstyler.com\/en\/zitierstile\/zitierstil-fachhochschule-des-mittelstandes-fhm\/","title":{"rendered":"Citation Style Fachhochschule des Mittelstandes"},"content":{"rendered":"<h2>Beispielzitierungen:<\/h2>\n<p><span style=\"text-decoration: underline;\">Zitate:<\/span><br \/>\n(Campbell &amp; Pedersen, 2007; Mares, 2001, S. 14)<br \/>\n(Isaacson, 2011)<br \/>\n(Hawking, 1966)<br \/>\n(CSL Search, 2017)<br \/>\n(Foderaro, 2012, S. 333)<\/p>\n<p><span style=\"text-decoration: underline;\">Literaturverzeichnis:<\/span><u><br \/>\n<\/u><\/p>\n<div>Campbell, J.\u00a0L. &amp; Pedersen, O.\u00a0K. (2007). The varieties of capitalism and hybrid success. <i>Comparative Political Studies<\/i>, 40(3), S. 302\u2013337. <a href=\"https:\/\/doi.org\/10.1177\/0010414006286542\" target=\"_blank\" rel=\"noopener\">https:\/\/doi.org\/10.1177\/0010414006286542<\/a><\/div>\n<div>O. V. (2017). CSL Search by Example. <a href=\"https:\/\/editor.citationstyles.org\/searchByExample\/\" target=\"_blank\" rel=\"noopener\">https:\/\/editor.citationstyles.org\/searchByExample\/<\/a><\/div>\n<div>Foderaro, L.\u00a0W. (2012, 5. April). Rooftop Greenhouse Will Boost City Farming. <i>The New York Times<\/i>, (33), S. 301\u2013305.<\/div>\n<div>Hawking, S. (1966). <i>Properties of expanding universes<\/i> [Doctoral Thesis, University of Cambridge]. <a href=\"https:\/\/doi.org\/10.17863\/CAM.11283\" target=\"_blank\" rel=\"noopener\">https:\/\/doi.org\/10.17863\/CAM.11283<\/a><\/div>\n<div>Isaacson, W. (2011). <i>Steve Jobs<\/i> (2. \u00fcberarbeitete Auflg.). Simon &amp; Schuster. <a href=\"https:\/\/doi.org\/testurl.com\/blablla\" target=\"_blank\" rel=\"noopener\">testurl.com\/blablla<\/a><\/div>\n<div>Mares, I. (2001). The Institutional Foundations of Comparative Advantage (3. Aufl.). In P.\u00a0A. Hall &amp; D. Soskice (Hrsg.). <i>Varieties of capitalism. The institutional foundations of comparative advantage<\/i> (S. 184\u2013213) (3. Aufl.). Oxford University Press. <a href=\"https:\/\/doi.org\/10.1093\/0199247757.001.0001\" target=\"_blank\" rel=\"noopener\">https:\/\/doi.org\/10.1093\/0199247757.001.0001<\/a><\/div>\n<p>&nbsp;<\/p>\n<p><strong>Warum f\u00fcr den offiziellen Fachhochschule des Mittelstandes Zitierstil bezahlen?<\/strong><\/p>\n<ul>\n<li><strong>Hochwertige Programmierung:<\/strong> Der Stil wurde von einem <a href=\"https:\/\/citationstyler.com\/professioneller-zotero-stilentwickler-csl-experte\/\">erfahrenen Zitierstilexperten<\/a> entwickelt und wird st\u00e4ndig aktualisiert.<\/li>\n<li><strong>Exklusivit\u00e4t:<\/strong> Der Stil ist <strong>nicht kostenlos<\/strong> erh\u00e4ltlich und bietet Ihnen somit die Gewissheit, dass Sie ein <strong>qualitativ hochwertiges Produkt<\/strong> erwerben.<\/li>\n<li><strong>Faire Preise:<\/strong> Der Preis f\u00fcr den Stil ist deutlich g\u00fcnstiger als die Kosten f\u00fcr eine professionelle Lektoratsdienstleistung.<\/li>\n<li><strong>Unterst\u00fctzung des Entwicklers:<\/strong> Mit dem Kauf des Stils unterst\u00fctzen Sie die weitere Entwicklung und Pflege des Stils.<\/li>\n<\/ul>\n<p>&nbsp;<\/p>\n<p><strong>Bestellen Sie jetzt und profitieren Sie von den Vorteilen:<\/strong><\/p>\n<ul>\n<li><strong>Schnelle Lieferung:<\/strong> Du erh\u00e4ltst den Stil sofort nach Zahlungseingang per E-Mail.<\/li>\n<li><strong>Einfache Installation:<\/strong> Der Stil l\u00e4sst sich mit wenigen Klicks in deinem Literaturverwaltungsprogramm installieren.<\/li>\n<li><strong>Sichere Bezahlung:<\/strong> Bezahle bequem und sicher per PayPal oder Kreditkarte.<\/li>\n<\/ul>\n<h2>H\u00e4ufig gestellte Fragen<\/h2>\n<p><span style=\"text-decoration: underline;\"><strong>Der Stil schreibt vor (4.3.1.6), dass bei mehr als 20 Autoren &#8222;&#8230; Letzter Autor&#8220; gezeigt wird. Wieso funktioniert das nicht?<\/strong><\/span><br \/>\nLeider hat die FHM hier eine Mischung von Stilen (Wieso nicht einheitlich immer den letzten Autoren zeigen oder nie?). Technisch ist das nicht umsetzbar, nur f\u00fcr Eintr\u00e4ge mit mehrals 21 Autoren diesen zu zeigen. Dies m\u00fcsste also vor Abgabe manuell nachgearbeitet werden.<\/p>\n<p><span style=\"text-decoration: underline;\"><strong>Der Stil sieht vor, dass man die Bibliographie mit Einzug zeigt. Wie kann ich das machen?<\/strong><\/span><br \/>\nDies ist bereits per Stil eingebaut, muss aber von euch in euerem Wordprozessor eingestellt werden. (Stichwort Formatvorlagen Einr\u00fcckung). Hierzu bitte Word-spezifische Hilfestellungen aufsuchen.<br \/>\n<u><\/u><\/p>\n<p><span style=\"text-decoration: underline;\"><strong>Fehler im Stil?<\/strong><\/span><br \/>\nBei komplexen Stilen wie diesem kann es in Spezialf\u00e4llen leicht zu Diskrepanzen f\u00fchren. Bitte konsultieren Sie zuerst die Zitierrichtlinien und \u00fcberpr\u00fcfen sie anhand eines funktionierenden Beispiels, ob die Daten <strong>richtig! <\/strong>in Zotero <strong>eingegeben <\/strong>sind. Falls es dennoch so aussieht, dass der Stil selbst einen Fehler hat, bitte schreiben Sie mir per <a href=\"mailto:info@citationstyler.com\">info@citationstyler.com<\/a>.<\/p>\n<p><u><strong>Disclaimer<\/strong><\/u><\/p>\n<p>Die Datei ist nur zum Gebrauch auf dem Computer derjenigen Person bestimmt, die den Zitierstil gekauft hat. Das Weiterleiten der Datei an weitere Nutzer kann als Urheberrechtsversto\u00df geahndet werden. Ich \u00fcbernehme keine Verantwortung f\u00fcr Probleme nach der Abgabe einer Arbeit. Der Autor ist selbst f\u00fcr die Kontrolle der Zitierungen und die \u00dcbereinstimmung mit den Richtlinien verantwortlich.<\/p>\n<p>Jeder User ist f\u00fcr seine Arbeit und die korrekten Zitate verantwortlich. Falsche Dateneingabe oder Benutzeranwendungen k\u00f6nnen zu Fehlern sorgen. Als Autor deiner Arbeit bist du f\u00fcr etwaige Fehler selbst verantwortlich und es wird auf die Kontrolle aller Zitate empfohlen.<\/p>\n","protected":false},"excerpt":{"rendered":"<h3>No more tedious citation formatting!<\/h3>\n<p>With the official <strong>Fachhochschule des Mittelstandes (FHM)<\/strong> for Zotero, RefWorks, Papers and other reference managers you'll be able to write your thesis error-free and without headaches.<\/p>\n<p><strong>Benefit from:<\/strong><\/p>\n<ul>\n<li><strong>Automatic formatting<\/strong> by <strong>citations<\/strong> and <strong>your bibliography<\/strong> at the end. The style is based on the following guidelines: <strong>02\/2025<\/strong><\/li>\n<li><strong>Saving valuable time and stress:<\/strong> Forget about hours of manual formatting and concentrate on the essentials: your scientific work.<\/li>\n<li><strong>Compatibility with various programs:<\/strong> Use the style with Zotero, RefWorks, Papers, Mendeley Desktop and <a href=\"https:\/\/citationstyles.org\/\" target=\"_blank\" rel=\"noopener noreferrer\">many more<\/a> reference managers.<\/li>\n<li><strong>Comprehensive support:<\/strong> Detailed installation instructions, FAQs and a public library with citation examples will help you to use the style.<\/li>\n<\/ul>","protected":false},"featured_media":11196,"comment_status":"open","ping_status":"closed","template":"","meta":[],"product_cat":[24],"product_tag":[],"class_list":{"0":"post-4148","1":"product","2":"type-product","3":"status-publish","4":"has-post-thumbnail","6":"product_cat-universitaetsstile","8":"first","9":"instock","10":"virtual","11":"taxable","12":"purchasable","13":"product-type-simple"},"_links":{"self":[{"href":"https:\/\/citationstyler.com\/en\/wp-json\/wp\/v2\/product\/4148","targetHints":{"allow":["GET"]}}],"collection":[{"href":"https:\/\/citationstyler.com\/en\/wp-json\/wp\/v2\/product"}],"about":[{"href":"https:\/\/citationstyler.com\/en\/wp-json\/wp\/v2\/types\/product"}],"replies":[{"embeddable":true,"href":"https:\/\/citationstyler.com\/en\/wp-json\/wp\/v2\/comments?post=4148"}],"wp:featuredmedia":[{"embeddable":true,"href":"https:\/\/citationstyler.com\/en\/wp-json\/wp\/v2\/media\/11196"}],"wp:attachment":[{"href":"https:\/\/citationstyler.com\/en\/wp-json\/wp\/v2\/media?parent=4148"}],"wp:term":[{"taxonomy":"product_cat","embeddable":true,"href":"https:\/\/citationstyler.com\/en\/wp-json\/wp\/v2\/product_cat?post=4148"},{"taxonomy":"product_tag","embeddable":true,"href":"https:\/\/citationstyler.com\/en\/wp-json\/wp\/v2\/product_tag?post=4148"}],"curies":[{"name":"wp","href":"https:\/\/api.w.org\/{rel}","templated":true}]}}