{"id":4195,"date":"2024-05-02T12:49:21","date_gmt":"2024-05-02T10:49:21","guid":{"rendered":"https:\/\/citationstyler.com\/?post_type=product&#038;p=4195"},"modified":"2026-01-13T12:45:29","modified_gmt":"2026-01-13T11:45:29","slug":"zitierstil-european-business-school","status":"publish","type":"product","link":"https:\/\/citationstyler.com\/en\/zitierstile\/citation-style-european-business-school\/","title":{"rendered":"Zitierstil European Business School EBS"},"content":{"rendered":"<h2>Beispielzitierungen:<\/h2>\n<p><u>Zitate:<\/u><br \/>\n(Ahlquist &amp; Breunig, 2009, S. 244\u2013252; Campbell &amp; Pedersen, 2007, S. 244\u2013252; <em id=\"isPasted\">CSL search by example<\/em>, 2012)<br \/>\n(Mares, 2001, S. 244\u2013252)<br \/>\n(Borges, 1999; Foderaro, 2012; Hanck\u00e9 et al., 2007; Hawking, 1966)<\/p>\n<p><u>Literaturverzeichnis:<\/u><\/p>\n<p>Ahlquist, J. S. &amp; Breunig, C. (2009). <em>Country clustering in comparative political economy<\/em> (MPIfG Discussion Paper Nr. 09\u20135). Cologne: Max-Planck Institute for the Study of Societies.<br \/>\nBorges, J. L. (1999). <em>Selected non-fictions<\/em> (E. Weinberger, Hrsg.; E. Allen, S. J. Levine, &amp; E. Weinberger, \u00dcbers.; 3. Aufl., Bd. 1). New York, NY: Viking.<br \/>\nCampbell, J. L. &amp; Pedersen, O. K. (2007). The varieties of capitalism and hybrid success. <em>Comparative Political Studies<\/em>, <em>40<\/em>(3), 307\u2013332. https:\/\/doi.org\/10.1177\/0010414006286542<br \/>\n<em>CSL search by example<\/em>. (2012). Citation Style Editor. Abgerufen am 15. Dezember 2012, von https:\/\/editor.citationstyles.org\/searchByExample\/<br \/>\nFoderaro, L. W. (2012, 6. April). Rooftop greenhouse will boost city farming. <em>New York Times<\/em>, S. A20.<br \/>\nHanck\u00e9, B., Rhodes, M., &amp; Thatcher, M. (Hrsg.). (2007). <em>Beyond varieties of capitalism: Conflict, contradiction, and complementarities in the European economy<\/em>. Oxford and New York, NY: Oxford University Press.<br \/>\nHawking, S. (1966). <em>Properties of expanding universes<\/em> [Doctoral thesis, University of Cambridge]. https:\/\/doi.org\/10.17863\/CAM.11283<br \/>\nMares, I. (2001). Firms and the welfare state: When, why, and how does social policy matter to employers? In P. A. Hall &amp; D. Soskice (Hrsg.), <em>Varieties of capitalism. The institutional foundations of comparative advantage<\/em> (S. 184\u2013213). New York: Oxford University Press.<\/p>\n<p>&nbsp;<\/p>\n<p><strong>Warum f\u00fcr den offiziellen European Business School Zitierstil bezahlen?<\/strong><\/p>\n<ul>\n<li data-sourcepos=\"17:1-17:130\"><strong>Hochwertige Programmierung:<\/strong> Der Stil wurde von einem <a href=\"https:\/\/citationstyler.com\/professioneller-zotero-stilentwickler-csl-experte\/\">erfahrenen Zitierstilexperten<\/a> entwickelt und wird st\u00e4ndig aktualisiert.<\/li>\n<li data-sourcepos=\"18:1-18:161\"><strong>Exklusivit\u00e4t:<\/strong> Der Stil ist <strong>nicht kostenlos<\/strong> erh\u00e4ltlich und bietet Ihnen somit die Gewissheit, dass Sie ein <strong>qualitativ hochwertiges Produkt<\/strong> erwerben.<\/li>\n<li data-sourcepos=\"19:1-19:129\"><strong>Faire Preise:<\/strong> Der Preis f\u00fcr den Stil ist deutlich g\u00fcnstiger als die Kosten f\u00fcr eine professionelle Lektoratsdienstleistung.<\/li>\n<li data-sourcepos=\"20:1-21:0\"><strong>Unterst\u00fctzung des Entwicklers:<\/strong> Mit dem Kauf des Stils unterst\u00fctzen Sie die weitere Entwicklung und Pflege des Stils.<\/li>\n<\/ul>\n<p>&nbsp;<\/p>\n<p><strong>Bestellen Sie jetzt und profitieren Sie von den Vorteilen:<\/strong><\/p>\n<ul>\n<li data-sourcepos=\"26:1-26:87\"><strong>Schnelle Lieferung:<\/strong> Du erh\u00e4ltst den Stil sofort nach Zahlungseingang per E-Mail.<\/li>\n<li data-sourcepos=\"27:1-27:119\"><strong>Einfache Installation:<\/strong> Der Stil l\u00e4sst sich mit wenigen Klicks in deinem Literaturverwaltungsprogramm installieren.<\/li>\n<li data-sourcepos=\"28:1-29:0\"><strong>Sichere Bezahlung:<\/strong> Bezahle bequem und sicher per PayPal oder Kreditkarte.<\/li>\n<\/ul>\n<p>&nbsp;<\/p>\n<h2><strong>H\u00e4ufig gestellte Fragen<\/strong><\/h2>\n<p><u><strong>Wie den Zitierstil in Zotero installieren?<\/strong><\/u> (f\u00fcr andere Software bitte den Hersteller konsultieren)<br \/>\n<strong>Option 1:<\/strong> Die Datei doppelt anklicken. Zotero sollte automatisch die .csl Datei erkennen und installieren.<br \/>\n<strong>Option 2<\/strong>: In Zotero auf &#8222;Bearbeiten&#8220; &gt; &#8222;Einstellungen&#8220; &gt; &#8222;Zitieren&#8220; &gt; &#8222;Stile&#8220; gehen. Dort auf das &#8222;+&#8220; klicken und die .csl Datei ausw\u00e4hlen.<\/p>\n<p><u><strong>Wie den Zitierstil in Mendeley Desktop installieren?<\/strong><\/u> (f\u00fcr andere Software bitte den Hersteller konsultieren)<br \/>\n1. In Mendeley, &#8222;View&#8220; &gt; &#8222;Citation Style&#8220; &gt; &#8222;More Styles&#8220;.<br \/>\n2. Dort die heruntergeladene .csl Datei in das Feld ziehen.<br \/>\n3. Jetzt kann der Stil im Word\/LibreOffice Plugin ausgew\u00e4hlt werden.<\/p>\n<p><u><strong>Ich kann den Stil in &#8222;Mendeley Reference Manager\/Mendeley Cite&#8220; nicht installieren?<\/strong><\/u><br \/>\nMit 2020 hat Mendeley eine neue Version, den sog. Mendeley Reference Manager+Mendeley Cite, herausgebracht. Dieser kann aber noch keine Customstile wie diesen hier installieren. Ich empfehle daher entweder &#8222;Mendeley Desktop&#8220; zu benutzen oder direkt auf Zotero umzusteigen. Dieser ist wesentlich besser zu benutzen und hat weitaus besseren Support.<\/p>\n<p><u><strong>&#8222;vgl. fehlt?<\/strong><\/u><br \/>\nDies kann in Zotero mittels des Pr\u00e4fix Felds hinzugef\u00fcgt werden. Dazu in Word auf die Zitierung klicken und es erscheint ein Feld, um <strong>Pr\u00e4-<\/strong> und <strong>Suffix<\/strong>, als auch die genau <strong>Seitenzahl <\/strong>anzugeben. Siehe hierzu <a href=\"https:\/\/www.zotero.org\/support\/word_processor_plugin_usage\" target=\"_blank\" rel=\"noopener noreferrer\">folgenden<\/a> Artikel.<u><\/u><u><\/u><\/p>\n<p><u><strong>Blocksatz im Wordprozessor nicht richtig?<\/strong><\/u><br \/>\nMein CSL Stil hat das bereits korrekt implementiert, aber dies m\u00fcsst ihr auch richtig in Word\/LibreOffice einstellen. Siehe folgenden Screenshot. Bitte bei Problemen ein Wordforum etc. f\u00fcr Hilfe aufsuchen. Hier kann ich keine weitere Hilfestellung geben.<\/p>\n<p><img decoding=\"async\" class=\"size-medium wp-image-4128 aligncenter\" src=\"https:\/\/citationstyler.com\/wp-content\/uploads\/2024\/04\/word-blocksatz-300x155.png\" alt=\"\" width=\"300\" height=\"155\" srcset=\"https:\/\/citationstyler.com\/wp-content\/uploads\/2024\/04\/word-blocksatz-300x155.png 300w, https:\/\/citationstyler.com\/wp-content\/uploads\/2024\/04\/word-blocksatz-1024x527.png 1024w, https:\/\/citationstyler.com\/wp-content\/uploads\/2024\/04\/word-blocksatz-18x9.png 18w, https:\/\/citationstyler.com\/wp-content\/uploads\/2024\/04\/word-blocksatz.png 1916w\" sizes=\"(max-width: 300px) 100vw, 300px\" \/><\/p>\n<p><u><strong>Fehler im Stil?<\/strong><\/u><br \/>\nBei komplexen Stilen wie diesem kann es in Spezialf\u00e4llen leicht zu Diskrepanzen f\u00fchren. Bitte konsultieren Sie zuerst die Zitierrichtlinien und \u00fcberpr\u00fcfen sie anhand eines funktionierenden Beispiels, ob die Daten <strong>richtig! <\/strong>in Zotero <strong>eingegeben <\/strong>sind. Falls es dennoch so aussieht, dass der Stil selbst einen Fehler hat, bitte schreiben Sie mir per <a href=\"mailto:info@citationstyler.com\">info@citationstyler.com<\/a>.<\/p>\n<p>Die Datei ist nur zum Gebrauch auf dem Computer derjenigen Person bestimmt, die den Zitierstil gekauft hat. Das Weiterleiten der Datei an weitere Nutzer kann als Urheberrechtsversto\u00df geahndet werden. Ich \u00fcbernehme keine Verantwortung f\u00fcr Probleme nach der Abgabe einer Arbeit. Der Autor ist selbst f\u00fcr die Kontrolle der Zitierungen und die \u00dcbereinstimmung mit den Richtlinien verantwortlich.<\/p>\n<p>Jeder User ist f\u00fcr seine Arbeit und die korrekten Zitate verantwortlich. Falsche Dateneingabe oder Benutzeranwendungen k\u00f6nnen zu Fehlern sorgen. Als Autor deiner Arbeit bist du f\u00fcr etwaige Fehler selbst verantwortlich und es wird auf die Kontrolle aller Zitate empfohlen.<\/p>\n","protected":false},"excerpt":{"rendered":"<h3><strong>No more tedious citation formatting!<\/strong><\/h3>\n<p>With the official <strong><span id=\"isPasted\">citation style <\/span>f\u00fcr die European Business School<\/strong>for Zotero, RefWorks, Papers and other reference management programs, you can create your thesis quickly and error-free.<\/p>\n<p id=\"isPasted\" data-sourcepos=\"7:1-7:24\"><strong>Benefit from:<\/strong><\/p>\n<ul>\n<li><b>Automatic formatting <\/b>von Zitaten im Text und Literaturverzeichnis. Zur Erstellung des Stils habe ich mich auf die Richtlinien <strong>vom 01.09.2022<\/strong> .<\/li>\n<li><b>Saving valuable time and stress:<\/b> Forget about hours of manual formatting and concentrate on the essentials: your scientific work.<\/li>\n<li><b>Compatibility with various programs:<\/b> Use the style with Zotero, RefWorks, Papers, Mendeley Desktop and <a href=\"https:\/\/citationstyles.org\/\" target=\"_blank\" rel=\"noopener noreferrer\">many more<\/a> reference managers.<\/li>\n<li><b>Comprehensive support:<\/b> Detailed installation instructions, FAQs and a public library with citation examples will help you to use the style.<\/li>\n<\/ul>","protected":false},"featured_media":2080,"comment_status":"open","ping_status":"closed","template":"","meta":[],"product_cat":[24],"product_tag":[],"class_list":{"0":"post-4195","1":"product","2":"type-product","3":"status-publish","4":"has-post-thumbnail","6":"product_cat-universitaetsstile","8":"first","9":"instock","10":"downloadable","11":"virtual","12":"taxable","13":"purchasable","14":"product-type-simple"},"_links":{"self":[{"href":"https:\/\/citationstyler.com\/en\/wp-json\/wp\/v2\/product\/4195","targetHints":{"allow":["GET"]}}],"collection":[{"href":"https:\/\/citationstyler.com\/en\/wp-json\/wp\/v2\/product"}],"about":[{"href":"https:\/\/citationstyler.com\/en\/wp-json\/wp\/v2\/types\/product"}],"replies":[{"embeddable":true,"href":"https:\/\/citationstyler.com\/en\/wp-json\/wp\/v2\/comments?post=4195"}],"wp:featuredmedia":[{"embeddable":true,"href":"https:\/\/citationstyler.com\/en\/wp-json\/wp\/v2\/media\/2080"}],"wp:attachment":[{"href":"https:\/\/citationstyler.com\/en\/wp-json\/wp\/v2\/media?parent=4195"}],"wp:term":[{"taxonomy":"product_cat","embeddable":true,"href":"https:\/\/citationstyler.com\/en\/wp-json\/wp\/v2\/product_cat?post=4195"},{"taxonomy":"product_tag","embeddable":true,"href":"https:\/\/citationstyler.com\/en\/wp-json\/wp\/v2\/product_tag?post=4195"}],"curies":[{"name":"wp","href":"https:\/\/api.w.org\/{rel}","templated":true}]}}