{"id":4201,"date":"2024-05-03T14:51:57","date_gmt":"2024-05-03T12:51:57","guid":{"rendered":"https:\/\/citationstyler.com\/?post_type=product&#038;p=4201"},"modified":"2026-04-27T17:38:38","modified_gmt":"2026-04-27T15:38:38","slug":"citation-style-friedrich-alexander-universitat-erlangen-nurnberg-mhba","status":"publish","type":"product","link":"https:\/\/citationstyler.com\/en\/zitierstile\/zitierstil-friedrich-alexander-universitat-erlangen-nurnberg-mhba\/","title":{"rendered":"Zitierstil Friedrich-Alexander-Universit\u00e4t Erlangen-N\u00fcrnberg &#8211; Master of Health Business Administration"},"content":{"rendered":"<h2>Example citations:<\/h2>\n<p><span style=\"text-decoration: underline;\">Short footnotes<\/span><br \/>\n<sup>1<\/sup> Campbell, JL., Pedersen, OK. (2007).<br \/>\n<sup>2<\/sup> Vgl. Mares, I. (2001), S. 245.<br \/>\n<sup>3<\/sup> Badura, B., Schr\u00f6der, H. (2009).<br \/>\n<sup>4<\/sup> Bundesverfassungsgericht (1958).<\/p>\n<p><span style=\"text-decoration: underline;\">Bibliography:<\/span><\/p>\n<p>Badura, B., Schr\u00f6der, H. (Hrsg.) (2009)<br id=\"isPasted\" \/>Betriebliches Gesundheitsmanagement: Kosten und Nutzen, 2. \u00fcberarb. Auflage, Heidelberg, Springer Medizin.<br \/>\nBundesverfassungsgericht (1958)<br \/>\nUrteil vom 11. Juni 1958 (1 BvR 596\/56), in: Entscheidungen des Bundesverfassungsgerichts, Band 7, T\u00fcbingen, S. 377-444.<br \/>\nCampbell, JL., Pedersen, OK. (2007)<br \/>\nThe Varieties of Capitalism and Hybrid Success, in: Comparative Political Studies 40, 3, S. 302-337.<br \/>\nMares, I. (2001)<br \/>\nThe Institutional Foundations of Comparative Advantage, in: Hall, PA., Soskice, D. (Hrsg.), Varieties of capitalism. The institutional foundations of comparative advantage, New York, Oxford University Press, S. 184-213.<\/p>\n<p>&nbsp;<\/p>\n<p><strong>Warum f\u00fcr den offiziellen Friedrich-Alexander-Universit\u00e4t Erlangen-N\u00fcrnberg (FAU) &#8211; Master of Health Business Administration (MHBA) Zitierstil bezahlen?<\/strong><\/p>\n<ul>\n<li data-sourcepos=\"17:1-17:130\"><strong>High-quality coding:<\/strong> The style has been developed by a <a href=\"https:\/\/citationstyler.com\/en\/professional-zotero-style-developer-csl-expert\/\">experienced Zotero style expert<\/a> and is continuously maintained and updated.<\/li>\n<li data-sourcepos=\"18:1-18:161\"><strong>Exclusivity:<\/strong> The style is <strong>no free<\/strong> and thus offers you the certainty that you are getting a <strong>high-quality<\/strong> product.<\/li>\n<li data-sourcepos=\"19:1-19:129\"><strong>Fair price<\/strong> The price for the style is significantly cheaper than the cost of a professional proofreading service.<\/li>\n<li data-sourcepos=\"20:1-21:0\"><strong>Support of the developer:<\/strong> By purchasing the style, you support the further development and maintenance of the style.<\/li>\n<\/ul>\n<p>&nbsp;<\/p>\n<p><strong>Order now and benefit from the advantages:<\/strong><\/p>\n<ul>\n<li data-sourcepos=\"26:1-26:87\"><strong>Fast delivery:<\/strong> You will receive the style by e-mail immediately after receipt of payment.<\/li>\n<li data-sourcepos=\"27:1-27:119\"><strong>Simple installation:<\/strong> The style can be installed in your reference management program with just a few clicks.<\/li>\n<li data-sourcepos=\"28:1-29:0\"><strong>Secure payment:<\/strong> Pay conveniently and securely by PayPal or credit card.<\/li>\n<\/ul>\n<p>&nbsp;<\/p>\n<h2>FAQ - Frequently Asked Questions<\/h2>\n<p><span style=\"text-decoration: underline;\"><strong>&#8222;vgl. fehlt?<\/strong><\/span><br \/>\nThis can be added in Zotero using the Prefix field. To do this, click on the citation in Word and a field will appear to add the <strong>pre-<\/strong> and <strong>suffix<\/strong>, as well as the exact <strong>page <\/strong>you want to cite. See the <a href=\"https:\/\/www.zotero.org\/support\/word_processor_plugin_usage\" target=\"_blank\" rel=\"noopener noreferrer\">following<\/a> Artikel.<u><\/u><u><\/u><\/p>\n<p><span style=\"text-decoration: underline;\"><strong>My footnote numbering style is incorrect. How can I change it?<\/strong><\/span><br \/>\nThe footnote numbering is NOT managed by the citation style, but by Word. You can therefore change this yourself in Word. The citation style has no control over this. Please seek Word-specific help for this.<\/p>\n<p><span style=\"text-decoration: underline;\"><strong>Ich kann den Ort bei einem Gesetz nicht eingeben und er wird nicht angezeigt!<\/strong><\/span><br \/>\nDiese Information kannst du im Extrafeld im folgenden Format eingeben:<br \/>\n<em>publisher-place: T\u00fcbingen<\/em><\/p>\n<p><span style=\"text-decoration: underline;\"><strong>Der Stil sieht vor, dass man die Bibliographie mit zwei Zeilen und Einzug zeigt. Wie kann ich das machen?<\/strong><\/span><br \/>\nDie &#8222;Blockdarstellung&#8220; von Autor+Datum und Titel+Rest ist bereits per Zitierstil eingebaut, muss aber von euch in euerem Wordprozessor eingestellt werden.<br \/>\nHierzu bitte Word-spezifische Hilfestellungen aufsuchen. Die M\u00f6glichkeiten von CSL sind hier sehr limitiert.<\/p>\n<p><span style=\"text-decoration: underline;\"><strong>Ich m\u00f6chte Hrsg. f\u00fcr deutsche Quellen und eds. f\u00fcr englische Quellen. Wie geht das?<\/strong><\/span><br \/>\nHier besteht ein technisches Limit. CSL hat keinen Zugriff auf die Information der Sprache und somit kann dies auch nicht umgesetzt werden. Au\u00dferdem wird dies nicht gefordert von den Richtlinien.<u><\/u><\/p>\n<p><span style=\"text-decoration: underline;\"><strong>Found an error?<\/strong><\/span><br \/>\nWith complex styles such as this, it can easily lead to discrepancies in special cases. Please consult the citation guidelines first and use a working example to check whether the data is entered <strong>correctly <\/strong>in <strong>Zotero. <\/strong>If it still looks like the style itself has an error, please write to me via <a href=\"mailto:info@citationstyler.com\">info@citationstyler.com<\/a>.<\/p>\n<p><span style=\"text-decoration: underline;\"><strong>Disclaimer<\/strong><\/span><u><strong><br \/>\n<\/strong><\/u>The file is only intended for use on the computer of the person who purchased the citation style. Forwarding the file to other users may be punished as a copyright infringement.<br \/>\nEach user is responsible for their work and the correct citations. Incorrect data entry or user applications can lead to errors. As the author of your work, you are responsible for any errors and it is recommended that you check all citations.<\/p>","protected":false},"excerpt":{"rendered":"<h3><strong>No more tedious citation formatting!<\/strong><\/h3>\n<p>With the official <strong><span id=\"isPasted\">citation style <\/span>f\u00fcr die Friedrich-Alexander-Universit\u00e4t Erlangen-N\u00fcrnberg (FAU) &#8211; Master of Health Business Administration (MHBA)<\/strong>for Zotero, RefWorks, Papers and other reference management programs, you can create your thesis quickly and error-free.<\/p>\n<p id=\"isPasted\" data-sourcepos=\"7:1-7:24\"><strong>Benefit from:<\/strong><\/p>\n<ul>\n<li><b>Automatic formatting <\/b>of footnotes and bibliography. To create the style, I used the <strong>Masterleitfaden der MHBA von 2022<\/strong> <span id=\"isPasted\">as linked<\/span>.<\/li>\n<li><b>Saving valuable time and stress:<\/b> Forget about hours of manual formatting and concentrate on the essentials: your scientific work.<\/li>\n<li><b>Compatibility with various programs:<\/b> Use the style with Zotero, RefWorks, Papers, Mendeley Desktop and <a href=\"https:\/\/citationstyles.org\/\" target=\"_blank\" rel=\"noopener noreferrer\">many more<\/a> reference managers.<\/li>\n<li><b>Comprehensive support:<\/b> Detailed installation instructions, FAQs and a public library with citation examples will help you to use the style.<\/li>\n<\/ul>","protected":false},"featured_media":1223,"comment_status":"open","ping_status":"closed","template":"","meta":[],"product_cat":[24],"product_tag":[],"class_list":{"0":"post-4201","1":"product","2":"type-product","3":"status-publish","4":"has-post-thumbnail","6":"product_cat-universitaetsstile","8":"first","9":"instock","10":"virtual","11":"taxable","12":"purchasable","13":"product-type-simple"},"_links":{"self":[{"href":"https:\/\/citationstyler.com\/en\/wp-json\/wp\/v2\/product\/4201","targetHints":{"allow":["GET"]}}],"collection":[{"href":"https:\/\/citationstyler.com\/en\/wp-json\/wp\/v2\/product"}],"about":[{"href":"https:\/\/citationstyler.com\/en\/wp-json\/wp\/v2\/types\/product"}],"replies":[{"embeddable":true,"href":"https:\/\/citationstyler.com\/en\/wp-json\/wp\/v2\/comments?post=4201"}],"wp:featuredmedia":[{"embeddable":true,"href":"https:\/\/citationstyler.com\/en\/wp-json\/wp\/v2\/media\/1223"}],"wp:attachment":[{"href":"https:\/\/citationstyler.com\/en\/wp-json\/wp\/v2\/media?parent=4201"}],"wp:term":[{"taxonomy":"product_cat","embeddable":true,"href":"https:\/\/citationstyler.com\/en\/wp-json\/wp\/v2\/product_cat?post=4201"},{"taxonomy":"product_tag","embeddable":true,"href":"https:\/\/citationstyler.com\/en\/wp-json\/wp\/v2\/product_tag?post=4201"}],"curies":[{"name":"wp","href":"https:\/\/api.w.org\/{rel}","templated":true}]}}