{"id":4631,"date":"2024-05-14T11:33:52","date_gmt":"2024-05-14T09:33:52","guid":{"rendered":"https:\/\/citationstyler.com\/?post_type=product&#038;p=4631"},"modified":"2026-04-27T17:38:38","modified_gmt":"2026-04-27T15:38:38","slug":"citation-style-universitat-trier-padagogik","status":"publish","type":"product","link":"https:\/\/citationstyler.com\/en\/zitierstile\/zitierstil-universitat-trier-padagogik\/","title":{"rendered":"Zitierstil Universit\u00e4t Trier &#8211; P\u00e4dagogik"},"content":{"rendered":"<h2><u>Beispielzitierungen: (Der Stil macht die Kapit\u00e4lchen korrekt, diese werden hier aber nicht korrekt gezeigt)<br \/>\n<\/u><\/h2>\n<p><u>Footnotes:<\/u><br \/>\nJohn L. Campbell und Ove K. Pedersen: <em>The varieties of capitalism and hybrid success<\/em>, in: Comparative Political Studies 40(2007), S. 307\u201333<br \/>\nWalter Isaacson: <em>Steve Jobs<\/em>, New York, NY: Simon &amp; Schuster, 2011.<br \/>\nIsabela Mares: <em>Firms and the welfare state: When, why, and how does social policy matter to employers?<\/em>, in: Peter A. Hall und David Soskice (Hrsg.): Varieties of capitalism. The institutional foundations of comparative advantage, New York: Oxford University Press, 2001, S. 244\u2013252.<\/p>\n<p><u>Bibliography:<\/u><br \/>\nCampbell, John L. und Pedersen, Ove K.: The varieties of capitalism and hybrid success, in: Comparative Political Studies 40(2007), S. 307\u2013332.<br \/>\nIsaacson, Walter: Steve Jobs, New York, NY: Simon &amp; Schuster, 2011.<br \/>\nMares, Isabela: Firms and the welfare state: When, why, and how does social policy matter to employers?, in: Peter A. Hall und David Soskice (Hrsg.): Varieties of capitalism. The institutional foundations of comparative advantage, New York: Oxford University Press, 2001, S. 184\u2013213.<\/p>\n<p>&nbsp;<\/p>\n<p><strong>Warum f\u00fcr den offiziellen Universit\u00e4t Trier &#8211; P\u00e4dagogik Zitierstil bezahlen?<\/strong><\/p>\n<ul>\n<li><strong>High-quality coding:<\/strong> The style has been developed by a <a href=\"https:\/\/citationstyler.com\/en\/professional-zotero-style-developer-csl-expert\/\">experienced Zotero style expert<\/a> and is continuously maintained and updated.<\/li>\n<li><strong>Exclusivity:<\/strong> The style is <strong>no free<\/strong> and thus offers you the certainty that you are getting a <strong>high-quality<\/strong> product.<\/li>\n<li><strong>Fair price<\/strong> The price for the style is significantly cheaper than the cost of a professional proofreading service.<\/li>\n<li><strong>Support of the developer:<\/strong> By purchasing the style, you support the further development and maintenance of the style.<\/li>\n<\/ul>\n<p>&nbsp;<\/p>\n<p><strong>Order now and benefit from the advantages:<\/strong><\/p>\n<ul>\n<li><strong>Fast delivery:<\/strong> You will receive the style by e-mail immediately after receipt of payment.<\/li>\n<li><strong>Simple installation:<\/strong> The style can be installed in your reference management program with just a few clicks.<\/li>\n<li><strong>Secure payment:<\/strong> Pay conveniently and securely by PayPal or credit card.<\/li>\n<\/ul>\n<h2><strong>Important information:<br \/>\n<\/strong><\/h2>\n<p><u><strong>How can I install the citation style in Zotero?<\/strong><\/u> (for other software please consult the manufacturer)<br \/>\n<strong>Option 1:<\/strong> Double click on the file. Zotero should automatically recognise and install the .csl file.<br \/>\n<strong>Option 2:<\/strong>: In Zotero auf &#8222;Bearbeiten&#8220; &gt; &#8222;Einstellungen&#8220; &gt; &#8222;Zitieren&#8220; &gt; &#8222;Stile&#8220; gehen. Dort auf das &#8222;+&#8220; klicken und die .csl Datei ausw\u00e4hlen.<\/p>\n<p><u><strong>vgl.&#8220; fehlt?<\/strong><\/u><br \/>\nThis can be added in Zotero using the prefix field. To do this, click on the citation in Word and a field will appear to enter the prefix and suffix, as well as the exact page number.<\/p>\n<p><u><strong>My footnote numbering style is incorrect. How can I change it?<\/strong><\/u><br \/>\nThe footnote numbering is NOT managed by the citation style, but by Word. You can therefore change this yourself in Word. The citation style has no control over this. Please seek Word-specific help for this.<\/p>\n<p><u><strong>Wieso bietest du nur den Fu\u00dfnoten Stil an?<\/strong><\/u><br \/>\nDiesen Stil habe ich auf Anfrage eines Studenten kreeirt, der den Fu\u00dfnotenstil ben\u00f6tigt. Wird jedoch der Harvard\/Autor-Datum Stil ben\u00f6tigt kannst du aber gerne eine Anfrage unter Angabe dieser Seite machen.<\/p>\n<p><u><strong>Found an error?<\/strong><\/u><br \/>\nWith complex styles such as this, it can easily lead to discrepancies in special cases. Please consult the citation guidelines first and use a working example to check whether the data is entered <strong>correctly <\/strong>in <strong>Zotero. <\/strong>If it still looks like the style itself has an error, please write to me via <a href=\"mailto:info@citationstyler.com\">info@citationstyler.com<\/a>.<\/p>\n<p><u><strong>Disclaimer<\/strong><\/u><\/p>\n<p>The file is only intended for use on the computer of the person who purchased the citation style. Forwarding the file to other users may be punished as a copyright infringement.<\/p>\n<p>Incorrect data entry or user errors can lead to errors in your output. As the author of your work, you are responsible for any errors and it is recommended that you check all citations.<\/p>\n<p><strong><u>Updates<\/u>:<\/strong><br \/>\n03\/06\/2020: Ersterstellung<\/p>","protected":false},"excerpt":{"rendered":"<h3><strong>No more tedious citation formatting!<\/strong><\/h3>\n<p>With the official <b>Universit\u00e4t Trier &#8211; P\u00e4dagogik <\/b> for Zotero, RefWorks, Papers and other reference managers you'll be able to write your thesis error-free and without headaches.<\/p>\n<p><strong>Benefit from:<\/strong><\/p>\n<ul>\n<li><b>Automatic formatting <\/b>by <b>citations (footnotes)<\/b> and <b>your bibliography<\/b> at the end. The style is based on the <strong><a href=\"https:\/\/www.uni-trier.de\/fileadmin\/fb1\/prof\/PAD\/AP1\/Allgemein\/Leitfaden_Hausarbeiten\/Leitfaden_Hausarbeiten_01-2014.pdf\">guidelines<\/a> vom Mai 2010<\/strong> .<\/li>\n<li><b>Saving valuable time and stress:<\/b> Forget about hours of manual formatting and concentrate on the essentials: your scientific work.<\/li>\n<li><b>Compatibility with various programs:<\/b> Use the style with Zotero, RefWorks, Papers, Mendeley Desktop and <a href=\"https:\/\/citationstyles.org\/\" target=\"_blank\" rel=\"noopener noreferrer\">many more<\/a> reference managers.<\/li>\n<li><b>Comprehensive support:<\/b> Detailed installation instructions, FAQs and a public library with citation examples will help you to use the style.<\/li>\n<\/ul>","protected":false},"featured_media":1733,"comment_status":"open","ping_status":"closed","template":"","meta":[],"product_cat":[24],"product_tag":[],"class_list":{"0":"post-4631","1":"product","2":"type-product","3":"status-publish","4":"has-post-thumbnail","6":"product_cat-universitaetsstile","8":"first","9":"instock","10":"virtual","11":"taxable","12":"purchasable","13":"product-type-simple"},"_links":{"self":[{"href":"https:\/\/citationstyler.com\/en\/wp-json\/wp\/v2\/product\/4631","targetHints":{"allow":["GET"]}}],"collection":[{"href":"https:\/\/citationstyler.com\/en\/wp-json\/wp\/v2\/product"}],"about":[{"href":"https:\/\/citationstyler.com\/en\/wp-json\/wp\/v2\/types\/product"}],"replies":[{"embeddable":true,"href":"https:\/\/citationstyler.com\/en\/wp-json\/wp\/v2\/comments?post=4631"}],"wp:featuredmedia":[{"embeddable":true,"href":"https:\/\/citationstyler.com\/en\/wp-json\/wp\/v2\/media\/1733"}],"wp:attachment":[{"href":"https:\/\/citationstyler.com\/en\/wp-json\/wp\/v2\/media?parent=4631"}],"wp:term":[{"taxonomy":"product_cat","embeddable":true,"href":"https:\/\/citationstyler.com\/en\/wp-json\/wp\/v2\/product_cat?post=4631"},{"taxonomy":"product_tag","embeddable":true,"href":"https:\/\/citationstyler.com\/en\/wp-json\/wp\/v2\/product_tag?post=4631"}],"curies":[{"name":"wp","href":"https:\/\/api.w.org\/{rel}","templated":true}]}}