{"id":4720,"date":"2024-05-22T10:19:25","date_gmt":"2024-05-22T08:19:25","guid":{"rendered":"https:\/\/citationstyler.com\/?post_type=product&#038;p=4720"},"modified":"2026-04-27T17:38:37","modified_gmt":"2026-04-27T15:38:37","slug":"citation-style-zag-zentrum-fur-ausbildung-im-gesundheitswesen-winterthur","status":"publish","type":"product","link":"https:\/\/citationstyler.com\/en\/zitierstile\/zitierstil-zag-zentrum-fur-ausbildung-im-gesundheitswesen-winterthur\/","title":{"rendered":"Zitierstil ZAG &#8211; Zentrum f\u00fcr Ausbildung im Gesundheitswesen Winterthur"},"content":{"rendered":"<h3>Example citations:<\/h3>\n<p><span style=\"text-decoration: underline;\">In text:<\/span><br \/>\n(Isaacson, 2011, ohne Autor, 2012)<br \/>\n(Borges, 1999; David Fincher, 1995; Foderaro, 2012; Hanck\u00e9 et al., 2007; Hawking, 1966; Mares, 2001, S. 244\u2013252)<br \/>\n(Campbell et al., 2007)<\/p>\n<p><span style=\"text-decoration: underline;\">Bibliography:<\/span><br \/>\nBorges, Jorge Luis (1999). Selected non-fictions. E. Weinberger, Hrsg., E. Allen et al., \u00dcbers. In Weinberger, Eliot (Hrsg.), Allen, Esther et al. (\u00dcbers.). 3. Auflage. B\u00e4nde 1\u20133. Band 1. New York, NY. Viking.<br \/>\nCampbell, John L. et al. (2007). The varieties of capitalism and hybrid success. In Comparative Political Studies. 40. 3. S. 307\u2013332.<br \/>\nDavid Fincher (1995). Se7en. DVD. New Line Cinema. Verf\u00fcgbar unter: https:\/\/www.imdb.com\/title\/tt0114369\/?ref_=nv_sr_2?ref_=nv_sr_2.<br \/>\nHanck\u00e9, Bob et al. (Hrsg.) (2007). Beyond varieties of capitalism: Conflict, contradiction, and complementarities in the European economy. Oxford and New York, NY. Oxford University Press.<br \/>\nHawking, Stephen (1966). Properties of expanding universes. Cambridge, UK. University of Cambridge.<br \/>\nIsaacson, Walter (2011). Steve Jobs. New York, NY. Simon &amp; Schuster.<br \/>\nMares, Isabela (2001). Firms and the welfare state: When, why, and how does social policy matter to employers? In Hall, Peter A. et al. (Hrsg.). Varieties of capitalism. The institutional foundations of comparative advantage. S. 184\u2013213. New York. Oxford University Press.<br \/>\nOhne Autor (2012). CSL search by example. Verf\u00fcgbar unter: https:\/\/editor.citationstyles.org\/searchByExample\/ (15.12.2012).<\/p>\n<p>&nbsp;<\/p>\n<p><strong>Warum f\u00fcr den offiziellen ZAG &#8211; Zentrum f\u00fcr Ausbildung im Gesundheitswesen Winterthur Zitierstil bezahlen?<\/strong><\/p>\n<ul>\n<li><strong>High-quality coding:<\/strong> The style has been developed by a <a href=\"https:\/\/citationstyler.com\/en\/professional-zotero-style-developer-csl-expert\/\">experienced Zotero style expert<\/a> and is continuously maintained and updated.<\/li>\n<li><strong>Exclusivity:<\/strong> The style is <strong>no free<\/strong> and thus offers you the certainty that you are getting a <strong>high-quality<\/strong> product.<\/li>\n<li><strong>Fair price<\/strong> The price for the style is significantly cheaper than the cost of a professional proofreading service.<\/li>\n<li><strong>Support of the developer:<\/strong> By purchasing the style, you support the further development and maintenance of the style.<\/li>\n<\/ul>\n<p>&nbsp;<\/p>\n<p><strong>Order now and benefit from the advantages:<\/strong><\/p>\n<ul>\n<li><strong>Fast delivery:<\/strong> You will receive the style by e-mail immediately after receipt of payment.<\/li>\n<li><strong>Simple installation:<\/strong> The style can be installed in your reference management program with just a few clicks.<\/li>\n<li><strong>Secure payment:<\/strong> Pay conveniently and securely by PayPal or credit card.<\/li>\n<\/ul>\n<p>&nbsp;<\/p>\n<h2>Notes about the style<\/h2>\n<p><span style=\"text-decoration: underline;\"><strong>Found an error?<\/strong><\/span><br \/>\nWith complex styles such as this, it can easily lead to discrepancies in special cases. Please consult the citation guidelines first and use a working example to check whether the data is entered <strong>correctly <\/strong>in <strong>Zotero. <\/strong>If it still looks like the style itself has an error, please write to me via <a href=\"mailto:info@citationstyler.com\">info@citationstyler.com<\/a>.<\/p>\n<p><span style=\"text-decoration: underline;\"><strong>Disclaimer<\/strong><\/span><\/p>\n<p>The file is only intended for use on the computer of the person who purchased the citation style. Forwarding the file to other users may be punished as a copyright infringement.<\/p>\n<p>Incorrect data entry or user errors can lead to errors in your output. As the author of your work, you are responsible for any errors and it is recommended that you check all citations.<\/p>","protected":false},"excerpt":{"rendered":"<h3><strong>No more tedious citation formatting!<\/strong><\/h3>\n<p>With the official citation style <b>ZAG &#8211; Zentrum f\u00fcr Ausbildung im Gesundheitswesen Winterthur<\/b> for Zotero, RefWorks, Papers and other reference managers you'll be able to write your thesis error-free and without headaches.<\/p>\n<p><strong>Benefit from:<\/strong><\/p>\n<ul>\n<li><b>Automatic formatting <\/b>by <strong>citations <\/strong>and <strong>your bibliography<\/strong> am Ende. Zur Erstellung des Stils habe ich mich auf folgende Richtlinien vom August 2025 <span id=\"isPasted\">as linked<\/span>.<\/li>\n<li><b>Saving valuable time and stress:<\/b> Forget about hours of manual formatting and concentrate on the essentials: your scientific work.<\/li>\n<li><b>Compatibility with various programs:<\/b> Use the style with Zotero, RefWorks, Papers, Mendeley Desktop and <a href=\"https:\/\/citationstyles.org\/\" target=\"_blank\" rel=\"noopener noreferrer\">many more<\/a> reference managers.<\/li>\n<li><b>Comprehensive support:<\/b> Detailed installation instructions, FAQs and a public library with citation examples will help you to use the style.<\/li>\n<\/ul>","protected":false},"featured_media":4724,"comment_status":"open","ping_status":"closed","template":"","meta":[],"product_cat":[24],"product_tag":[],"class_list":{"0":"post-4720","1":"product","2":"type-product","3":"status-publish","4":"has-post-thumbnail","6":"product_cat-universitaetsstile","8":"first","9":"instock","10":"virtual","11":"taxable","12":"purchasable","13":"product-type-simple"},"_links":{"self":[{"href":"https:\/\/citationstyler.com\/en\/wp-json\/wp\/v2\/product\/4720","targetHints":{"allow":["GET"]}}],"collection":[{"href":"https:\/\/citationstyler.com\/en\/wp-json\/wp\/v2\/product"}],"about":[{"href":"https:\/\/citationstyler.com\/en\/wp-json\/wp\/v2\/types\/product"}],"replies":[{"embeddable":true,"href":"https:\/\/citationstyler.com\/en\/wp-json\/wp\/v2\/comments?post=4720"}],"wp:featuredmedia":[{"embeddable":true,"href":"https:\/\/citationstyler.com\/en\/wp-json\/wp\/v2\/media\/4724"}],"wp:attachment":[{"href":"https:\/\/citationstyler.com\/en\/wp-json\/wp\/v2\/media?parent=4720"}],"wp:term":[{"taxonomy":"product_cat","embeddable":true,"href":"https:\/\/citationstyler.com\/en\/wp-json\/wp\/v2\/product_cat?post=4720"},{"taxonomy":"product_tag","embeddable":true,"href":"https:\/\/citationstyler.com\/en\/wp-json\/wp\/v2\/product_tag?post=4720"}],"curies":[{"name":"wp","href":"https:\/\/api.w.org\/{rel}","templated":true}]}}