{"id":7476,"date":"2024-07-09T17:03:57","date_gmt":"2024-07-09T15:03:57","guid":{"rendered":"https:\/\/citationstyler.com\/?post_type=product&#038;p=7476"},"modified":"2026-04-27T17:38:37","modified_gmt":"2026-04-27T15:38:37","slug":"citation-style-fom-hochschule-juristik","status":"publish","type":"product","link":"https:\/\/citationstyler.com\/en\/zitierstile\/zitierstil-fom-hochschule-juristik\/","title":{"rendered":"Zitierstil FOM Hochschule &#8211; Juristik"},"content":{"rendered":"<h3>Example citations:<\/h3>\n<p><span style=\"text-decoration: underline;\">Footnote:<\/span><br \/>\n<em><sup>1<\/sup> <\/em><span class=\"group\"><span class=\"macro\"><span class=\"names\"><i>Hawking<\/i><\/span><\/span>, <span class=\"text\">Properties of expanding universes<\/span><\/span>; <span class=\"group\"><span class=\"macro\"><span class=\"names\"><i>Borges<\/i><\/span><\/span>, <span class=\"text\">Selected non-fictions<\/span><\/span>; <span class=\"group\"><span class=\"macro\"><span class=\"names\"><i>Campbell<\/i>\/<i>Pedersen<\/i><\/span><\/span>, <span class=\"text\">307<\/span> <span class=\"macro\"><span class=\"text\">(244\u2013252)<\/span><\/span><\/span>.<br \/>\n<em><sup>2<\/sup> <\/em><span class=\"group\"><span class=\"macro\"><span class=\"names\"><i>Mares<\/i><\/span><\/span>, <span class=\"text\">184<\/span> <span class=\"macro\"><span class=\"text\">(244\u2013252)<\/span><\/span><\/span>.<br \/>\n<sup>3<\/sup> <span class=\"group\"><span class=\"macro\"><span class=\"names selected\"><i>Isaacson<\/i><\/span><\/span>, <span class=\"text\">Steve Jobs,<\/span> <span class=\"macro\"><span class=\"text\">244\u2013252<\/span><\/span><\/span>.<br \/>\n<em><sup>4<\/sup> <\/em><span class=\"group\"><span class=\"macro\"><span class=\"text selected\"><i>o. V.<\/i><\/span><\/span>, <span class=\"text\">https:\/\/editor.citationstyles.org\/searchByExample\/,<\/span> <span class=\"date\">15.12.2012<\/span><\/span>.<\/p>\n<p><span style=\"text-decoration: underline;\">Bibliography:<br \/>\n<\/span><span class=\"macro\"><span class=\"names\"><i>Borges<\/i>, Jorge Luis\u00a0\u00a0\u00a0 <\/span><\/span><span class=\"group\"><span class=\"macro\"><span class=\"text\">Selected Non-Fictions<\/span><\/span>, <span class=\"macro\"><span class=\"names\">Weinberger, Eliot (Hrsg.), Allen, Esther\/Levine, Suzanne Jill\/Weinberger, Eliot (\u00dcbers.)<\/span><\/span>, <span class=\"macro\"><span class=\"label\">Bd.<\/span> <span class=\"number\">1<\/span><\/span>, <span class=\"macro\"><span class=\"number\">3.<\/span> <span class=\"text\">Aufl.<\/span><\/span> <span class=\"macro\"><span class=\"text\">New York, NY<\/span><\/span> <span class=\"macro\"><span class=\"date\">1999<br \/>\n<\/span><\/span><\/span><span class=\"macro\"><span class=\"names\"><i>Campbell<\/i>, John L.\/<i>Pedersen<\/i>, Ove K.\u00a0 <\/span><\/span><span class=\"group\"><span class=\"macro\"><span class=\"text\">The Varieties of Capitalism and Hybrid Success<\/span><\/span>, <span class=\"text\">Comp. Polit. Stud.<\/span> <span class=\"macro\"><span class=\"number\">40<\/span><\/span> <span class=\"macro\"><span class=\"date\">2007<\/span><\/span>, <span class=\"macro\"><span class=\"label\">Nr.<\/span> <span class=\"text\">3<\/span>, <span class=\"label\">S.<\/span> <span class=\"text\">307\u2013332<br \/>\n<\/span><\/span><\/span><span class=\"macro\"><span class=\"names\"><i>Hawking<\/i>, Stephen\u00a0\u00a0\u00a0\u00a0 <\/span><\/span><span class=\"group\"><span class=\"macro\"><span class=\"text\">Properties of Expanding Universes<\/span><\/span>, <span class=\"text\">Doctoral thesis,<\/span> <span class=\"macro\"><span class=\"text\">Cambridge, UK<\/span><\/span> <span class=\"macro\"><span class=\"date\">1966<br \/>\n<\/span><\/span><\/span><span class=\"macro\"><span class=\"names\"><i>Isaacson<\/i>, Walter\u00a0\u00a0\u00a0\u00a0 <\/span><\/span><span class=\"group\"><span class=\"macro\"><span class=\"text\">Steve Jobs<\/span><\/span>, <span class=\"macro\"><span class=\"text\">New York, NY<\/span><\/span> <span class=\"macro\"><span class=\"date\">2011<br \/>\n<\/span><\/span><\/span><span class=\"macro\"><span class=\"names\"><i>Mares<\/i>, Isabela\u00a0\u00a0\u00a0\u00a0\u00a0 <\/span><\/span><span class=\"group\"><span class=\"macro\"><span class=\"text\">Firms and the welfare state: When, why, and how does social policy matter to employers?<\/span><\/span>, <span class=\"macro\"><span class=\"text\">in<\/span><\/span>: <span class=\"macro\"><span class=\"names\">Hall, Peter A.\/Soskice, David (Hrsg.)<\/span><\/span>, <span class=\"text\">Varieties of capitalism. The institutional foundations of comparative advantage,<\/span> <span class=\"macro\"><span class=\"text\">New York<\/span><\/span> <span class=\"macro\"><span class=\"date\">2001<\/span><\/span>, <span class=\"macro\"><span class=\"text\">184<br \/>\n<\/span><\/span><\/span><span class=\"macro\"><span class=\"text\"><i>O. V.\u00a0\u00a0\u00a0 <\/i><\/span><\/span><span class=\"group\"><span class=\"macro\"><span class=\"text\">CSL search by example<\/span><\/span>, <span class=\"text\">Citation Style Editor<\/span>, <span class=\"macro\"><span class=\"text\">URL: https:\/\/editor.citationstyles.org\/searchByExample\/,<\/span> <span class=\"text\">Abruf am<\/span> <span class=\"date\">15.12.2012<\/span><\/span><\/span><\/p>\n<p>&nbsp;<\/p>\n<p><strong>Why pay for the FOM Hochschule citation style?<\/strong><\/p>\n<ul>\n<li data-sourcepos=\"17:1-17:130\"><strong>High-quality coding:<\/strong> The style has been developed by a <a href=\"https:\/\/citationstyler.com\/en\/professional-zotero-style-developer-csl-expert\/\">experienced Zotero style expert<\/a> and is continuously maintained and updated.<\/li>\n<li data-sourcepos=\"18:1-18:161\"><strong>Exclusivity:<\/strong> The style is <strong>no free<\/strong> and thus offers you the certainty that you are getting a <strong>high-quality<\/strong> product.<\/li>\n<li data-sourcepos=\"19:1-19:129\"><strong>Fair price<\/strong> The price for the style is significantly cheaper than the cost of a professional proofreading service.<\/li>\n<li data-sourcepos=\"20:1-21:0\"><strong>Support of the developer:<\/strong> By purchasing the style, you support the further development and maintenance of the style.<\/li>\n<\/ul>\n<p>&nbsp;<\/p>\n<p><strong>Order now and benefit from the advantages:<\/strong><\/p>\n<ul>\n<li data-sourcepos=\"26:1-26:87\"><strong>Fast delivery:<\/strong> You will receive the style by e-mail immediately after receipt of payment.<\/li>\n<li data-sourcepos=\"27:1-27:119\"><strong>Simple installation:<\/strong> The style can be installed in your reference management program with just a few clicks.<\/li>\n<li data-sourcepos=\"28:1-29:0\"><strong>Secure payment:<\/strong> Pay conveniently and securely by PayPal or credit card.<\/li>\n<\/ul>\n<p>&nbsp;<\/p>\n<h3>FAQ - Frequently Asked Questions<\/h3>\n<p><span style=\"text-decoration: underline;\"><strong>Only the author and year are shown in the footnote, but no keyword\/short title! The style is wrong!<\/strong><\/span><br \/>\nDer Stil hat das richtig einprogrammiert. Damit der Stil aber auch dieses Feld anzeigen kann, <strong>muss auch Text im Kurztitelfeld vorhanden sein<\/strong>. In den meisten F\u00e4llen muss der Kurztitel manuell eingegeben werden, da Metadaten vom Internet normalerweise keine Kurztitel enthalten. Bitte also erst \u00fcberpr\u00fcfen, ob der Kurztitel auch in deiner Zitiersoftware eingegeben ist.<\/p>\n<p><span style=\"text-decoration: underline;\"><strong>Which item type should I choose and how should I enter the metadata to get the right output?<\/strong><\/span><br \/>\nTo make things a little easier for you, I am providing you with the following public library, which should help you how to enter the data accurately in order to get the correct representation in footnotes and bibliography.<br \/>\n<a id=\"isPasted\" href=\"https:\/\/www.zotero.org\/groups\/2583327\/fom_zitierbeispiele\/library\" target=\"_blank\" rel=\"noopener noreferrer\">https:\/\/www.zotero.org\/groups\/2583327\/fom_zitierbeispiele\/library<\/a><u><\/u><u><\/u><\/p>\n<p><span style=\"text-decoration: underline;\"><strong>&#8222;vgl.&#8220; fehlt? Wie kann ich das bewerkstelligen?<\/strong><\/span><br \/>\nThis can be added in Zotero using the Prefix field. To do this, click on the citation in Word and a field will appear to add the <strong>pre-<\/strong> and <strong>suffix<\/strong>, as well as the exact <strong>page <\/strong>you want to cite. See the <a href=\"https:\/\/www.zotero.org\/support\/word_processor_plugin_usage\" target=\"_blank\" rel=\"noopener\">following guide on how to do this<\/a>.<u><\/u><u><\/u><\/p>\n<p><span style=\"text-decoration: underline;\"><strong>My footnote numbering style is incorrect. How can I change it?<\/strong><\/span><br \/>\nThe footnote numbering is NOT managed by the citation style, but by Word. You can therefore change this yourself in Word. The citation style has no control over this. Please seek Word-specific help for this.<u><\/u><\/p>\n<p><span style=\"text-decoration: underline;\"><strong>How can I format legal texts in the bibliography without citing them in the footnotes?<\/strong><\/span><u><strong><br \/>\n<\/strong><\/u>Die Richtlinien sagen vor, dass Gesetzestexte nur im Flie\u00dftext und nicht in der Fu\u00dfnote erscheinen sollen. Solche Quellen also manuell im Text zitieren und die Quellen aus Zotero k\u00f6nnen dann mittels &#8222;Add\/Edit Bibliographie&#8220; noch extra eingef\u00fcgt werden.<\/p>\n<p><span style=\"text-decoration: underline;\"><strong>How do I get the right format for laws and case law?<\/strong><\/span><u><strong><br \/>\n<\/strong><\/u>Das &#8222;ge\u00e4ndert durch Gesetz vom Datum&#8220; wir folgenderma\u00dfen im Extrafeld eingegeben: <em>submitted: 22-12-2011<br \/>\n<\/em>The page reference for jurisdictions is entered in the extra field as follows: <em>pages: 593-605<br \/>\n<\/em><\/p>\n<p><span style=\"text-decoration: underline;\"><strong>Found an error?<\/strong><\/span><br \/>\nWith complex styles such as this, it can easily lead to discrepancies in special cases. Please consult the citation guidelines first and use a working example to check whether the data is entered <strong>correctly <\/strong>in <strong>Zotero. <\/strong>If it still looks like the style itself has an error, please write to me via <a href=\"mailto:info@citationstyler.com\">info@citationstyler.com<\/a>.<\/p>\n<p><span style=\"text-decoration: underline;\"><strong>Disclaimer<\/strong><\/span><br \/>\nThe file is only intended for use on the computer of the person who purchased the citation style. Forwarding the file to other users may be punished as a copyright infringement.<\/p>\n<p>Incorrect data entry or user errors can lead to errors in your output. As the author of your work, you are responsible for any errors and it is recommended that you check all citations.<\/p>","protected":false},"excerpt":{"rendered":"<h3>No more tedious citation formatting!<\/h3>\n<p>With the official citation style for <b>FOM Hochschule &#8211; Juristik\/Jura<\/b> for Zotero, RefWorks, Papers and other reference managers you'll be able to write your thesis error-free and without headaches.<\/p>\n<p><b>Benefit from:<\/b><\/p>\n<ul>\n<li><b>Automatic formatting <\/b>von Zitaten in der Fu\u00dfnote oder im Flie\u00dftext und ein Literaturverzeichnis. Zur Erstellung des Stils habe ich mich auf die Richtlinien bezogen: Februar 2022 (Prof. Dr. Olaf M\u00fcller-Michaels und Amort)<\/li>\n<li><b>Saving valuable time and stress:<\/b> Forget about hours of manual formatting and concentrate on the essentials: your scientific work.<\/li>\n<li><b>Compatibility with various programs:<\/b> Use the style with Zotero, RefWorks, Papers, Mendeley Desktop and <a href=\"https:\/\/citationstyles.org\/\" target=\"_blank\" rel=\"noopener noreferrer\">many more<\/a> reference managers.<\/li>\n<li><b>Comprehensive support:<\/b> Detailed installation instructions, FAQs and a public library with citation examples will help you to use the style.<\/li>\n<\/ul>","protected":false},"featured_media":7477,"comment_status":"open","ping_status":"closed","template":"","meta":[],"product_cat":[24],"product_tag":[],"class_list":{"0":"post-7476","1":"product","2":"type-product","3":"status-publish","4":"has-post-thumbnail","6":"product_cat-universitaetsstile","8":"first","9":"instock","10":"featured","11":"virtual","12":"taxable","13":"purchasable","14":"product-type-simple"},"_links":{"self":[{"href":"https:\/\/citationstyler.com\/en\/wp-json\/wp\/v2\/product\/7476","targetHints":{"allow":["GET"]}}],"collection":[{"href":"https:\/\/citationstyler.com\/en\/wp-json\/wp\/v2\/product"}],"about":[{"href":"https:\/\/citationstyler.com\/en\/wp-json\/wp\/v2\/types\/product"}],"replies":[{"embeddable":true,"href":"https:\/\/citationstyler.com\/en\/wp-json\/wp\/v2\/comments?post=7476"}],"wp:featuredmedia":[{"embeddable":true,"href":"https:\/\/citationstyler.com\/en\/wp-json\/wp\/v2\/media\/7477"}],"wp:attachment":[{"href":"https:\/\/citationstyler.com\/en\/wp-json\/wp\/v2\/media?parent=7476"}],"wp:term":[{"taxonomy":"product_cat","embeddable":true,"href":"https:\/\/citationstyler.com\/en\/wp-json\/wp\/v2\/product_cat?post=7476"},{"taxonomy":"product_tag","embeddable":true,"href":"https:\/\/citationstyler.com\/en\/wp-json\/wp\/v2\/product_tag?post=7476"}],"curies":[{"name":"wp","href":"https:\/\/api.w.org\/{rel}","templated":true}]}}