{"id":9848,"date":"2024-09-06T11:45:25","date_gmt":"2024-09-06T09:45:25","guid":{"rendered":"https:\/\/citationstyler.com\/?post_type=product&#038;p=9848"},"modified":"2026-04-27T17:38:37","modified_gmt":"2026-04-27T15:38:37","slug":"citation-style-hochschule-karlsruhe-kommunikation-und-medienmanagement","status":"publish","type":"product","link":"https:\/\/citationstyler.com\/en\/zitierstile\/zitierstil-hochschule-karlsruhe-kommunikation-und-medienmanagement\/","title":{"rendered":"Zitierstil Hochschule Karlsruhe &#8211; Kommunikation und Medienmanagement"},"content":{"rendered":"<p>Dieser Zitierstil erstellt <strong>Zitierungen<\/strong> und <strong>Literaturverzeichnis<\/strong> am Ende.<\/p>\n<h3>Beispielzitierungen:<\/h3>\n<p><span style=\"text-decoration: underline;\">Autor-Datum:<\/span><\/p>\n<div id=\"formattedCitations\">\n<div class=\"csl-entry-container\">\n<div class=\"inline-csl-entry\">(<span class=\"group\"><span class=\"macro\"><span class=\"names\">Borges<\/span><\/span> <span class=\"macro\"><span class=\"date\">1999<\/span><\/span><\/span>; <span class=\"group\"><span class=\"macro\"><span class=\"names\">Campbell\/Pedersen<\/span><\/span> <span class=\"macro\"><span class=\"date\">2007<\/span><\/span>:<span class=\"macro\"><span class=\"text\">244\u2013252<\/span><\/span><\/span>)<\/div>\n<div>(<span class=\"group\"><span class=\"macro\"><span class=\"names\">Foderaro<\/span><\/span> <span class=\"macro\"><span class=\"date\">2012<\/span><\/span>:<span class=\"macro\"><span class=\"label\">Kap.<\/span> <span class=\"text\">5<\/span><\/span><\/span>; <span class=\"group\"><span class=\"macro\"><span class=\"names\">Hanck\u00e9\/Rhodes\/Thatcher<\/span><\/span> <span class=\"macro\"><span class=\"date\">2007<\/span><\/span><\/span>; <span class=\"group\"><span class=\"macro\"><span class=\"names\">Hawking<\/span><\/span> <span class=\"macro\"><span class=\"date\">1966<\/span><\/span><\/span>, <span class=\"group\"><span class=\"macro\"><span class=\"text\">o. A.<\/span><\/span> <span class=\"macro\"><span class=\"date\">2012<\/span><\/span><\/span>)<\/div>\n<\/div>\n<div class=\"csl-entry-container\">\n<div class=\"inline-csl-entry\">(<span class=\"group\"><span class=\"macro\"><span class=\"names\">Isaacson<\/span><\/span> <span class=\"macro\"><span class=\"date\">2011<\/span><\/span><\/span>; <span class=\"group\"><span class=\"macro\"><span class=\"names\">Mares<\/span><\/span> <span class=\"macro\"><span class=\"date\">2001<\/span><\/span>:<span class=\"macro\"><span class=\"text\">244\u2013252<\/span><\/span><\/span>)<\/div>\n<\/div>\n<\/div>\n<p><span style=\"text-decoration: underline;\">Literaturverzeichnis:<\/span><u><br \/>\n<\/u><\/p>\n<div id=\"formattedBibliography\">\n<div id=\"formattedBibliography\">\n<div id=\"formattedBibliography\">\n<div class=\"csl-entry-container\">\n<div class=\"bibliography-csl-entry\">\n<div class=\"csl-entry\">\n<div id=\"formattedBibliography\">\n<div class=\"csl-entry-container\">\n<div class=\"bibliography-csl-entry\">\n<div class=\"csl-entry\"><span class=\"group\"><span class=\"macro\"><span class=\"names\">Borges, Jorge Luis<\/span> (<span class=\"date\">1999<\/span>): <span class=\"text\">Selected non-fictions.<\/span> <span class=\"number\">3.<\/span> <span class=\"text\">Aufl.<\/span> <span class=\"label\">Bd.<\/span> <span class=\"text\">1<\/span><\/span>. <span class=\"macro\"><span class=\"text\">New York, NY<\/span> : <span class=\"text\">Viking<\/span><\/span><\/span><\/div>\n<\/div>\n<\/div>\n<div class=\"csl-entry-container\">\n<div class=\"bibliography-csl-entry\">\n<div class=\"csl-entry\"><span class=\"group\"><span class=\"macro\"><span class=\"names\">Campbell, John L. \/ Pedersen, Ove K.<\/span> (<span class=\"date\">2007<\/span>): <span class=\"text\">\u201eThe varieties of capitalism and hybrid success\u201c<\/span><\/span>. <span class=\"macro\"><span class=\"text\">In:<\/span> <span class=\"text\">Comparative Political Studies<\/span>, <span class=\"text\">40,<\/span> <span class=\"text\">3,<\/span> <span class=\"text\">307\u2013332<\/span><\/span><\/span><\/div>\n<\/div>\n<\/div>\n<div class=\"csl-entry-container\">\n<div class=\"bibliography-csl-entry\">\n<div class=\"csl-entry\"><span class=\"group\"><span class=\"macro\"><span class=\"names\">Foderaro, Lisa W.<\/span> (<span class=\"date\">2012<\/span>): <span class=\"text\">\u201eRooftop greenhouse will boost city farming\u201c<\/span><\/span>. <span class=\"macro\"><span class=\"text\">In:<\/span> <span class=\"text\">New York Times<\/span>, <span class=\"text\">A20<\/span><\/span><\/span><\/div>\n<\/div>\n<\/div>\n<div class=\"csl-entry-container\">\n<div class=\"bibliography-csl-entry\">\n<div class=\"csl-entry\"><span class=\"group\"><span class=\"macro\"><span class=\"names\">Hanck\u00e9, Bob \/ Rhodes, Martin \/ Thatcher, Mark (Hrsg.)<\/span> (<span class=\"date\">2007<\/span>): <span class=\"text\">Beyond varieties of capitalism: Conflict, contradiction, and complementarities in the European economy<\/span><\/span>. <span class=\"macro\"><span class=\"text\">Oxford and New York, NY<\/span> : <span class=\"text\">Oxford University Press<\/span><\/span><\/span><\/div>\n<\/div>\n<\/div>\n<div class=\"csl-entry-container\">\n<div class=\"bibliography-csl-entry\">\n<div class=\"csl-entry\"><span class=\"group\"><span class=\"macro\"><span class=\"names\">Hawking, Stephen<\/span> (<span class=\"date\">1966<\/span>): <span class=\"text\">Properties of expanding universes<\/span> (<span class=\"text\">Doctoral thesis<\/span>)<\/span>. <span class=\"macro\"><span class=\"text\">University of Cambridge,<\/span> <span class=\"text\">Doctoral thesis<\/span><\/span><\/span><\/div>\n<\/div>\n<\/div>\n<div class=\"csl-entry-container\">\n<div class=\"bibliography-csl-entry\">\n<div class=\"csl-entry\"><span class=\"group\"><span class=\"macro\"><span class=\"names\">Isaacson, Walter<\/span> (<span class=\"date\">2011<\/span>): <span class=\"text\">Steve Jobs<\/span><\/span>. <span class=\"macro\"><span class=\"text\">New York, NY<\/span> : <span class=\"text\">Simon &amp; Schuster<\/span><\/span><\/span><\/div>\n<\/div>\n<\/div>\n<div class=\"csl-entry-container\">\n<div class=\"bibliography-csl-entry\">\n<div class=\"csl-entry\"><span class=\"group\"><span class=\"macro\"><span class=\"names\">Mares, Isabela<\/span> (<span class=\"date\">2001<\/span>): <span class=\"text\">\u201eFirms and the welfare state: When, why, and how does social policy matter to employers?\u201c<\/span><\/span> <span class=\"macro\"><span class=\"text\">In:<\/span> <span class=\"names\">Hall, Peter A. \/ Soskice, David (Hrsg.)<\/span> <span class=\"date\">(2001)<\/span>: <span class=\"text\">Varieties of capitalism. The institutional foundations of comparative advantage<\/span><\/span>. <span class=\"macro\"><span class=\"text\">New York<\/span> : <span class=\"text\">Oxford University Press<\/span>, <span class=\"text\">184\u2013213<\/span><\/span><\/span><\/div>\n<\/div>\n<\/div>\n<div class=\"csl-entry-container\">\n<div class=\"bibliography-csl-entry\">\n<div class=\"csl-entry\"><span class=\"group\"><span class=\"macro\"><span class=\"text\">O. A.<\/span> (<span class=\"date\">2012<\/span>): <span class=\"text\">\u201eCSL search by example\u201c<\/span><\/span>.<\/span> <span class=\"macro\"><span class=\"group\"><span class=\"text\">&lt;https:\/\/editor.citationstyles.org\/searchByExample\/&gt;<\/span> [Stand: 07.08.2010. <span class=\"text\">Zugriff:<\/span> <span class=\"date\">15.12.2012<\/span>]<\/span><\/span><\/div>\n<\/div>\n<\/div>\n<\/div>\n<p><span class=\"group\"><span class=\"macro\"><span class=\"names\">\u00a0<\/span><\/span><\/span><\/p>\n<\/div>\n<\/div>\n<\/div>\n<\/div>\n<\/div>\n<\/div>\n<p>&nbsp;<\/p>\n<p id=\"isPasted\" data-sourcepos=\"15:1-15:54\"><strong>Warum f\u00fcr den offiziellen Hochschule Karlsruhe &#8211; Kommunikation und Medienmanagement Zitierstil bezahlen?<\/strong><\/p>\n<ul data-sourcepos=\"17:1-21:0\">\n<li data-sourcepos=\"17:1-17:130\"><strong>Hochwertige Programmierung:<\/strong> Der Stil wurde von einem <a href=\"https:\/\/citationstyler.com\/professioneller-zotero-stilentwickler-csl-experte\/\">erfahrenen Zitierstilexperten<\/a> entwickelt und wird st\u00e4ndig aktualisiert.<\/li>\n<li data-sourcepos=\"18:1-18:161\"><strong>Exklusivit\u00e4t:<\/strong> Der Stil ist <strong>nicht kostenlos<\/strong> erh\u00e4ltlich und bietet Ihnen somit die Gewissheit, dass Sie ein <strong>qualitativ hochwertiges Produkt<\/strong> erwerben.<\/li>\n<li data-sourcepos=\"19:1-19:129\"><strong>Faire Preise:<\/strong> Der Preis f\u00fcr den Stil ist deutlich g\u00fcnstiger als die Kosten f\u00fcr eine professionelle Lektoratsdienstleistung.<\/li>\n<li data-sourcepos=\"20:1-21:0\"><strong>Unterst\u00fctzung des Entwicklers:<\/strong> Mit dem Kauf des Stils unterst\u00fctzen Sie die weitere Entwicklung und Pflege des Stils.<\/li>\n<\/ul>\n<p>&nbsp;<\/p>\n<p id=\"isPasted\" data-sourcepos=\"24:1-24:62\"><strong>Bestellen Sie jetzt und profitieren Sie von den Vorteilen:<\/strong><\/p>\n<ul data-sourcepos=\"26:1-29:0\">\n<li data-sourcepos=\"26:1-26:87\"><strong>Schnelle Lieferung:<\/strong> Du erh\u00e4ltst den Stil sofort nach Zahlungseingang per E-Mail.<\/li>\n<li data-sourcepos=\"27:1-27:119\"><strong>Einfache Installation:<\/strong> Der Stil l\u00e4sst sich mit wenigen Klicks in deinem Literaturverwaltungsprogramm installieren.<\/li>\n<li data-sourcepos=\"28:1-29:0\"><strong>Sichere Bezahlung:<\/strong> Bezahle bequem und sicher per PayPal oder Kreditkarte.<\/li>\n<\/ul>\n<p>&nbsp;<\/p>\n<h3>Hinweise zum Zitierstil<\/h3>\n<p><span style=\"text-decoration: underline;\"><strong>&#8222;vgl. fehlt?<\/strong><\/span><br \/>\nDies kann in Zotero mittels des Pr\u00e4fix Felds hinzugef\u00fcgt werden. Dazu in Word auf die Zitierung klicken und es erscheint ein Feld, um <strong>Pr\u00e4-<\/strong> und <strong>Suffix<\/strong>, als auch die genau <strong>Seitenzahl <\/strong>anzugeben. Siehe hierzu <a href=\"https:\/\/www.zotero.org\/support\/word_processor_plugin_usage\" target=\"_blank\" rel=\"noopener noreferrer\">folgenden<\/a> Artikel.<\/p>\n<p><span style=\"text-decoration: underline;\"><strong>Die Richtlinien geben vor, dass das Buch, das ein Kapitel enth\u00e4lt, auch im Literaturverzeichnis erscheint.<\/strong><\/span><u><strong><br \/>\n<\/strong><\/u>Eintr\u00e4ge, die nicht im Lauftext zitiert wurden, k\u00f6nnen nachtr\u00e4glich noch in ein Literaturverzeichnis mittels des &#8222;Add\/Edit Bibliography&#8220; Buttons eingetragen werden. Das bei Buchkapiteln dann aber der Buchtitel nicht im LVZ ausgegeben wird ist technisch nicht m\u00f6glich, kann aber vor Abgabe noch manuell nachgearbeitet werden.<u><strong><br \/>\n<\/strong><\/u><\/p>\n<p><span style=\"text-decoration: underline;\"><strong>&#8222;o. A.&#8220; wird nicht mit kleinem &#8222;o&#8220; geschrieben?<\/strong><\/span><br \/>\nDer Stil hat das kleine o richtig einprogrammiert. Es kann aber sein, dass dein Schreibprogramm (Word, LibreOffice&#8230;) eine automatische Gro\u00dfschreibung am Satzanfang hat. Dies kann sehr wahrscheinlich abgeschalten werden. Hierzu bitte den Herausgeber der jeweiligen Software kontaktieren, da dies au\u00dferhalb dieses Stiles lieg.<\/p>\n<p><span style=\"text-decoration: underline;\"><strong>Wie kann ich das &#8222;Stand: 21.02.2012&#8220; bei Internetseiten erreichen?<\/strong><\/span><br \/>\nHierzu kannst du folgendes ins Extrafeld in Zotero eingeben:<br \/>\n<em>submitted: 15-03-2024<\/em><\/p>\n<p><span style=\"text-decoration: underline;\"><strong>Fehler im Stil?<\/strong><\/span><u><strong><br \/>\n<\/strong><\/u>Die Datei ist nur zum Gebrauch auf dem Computer derjenigen Person bestimmt, die den Zitierstil gekauft hat. Das Weiterleiten der Datei an weitere Nutzer kann als Urheberrechtsversto\u00df geahndet werden.<\/p>\n<p>Falsche Dateneingabe oder Benutzeranwendungen k\u00f6nnen zu Fehlern sorgen. Als Autor deiner Arbeit bist du f\u00fcr etwaige Fehler selbst verantwortlich und es wird auf die Kontrolle aller Zitate empfohlen.<strong id=\"isPasted\"><\/strong><\/p>\n","protected":false},"excerpt":{"rendered":"<h3>No more tedious citation formatting!<\/h3>\n<p>With the official <strong><span id=\"isPasted\">citation style <\/span>f\u00fcr die Hochschule Karlsruhe &#8211; Kommunikation und Medienmanagement<\/strong> for Zotero, RefWorks, Papers and other reference managers you'll be able to write your thesis error-free and without headaches.<\/p>\n<p>Benefit from:<\/p>\n<ul>\n<li><strong>Automatic formatting <\/strong>von Zitaten im Text und Literaturverzeichnis gem\u00e4\u00df den <strong>aktuellen Richtlinien: 08.11.2021<br \/>\n<\/strong><\/li>\n<li><strong>Saving valuable time and stress:<\/strong> Forget about hours of manual formatting and concentrate on the essentials: your scientific work.<\/li>\n<li><strong>Compatibility with various programs:<\/strong> Use the style with Zotero, RefWorks, Papers, Mendeley Desktop and <a href=\"https:\/\/citationstyles.org\/\" target=\"_blank\" rel=\"noopener noreferrer\">many more<\/a> reference managers.<\/li>\n<li><strong>Comprehensive support:<\/strong> Detailed installation instructions, FAQs and a public library with citation examples will help you to use the style.<\/li>\n<\/ul>","protected":false},"featured_media":9850,"comment_status":"open","ping_status":"closed","template":"","meta":[],"product_cat":[24],"product_tag":[],"class_list":{"0":"post-9848","1":"product","2":"type-product","3":"status-publish","4":"has-post-thumbnail","6":"product_cat-universitaetsstile","8":"first","9":"instock","10":"virtual","11":"taxable","12":"purchasable","13":"product-type-simple"},"_links":{"self":[{"href":"https:\/\/citationstyler.com\/en\/wp-json\/wp\/v2\/product\/9848","targetHints":{"allow":["GET"]}}],"collection":[{"href":"https:\/\/citationstyler.com\/en\/wp-json\/wp\/v2\/product"}],"about":[{"href":"https:\/\/citationstyler.com\/en\/wp-json\/wp\/v2\/types\/product"}],"replies":[{"embeddable":true,"href":"https:\/\/citationstyler.com\/en\/wp-json\/wp\/v2\/comments?post=9848"}],"wp:featuredmedia":[{"embeddable":true,"href":"https:\/\/citationstyler.com\/en\/wp-json\/wp\/v2\/media\/9850"}],"wp:attachment":[{"href":"https:\/\/citationstyler.com\/en\/wp-json\/wp\/v2\/media?parent=9848"}],"wp:term":[{"taxonomy":"product_cat","embeddable":true,"href":"https:\/\/citationstyler.com\/en\/wp-json\/wp\/v2\/product_cat?post=9848"},{"taxonomy":"product_tag","embeddable":true,"href":"https:\/\/citationstyler.com\/en\/wp-json\/wp\/v2\/product_tag?post=9848"}],"curies":[{"name":"wp","href":"https:\/\/api.w.org\/{rel}","templated":true}]}}